{"id":3844,"date":"2024-10-03T15:47:49","date_gmt":"2024-10-03T15:47:49","guid":{"rendered":"https:\/\/artesanatodotocantins.com.br\/product\/brinco-capim-dourado-mandala-3\/"},"modified":"2025-10-13T16:50:49","modified_gmt":"2025-10-13T16:50:49","slug":"brinco-capim-dourado-mandala-3","status":"publish","type":"product","link":"https:\/\/artesanatodotocantins.com.br\/en\/product\/brinco-capim-dourado-mandala-3\/","title":{"rendered":"Brinco Capim Dourado mandala"},"content":{"rendered":"<p>Produto:\u00a0<\/p>\n<p>Ap\u00f3s realizar a compra verificar disponibilidade da cor e base disponivel<\/p>\n<p>Peso M\u00e9dio do Produto: 3 a 10 gramas<br \/>Embalagem:<br \/>Peso com embalagem medio de envio: 120 gramas<\/p>\n<p>Tamanho da Caixa Aproximadado: 16cm x 6cm x 11cm<\/p>\n<p>\u00a0<\/p>\n<p>O\u00a0<strong data-start=\"757\" data-end=\"793\">Brinco Artesanal<\/strong>\u00a0de capim dourado com materiais complementares, resultando em uma pe\u00e7a \u00fanica e sofisticada. Feito \u00e0 m\u00e3o por artes\u00e3s do Tocantins, cada colar reflete exclusividade, Leveza e elegancia. \u00e9 perfeito para quem valoriza a beleza natural e deseja carregar um peda\u00e7o da cultura brasileira em seu estilo.<\/p>","protected":false},"excerpt":{"rendered":"<p>Tamanhos aproximados:(Podendo variar por ser artesanal<\/p>\n<p>Altura: 4,5 cm<br \/>Largura: 2,5 cm<\/p>","protected":false},"featured_media":3843,"comment_status":"open","ping_status":"closed","template":"","meta":{"_gspb_post_css":"","_uag_custom_page_level_css":""},"product_brand":[],"product_cat":[53],"product_tag":[],"class_list":{"0":"post-3844","1":"product","2":"type-product","3":"status-publish","4":"has-post-thumbnail","6":"product_cat-brincos","8":"first","9":"instock","10":"shipping-taxable","11":"purchasable","12":"product-type-simple"},"aioseo_notices":[],"ct_brands":[],"uagb_featured_image_src":{"full":["https:\/\/artesanatodotocantins.com.br\/wp-content\/uploads\/2024\/10\/15272302203-img-20240514-wa0074.jpg",1496,1496,false],"thumbnail":["https:\/\/artesanatodotocantins.com.br\/wp-content\/uploads\/2024\/10\/15272302203-img-20240514-wa0074-150x150.jpg",150,150,true],"medium":["https:\/\/artesanatodotocantins.com.br\/wp-content\/uploads\/2024\/10\/15272302203-img-20240514-wa0074-300x300.jpg",300,300,true],"medium_large":["https:\/\/artesanatodotocantins.com.br\/wp-content\/uploads\/2024\/10\/15272302203-img-20240514-wa0074-768x768.jpg",768,768,true],"large":["https:\/\/artesanatodotocantins.com.br\/wp-content\/uploads\/2024\/10\/15272302203-img-20240514-wa0074-1024x1024.jpg",1024,1024,true],"1536x1536":["https:\/\/artesanatodotocantins.com.br\/wp-content\/uploads\/2024\/10\/15272302203-img-20240514-wa0074.jpg",1496,1496,false],"2048x2048":["https:\/\/artesanatodotocantins.com.br\/wp-content\/uploads\/2024\/10\/15272302203-img-20240514-wa0074.jpg",1496,1496,false],"trp-custom-language-flag":["https:\/\/artesanatodotocantins.com.br\/wp-content\/uploads\/2024\/10\/15272302203-img-20240514-wa0074.jpg",12,12,false],"woocommerce_archive_thumbnail":["https:\/\/artesanatodotocantins.com.br\/wp-content\/uploads\/2024\/10\/15272302203-img-20240514-wa0074-500x500.jpg",500,500,true],"woocommerce_thumbnail":["https:\/\/artesanatodotocantins.com.br\/wp-content\/uploads\/2024\/10\/15272302203-img-20240514-wa0074-300x300.jpg",300,300,true],"woocommerce_single":["https:\/\/artesanatodotocantins.com.br\/wp-content\/uploads\/2024\/10\/15272302203-img-20240514-wa0074-800x800.jpg",800,800,true],"woocommerce_gallery_thumbnail":["https:\/\/artesanatodotocantins.com.br\/wp-content\/uploads\/2024\/10\/15272302203-img-20240514-wa0074-300x300.jpg",300,300,true]},"uagb_author_info":{"display_name":"GEOVANNE MACHADO","author_link":"https:\/\/artesanatodotocantins.com.br\/en\/author\/"},"uagb_comment_info":0,"uagb_excerpt":"Tamanhos aproximados:(Podendo variar por ser artesanal Altura: 4,5 cmLargura: 2,5 cm","_links":{"self":[{"href":"https:\/\/artesanatodotocantins.com.br\/en\/wp-json\/wp\/v2\/product\/3844","targetHints":{"allow":["GET"]}}],"collection":[{"href":"https:\/\/artesanatodotocantins.com.br\/en\/wp-json\/wp\/v2\/product"}],"about":[{"href":"https:\/\/artesanatodotocantins.com.br\/en\/wp-json\/wp\/v2\/types\/product"}],"replies":[{"embeddable":true,"href":"https:\/\/artesanatodotocantins.com.br\/en\/wp-json\/wp\/v2\/comments?post=3844"}],"wp:featuredmedia":[{"embeddable":true,"href":"https:\/\/artesanatodotocantins.com.br\/en\/wp-json\/wp\/v2\/media\/3843"}],"wp:attachment":[{"href":"https:\/\/artesanatodotocantins.com.br\/en\/wp-json\/wp\/v2\/media?parent=3844"}],"wp:term":[{"taxonomy":"product_brand","embeddable":true,"href":"https:\/\/artesanatodotocantins.com.br\/en\/wp-json\/wp\/v2\/product_brand?post=3844"},{"taxonomy":"product_cat","embeddable":true,"href":"https:\/\/artesanatodotocantins.com.br\/en\/wp-json\/wp\/v2\/product_cat?post=3844"},{"taxonomy":"product_tag","embeddable":true,"href":"https:\/\/artesanatodotocantins.com.br\/en\/wp-json\/wp\/v2\/product_tag?post=3844"}],"curies":[{"name":"wp","href":"https:\/\/api.w.org\/{rel}","templated":true}]}}