{"id":4011,"date":"2025-02-20T19:38:02","date_gmt":"2025-02-20T19:38:02","guid":{"rendered":"https:\/\/artesanatodotocantins.com.br\/product\/relogio-mandala-linha-dourada-12cm\/"},"modified":"2026-04-01T19:04:49","modified_gmt":"2026-04-01T19:04:49","slug":"relogio-mandala-linha-dourada-12cm","status":"publish","type":"product","link":"https:\/\/artesanatodotocantins.com.br\/en\/product\/relogio-mandala-linha-dourada-12cm\/","title":{"rendered":"Relogio mandala de Capim Dourado Linha Dourado 12cm"},"content":{"rendered":"<p>Produto:\u00a0<\/p>\n<p>Peso M\u00e9dio do Produto: 55 gramas<br \/>Tamanho Linear do Produto Aproximado: 12 x 12cm<br \/>Embalagem:<br \/>Peso com embalagem medio de envio: 200 gramas<\/p>\n<p>Tamanho da Caixa Aproximadado: 20cm x 20cm x 20cm<\/p>\n<p data-start=\"697\" data-end=\"770\">\u00a0<\/p>\n<p data-start=\"248\" data-end=\"511\">\u00a0<\/p>\n<p data-start=\"248\" data-end=\"511\">O <strong data-start=\"250\" data-end=\"278\">Rel\u00f3gio de Capim Dourado<\/strong> \u00e9 uma pe\u00e7a artesanal \u00fanica, que combina funcionalidade e beleza natural. Produzido manualmente com o brilho caracter\u00edstico do capim dourado, ele traz um toque sofisticado e regional \u00e0 decora\u00e7\u00e3o, valorizando a cultura do Tocantins.<\/p>\n<p data-start=\"513\" data-end=\"824\">Seu acabamento tran\u00e7ado \u00e0 m\u00e3o destaca o artesanato tradicional, enquanto o mecanismo do rel\u00f3gio garante precis\u00e3o e praticidade no uso di\u00e1rio. Ideal para salas, quartos, escrit\u00f3rios ou como presente especial, o rel\u00f3gio se transforma em um item decorativo elegante e sustent\u00e1vel, carregado de identidade cultural.<\/p>\n<p>\u00a0<\/p>\n<p data-start=\"826\" data-end=\"969\">Cada pe\u00e7a \u00e9 exclusiva, feita com cuidado, dedica\u00e7\u00e3o e materiais naturais \u2014 perfeita para quem aprecia arte, estilo e hist\u00f3ria em um s\u00f3 produto.<\/p>","protected":false},"excerpt":{"rendered":"<p>Produto:\u00a0 Peso M\u00e9dio do Produto: 55 gramasTamanho Linear do Produto Aproximado: 12 x 12cmEmbalagem:Peso com embalagem medio de envio: 200 gramas Tamanho da Caixa Aproximadado: 20cm x 20cm x 20cm \u00a0 \u00a0 O Rel\u00f3gio de Capim Dourado \u00e9 uma pe\u00e7a artesanal \u00fanica, que combina funcionalidade e beleza natural. Produzido manualmente com o brilho caracter\u00edstico do [&hellip;]<\/p>\n","protected":false},"featured_media":6445,"comment_status":"open","ping_status":"closed","template":"","meta":{"_gspb_post_css":"","_uag_custom_page_level_css":""},"product_brand":[],"product_cat":[15],"product_tag":[],"class_list":{"0":"post-4011","1":"product","2":"type-product","3":"status-publish","4":"has-post-thumbnail","6":"product_cat-relogios","8":"first","9":"instock","10":"shipping-taxable","11":"purchasable","12":"product-type-simple"},"aioseo_notices":[],"ct_brands":[],"uagb_featured_image_src":{"full":["https:\/\/artesanatodotocantins.com.br\/wp-content\/uploads\/2025\/11\/15395904039-15258571986-whatsapp-image-2024-03-18-at-16-10-03-2.jpeg",1496,1496,false],"thumbnail":["https:\/\/artesanatodotocantins.com.br\/wp-content\/uploads\/2025\/11\/15395904039-15258571986-whatsapp-image-2024-03-18-at-16-10-03-2-150x150.jpeg",150,150,true],"medium":["https:\/\/artesanatodotocantins.com.br\/wp-content\/uploads\/2025\/11\/15395904039-15258571986-whatsapp-image-2024-03-18-at-16-10-03-2-300x300.jpeg",300,300,true],"medium_large":["https:\/\/artesanatodotocantins.com.br\/wp-content\/uploads\/2025\/11\/15395904039-15258571986-whatsapp-image-2024-03-18-at-16-10-03-2-768x768.jpeg",768,768,true],"large":["https:\/\/artesanatodotocantins.com.br\/wp-content\/uploads\/2025\/11\/15395904039-15258571986-whatsapp-image-2024-03-18-at-16-10-03-2-1024x1024.jpeg",1024,1024,true],"1536x1536":["https:\/\/artesanatodotocantins.com.br\/wp-content\/uploads\/2025\/11\/15395904039-15258571986-whatsapp-image-2024-03-18-at-16-10-03-2.jpeg",1496,1496,false],"2048x2048":["https:\/\/artesanatodotocantins.com.br\/wp-content\/uploads\/2025\/11\/15395904039-15258571986-whatsapp-image-2024-03-18-at-16-10-03-2.jpeg",1496,1496,false],"trp-custom-language-flag":["https:\/\/artesanatodotocantins.com.br\/wp-content\/uploads\/2025\/11\/15395904039-15258571986-whatsapp-image-2024-03-18-at-16-10-03-2-12x12.jpeg",12,12,true],"woocommerce_archive_thumbnail":["https:\/\/artesanatodotocantins.com.br\/wp-content\/uploads\/2025\/11\/15395904039-15258571986-whatsapp-image-2024-03-18-at-16-10-03-2-500x500.jpeg",500,500,true],"woocommerce_thumbnail":["https:\/\/artesanatodotocantins.com.br\/wp-content\/uploads\/2025\/11\/15395904039-15258571986-whatsapp-image-2024-03-18-at-16-10-03-2-300x300.jpeg",300,300,true],"woocommerce_single":["https:\/\/artesanatodotocantins.com.br\/wp-content\/uploads\/2025\/11\/15395904039-15258571986-whatsapp-image-2024-03-18-at-16-10-03-2-800x800.jpeg",800,800,true],"woocommerce_gallery_thumbnail":["https:\/\/artesanatodotocantins.com.br\/wp-content\/uploads\/2025\/11\/15395904039-15258571986-whatsapp-image-2024-03-18-at-16-10-03-2-300x300.jpeg",300,300,true]},"uagb_author_info":{"display_name":"GEOVANNE MACHADO","author_link":"https:\/\/artesanatodotocantins.com.br\/en\/author\/"},"uagb_comment_info":0,"uagb_excerpt":"Produto:\u00a0 Peso M\u00e9dio do Produto: 55 gramasTamanho Linear do Produto Aproximado: 12 x 12cmEmbalagem:Peso com embalagem medio de envio: 200 gramas Tamanho da Caixa Aproximadado: 20cm x 20cm x 20cm \u00a0 \u00a0 O Rel\u00f3gio de Capim Dourado \u00e9 uma pe\u00e7a artesanal \u00fanica, que combina funcionalidade e beleza natural. Produzido manualmente com o brilho caracter\u00edstico do&hellip;","_links":{"self":[{"href":"https:\/\/artesanatodotocantins.com.br\/en\/wp-json\/wp\/v2\/product\/4011","targetHints":{"allow":["GET"]}}],"collection":[{"href":"https:\/\/artesanatodotocantins.com.br\/en\/wp-json\/wp\/v2\/product"}],"about":[{"href":"https:\/\/artesanatodotocantins.com.br\/en\/wp-json\/wp\/v2\/types\/product"}],"replies":[{"embeddable":true,"href":"https:\/\/artesanatodotocantins.com.br\/en\/wp-json\/wp\/v2\/comments?post=4011"}],"wp:featuredmedia":[{"embeddable":true,"href":"https:\/\/artesanatodotocantins.com.br\/en\/wp-json\/wp\/v2\/media\/6445"}],"wp:attachment":[{"href":"https:\/\/artesanatodotocantins.com.br\/en\/wp-json\/wp\/v2\/media?parent=4011"}],"wp:term":[{"taxonomy":"product_brand","embeddable":true,"href":"https:\/\/artesanatodotocantins.com.br\/en\/wp-json\/wp\/v2\/product_brand?post=4011"},{"taxonomy":"product_cat","embeddable":true,"href":"https:\/\/artesanatodotocantins.com.br\/en\/wp-json\/wp\/v2\/product_cat?post=4011"},{"taxonomy":"product_tag","embeddable":true,"href":"https:\/\/artesanatodotocantins.com.br\/en\/wp-json\/wp\/v2\/product_tag?post=4011"}],"curies":[{"name":"wp","href":"https:\/\/api.w.org\/{rel}","templated":true}]}}