{"id":4128,"date":"2025-02-21T18:36:53","date_gmt":"2025-02-21T18:36:53","guid":{"rendered":"https:\/\/artesanatodotocantins.com.br\/product\/porta-caneta-capim-dourado-grosso-linha-dourada\/"},"modified":"2025-09-25T17:51:50","modified_gmt":"2025-09-25T17:51:50","slug":"porta-caneta-capim-dourado-grosso-linha-dourada","status":"publish","type":"product","link":"https:\/\/artesanatodotocantins.com.br\/en\/product\/porta-caneta-capim-dourado-grosso-linha-dourada\/","title":{"rendered":"Porta Caneta de Capim Dourado Costurado Linha Dourada"},"content":{"rendered":"<p>Produto:\u00a0<\/p>\n<p>Peso M\u00e9dio do Produto: 50 gramas<br \/>Tamanho do Produto Aproximado: 8 a 9cm\u00a0 x 8 cm<br \/>Embalagem:<br \/>Peso com embalagem medio de envio: 170 gramas<\/p>\n<p>Tamanho da Caixa Aproximadado: 20cm x 20cm x 20cm<\/p>\n<p>\u00a0<\/p>\n<p><span data-start=\"1197\" data-end=\"1233\">O<\/span><strong data-start=\"1197\" data-end=\"1233\">\u00a0Porta Caneta de Capim Dourado Artesanal<\/strong>\u00a0s\u00e3o costurados manualmente\u00a0 por Artes\u00e3s do Jalap\u00e3o e Regi\u00e3o, preservando a tradi\u00e7\u00e3o do artesanato regional e utilizando fibras naturais de forma sustent\u00e1vel. Com brilho dourado caracter\u00edstico e acabamento delicado, cada pe\u00e7a \u00e9 \u00fanica, unindo resist\u00eancia, beleza e autenticidade. Ideal para quem busca objetos que contam hist\u00f3rias e refletem a riqueza cultural do Tocantins.<\/p>","protected":false},"excerpt":{"rendered":"<p>Produto:\u00a0 Peso M\u00e9dio do Produto: 50 gramasTamanho do Produto Aproximado: 8 a 9cm\u00a0 x 8 cmEmbalagem:Peso com embalagem medio de envio: 170 gramas Tamanho da Caixa Aproximadado: 20cm x 20cm x 20cm \u00a0 O\u00a0Porta Caneta de Capim Dourado Artesanal\u00a0s\u00e3o costurados manualmente\u00a0 por Artes\u00e3s do Jalap\u00e3o e Regi\u00e3o, preservando a tradi\u00e7\u00e3o do artesanato regional e utilizando [&hellip;]<\/p>\n","protected":false},"featured_media":5723,"comment_status":"open","ping_status":"closed","template":"","meta":{"_gspb_post_css":"","_uag_custom_page_level_css":""},"product_brand":[],"product_cat":[64],"product_tag":[],"class_list":{"0":"post-4128","1":"product","2":"type-product","3":"status-publish","4":"has-post-thumbnail","6":"product_cat-porta-caneta","8":"first","9":"instock","10":"shipping-taxable","11":"purchasable","12":"product-type-simple"},"aioseo_notices":[],"ct_brands":[],"uagb_featured_image_src":{"full":["https:\/\/artesanatodotocantins.com.br\/wp-content\/uploads\/2025\/09\/15368909483-15310719133-whatsapp-image-2024-11-18-at-10-51-23-2.jpeg",1496,1496,false],"thumbnail":["https:\/\/artesanatodotocantins.com.br\/wp-content\/uploads\/2025\/09\/15368909483-15310719133-whatsapp-image-2024-11-18-at-10-51-23-2-150x150.jpeg",150,150,true],"medium":["https:\/\/artesanatodotocantins.com.br\/wp-content\/uploads\/2025\/09\/15368909483-15310719133-whatsapp-image-2024-11-18-at-10-51-23-2-300x300.jpeg",300,300,true],"medium_large":["https:\/\/artesanatodotocantins.com.br\/wp-content\/uploads\/2025\/09\/15368909483-15310719133-whatsapp-image-2024-11-18-at-10-51-23-2-768x768.jpeg",768,768,true],"large":["https:\/\/artesanatodotocantins.com.br\/wp-content\/uploads\/2025\/09\/15368909483-15310719133-whatsapp-image-2024-11-18-at-10-51-23-2-1024x1024.jpeg",1024,1024,true],"1536x1536":["https:\/\/artesanatodotocantins.com.br\/wp-content\/uploads\/2025\/09\/15368909483-15310719133-whatsapp-image-2024-11-18-at-10-51-23-2.jpeg",1496,1496,false],"2048x2048":["https:\/\/artesanatodotocantins.com.br\/wp-content\/uploads\/2025\/09\/15368909483-15310719133-whatsapp-image-2024-11-18-at-10-51-23-2.jpeg",1496,1496,false],"trp-custom-language-flag":["https:\/\/artesanatodotocantins.com.br\/wp-content\/uploads\/2025\/09\/15368909483-15310719133-whatsapp-image-2024-11-18-at-10-51-23-2-12x12.jpeg",12,12,true],"woocommerce_archive_thumbnail":["https:\/\/artesanatodotocantins.com.br\/wp-content\/uploads\/2025\/09\/15368909483-15310719133-whatsapp-image-2024-11-18-at-10-51-23-2-500x500.jpeg",500,500,true],"woocommerce_thumbnail":["https:\/\/artesanatodotocantins.com.br\/wp-content\/uploads\/2025\/09\/15368909483-15310719133-whatsapp-image-2024-11-18-at-10-51-23-2-300x300.jpeg",300,300,true],"woocommerce_single":["https:\/\/artesanatodotocantins.com.br\/wp-content\/uploads\/2025\/09\/15368909483-15310719133-whatsapp-image-2024-11-18-at-10-51-23-2-800x800.jpeg",800,800,true],"woocommerce_gallery_thumbnail":["https:\/\/artesanatodotocantins.com.br\/wp-content\/uploads\/2025\/09\/15368909483-15310719133-whatsapp-image-2024-11-18-at-10-51-23-2-300x300.jpeg",300,300,true]},"uagb_author_info":{"display_name":"GEOVANNE MACHADO","author_link":"https:\/\/artesanatodotocantins.com.br\/en\/author\/"},"uagb_comment_info":0,"uagb_excerpt":"Produto:\u00a0 Peso M\u00e9dio do Produto: 50 gramasTamanho do Produto Aproximado: 8 a 9cm\u00a0 x 8 cmEmbalagem:Peso com embalagem medio de envio: 170 gramas Tamanho da Caixa Aproximadado: 20cm x 20cm x 20cm \u00a0 O\u00a0Porta Caneta de Capim Dourado Artesanal\u00a0s\u00e3o costurados manualmente\u00a0 por Artes\u00e3s do Jalap\u00e3o e Regi\u00e3o, preservando a tradi\u00e7\u00e3o do artesanato regional e utilizando&hellip;","_links":{"self":[{"href":"https:\/\/artesanatodotocantins.com.br\/en\/wp-json\/wp\/v2\/product\/4128","targetHints":{"allow":["GET"]}}],"collection":[{"href":"https:\/\/artesanatodotocantins.com.br\/en\/wp-json\/wp\/v2\/product"}],"about":[{"href":"https:\/\/artesanatodotocantins.com.br\/en\/wp-json\/wp\/v2\/types\/product"}],"replies":[{"embeddable":true,"href":"https:\/\/artesanatodotocantins.com.br\/en\/wp-json\/wp\/v2\/comments?post=4128"}],"wp:featuredmedia":[{"embeddable":true,"href":"https:\/\/artesanatodotocantins.com.br\/en\/wp-json\/wp\/v2\/media\/5723"}],"wp:attachment":[{"href":"https:\/\/artesanatodotocantins.com.br\/en\/wp-json\/wp\/v2\/media?parent=4128"}],"wp:term":[{"taxonomy":"product_brand","embeddable":true,"href":"https:\/\/artesanatodotocantins.com.br\/en\/wp-json\/wp\/v2\/product_brand?post=4128"},{"taxonomy":"product_cat","embeddable":true,"href":"https:\/\/artesanatodotocantins.com.br\/en\/wp-json\/wp\/v2\/product_cat?post=4128"},{"taxonomy":"product_tag","embeddable":true,"href":"https:\/\/artesanatodotocantins.com.br\/en\/wp-json\/wp\/v2\/product_tag?post=4128"}],"curies":[{"name":"wp","href":"https:\/\/api.w.org\/{rel}","templated":true}]}}