{"id":4168,"date":"2025-02-21T19:56:42","date_gmt":"2025-02-21T19:56:42","guid":{"rendered":"https:\/\/artesanatodotocantins.com.br\/product\/porta-moedacapim-dourado-c-fibra-buriti-diversos\/"},"modified":"2025-11-24T20:35:38","modified_gmt":"2025-11-24T20:35:38","slug":"porta-moedacapim-dourado-c-fibra-buriti-diversos","status":"publish","type":"product","link":"https:\/\/artesanatodotocantins.com.br\/en\/product\/porta-moedacapim-dourado-c-fibra-buriti-diversos\/","title":{"rendered":"Porta Joia para Viagem de Capim Dourado com Fibra de buriti"},"content":{"rendered":"<p>Produto:\u00a0<\/p>\n<p>Peso M\u00e9dio do Produto: 30 gramas<\/p>\n<p>Embalagem:<br \/>Peso com embalagem medio de envio: 150 gramas<\/p>\n<p>Tamanho da Caixa Aproximadado: 16cm x 11cm x 6cm<\/p>\n<p data-start=\"177\" data-end=\"507\">\u00a0<\/p>\n<p data-start=\"177\" data-end=\"507\"><strong data-start=\"177\" data-end=\"234\">Porta Joia de Capim Dourado \u2013 Artesanal e Exclusivo<\/strong><br data-start=\"234\" data-end=\"237\" \/>Este porta-moedas \u00e9 produzido manualmente com capim dourado original do Jalap\u00e3o, tran\u00e7ado com cuidado para garantir resist\u00eancia, leveza e um acabamento refinado.<br data-start=\"398\" data-end=\"401\" \/>Perfeito para guardar moedas, notas dobradas, pequenos acess\u00f3rios ou usar como mini-carteira no dia a dia.<\/p>\n<p>\u00a0<\/p>\n<p data-start=\"509\" data-end=\"626\">Cada pe\u00e7a \u00e9 feita artesanalmente, o que torna cada porta-moedas \u00fanico, valorizando a cultura e o artesanato regional.<\/p>","protected":false},"excerpt":{"rendered":"<p>Produto:\u00a0 Peso M\u00e9dio do Produto: 30 gramas Embalagem:Peso com embalagem medio de envio: 150 gramas Tamanho da Caixa Aproximadado: 16cm x 11cm x 6cm \u00a0 Porta Joia de Capim Dourado \u2013 Artesanal e ExclusivoEste porta-moedas \u00e9 produzido manualmente com capim dourado original do Jalap\u00e3o, tran\u00e7ado com cuidado para garantir resist\u00eancia, leveza e um acabamento refinado.Perfeito [&hellip;]<\/p>\n","protected":false},"featured_media":6486,"comment_status":"open","ping_status":"closed","template":"","meta":{"_gspb_post_css":"","_uag_custom_page_level_css":""},"product_brand":[],"product_cat":[68],"product_tag":[],"class_list":{"0":"post-4168","1":"product","2":"type-product","3":"status-publish","4":"has-post-thumbnail","6":"product_cat-porta-moeda","8":"first","9":"instock","10":"shipping-taxable","11":"purchasable","12":"product-type-simple"},"aioseo_notices":[],"ct_brands":[],"uagb_featured_image_src":{"full":["https:\/\/artesanatodotocantins.com.br\/wp-content\/uploads\/2025\/11\/15343601617-15328248520-whatsapp-image-2025-02-21-at-16-56-06.jpeg",1496,1496,false],"thumbnail":["https:\/\/artesanatodotocantins.com.br\/wp-content\/uploads\/2025\/11\/15343601617-15328248520-whatsapp-image-2025-02-21-at-16-56-06-150x150.jpeg",150,150,true],"medium":["https:\/\/artesanatodotocantins.com.br\/wp-content\/uploads\/2025\/11\/15343601617-15328248520-whatsapp-image-2025-02-21-at-16-56-06-300x300.jpeg",300,300,true],"medium_large":["https:\/\/artesanatodotocantins.com.br\/wp-content\/uploads\/2025\/11\/15343601617-15328248520-whatsapp-image-2025-02-21-at-16-56-06-768x768.jpeg",768,768,true],"large":["https:\/\/artesanatodotocantins.com.br\/wp-content\/uploads\/2025\/11\/15343601617-15328248520-whatsapp-image-2025-02-21-at-16-56-06-1024x1024.jpeg",1024,1024,true],"1536x1536":["https:\/\/artesanatodotocantins.com.br\/wp-content\/uploads\/2025\/11\/15343601617-15328248520-whatsapp-image-2025-02-21-at-16-56-06.jpeg",1496,1496,false],"2048x2048":["https:\/\/artesanatodotocantins.com.br\/wp-content\/uploads\/2025\/11\/15343601617-15328248520-whatsapp-image-2025-02-21-at-16-56-06.jpeg",1496,1496,false],"trp-custom-language-flag":["https:\/\/artesanatodotocantins.com.br\/wp-content\/uploads\/2025\/11\/15343601617-15328248520-whatsapp-image-2025-02-21-at-16-56-06-12x12.jpeg",12,12,true],"woocommerce_archive_thumbnail":["https:\/\/artesanatodotocantins.com.br\/wp-content\/uploads\/2025\/11\/15343601617-15328248520-whatsapp-image-2025-02-21-at-16-56-06-500x500.jpeg",500,500,true],"woocommerce_thumbnail":["https:\/\/artesanatodotocantins.com.br\/wp-content\/uploads\/2025\/11\/15343601617-15328248520-whatsapp-image-2025-02-21-at-16-56-06-300x300.jpeg",300,300,true],"woocommerce_single":["https:\/\/artesanatodotocantins.com.br\/wp-content\/uploads\/2025\/11\/15343601617-15328248520-whatsapp-image-2025-02-21-at-16-56-06-800x800.jpeg",800,800,true],"woocommerce_gallery_thumbnail":["https:\/\/artesanatodotocantins.com.br\/wp-content\/uploads\/2025\/11\/15343601617-15328248520-whatsapp-image-2025-02-21-at-16-56-06-300x300.jpeg",300,300,true]},"uagb_author_info":{"display_name":"GEOVANNE MACHADO","author_link":"https:\/\/artesanatodotocantins.com.br\/en\/author\/"},"uagb_comment_info":0,"uagb_excerpt":"Produto:\u00a0 Peso M\u00e9dio do Produto: 30 gramas Embalagem:Peso com embalagem medio de envio: 150 gramas Tamanho da Caixa Aproximadado: 16cm x 11cm x 6cm \u00a0 Porta Joia de Capim Dourado \u2013 Artesanal e ExclusivoEste porta-moedas \u00e9 produzido manualmente com capim dourado original do Jalap\u00e3o, tran\u00e7ado com cuidado para garantir resist\u00eancia, leveza e um acabamento refinado.Perfeito&hellip;","_links":{"self":[{"href":"https:\/\/artesanatodotocantins.com.br\/en\/wp-json\/wp\/v2\/product\/4168","targetHints":{"allow":["GET"]}}],"collection":[{"href":"https:\/\/artesanatodotocantins.com.br\/en\/wp-json\/wp\/v2\/product"}],"about":[{"href":"https:\/\/artesanatodotocantins.com.br\/en\/wp-json\/wp\/v2\/types\/product"}],"replies":[{"embeddable":true,"href":"https:\/\/artesanatodotocantins.com.br\/en\/wp-json\/wp\/v2\/comments?post=4168"}],"wp:featuredmedia":[{"embeddable":true,"href":"https:\/\/artesanatodotocantins.com.br\/en\/wp-json\/wp\/v2\/media\/6486"}],"wp:attachment":[{"href":"https:\/\/artesanatodotocantins.com.br\/en\/wp-json\/wp\/v2\/media?parent=4168"}],"wp:term":[{"taxonomy":"product_brand","embeddable":true,"href":"https:\/\/artesanatodotocantins.com.br\/en\/wp-json\/wp\/v2\/product_brand?post=4168"},{"taxonomy":"product_cat","embeddable":true,"href":"https:\/\/artesanatodotocantins.com.br\/en\/wp-json\/wp\/v2\/product_cat?post=4168"},{"taxonomy":"product_tag","embeddable":true,"href":"https:\/\/artesanatodotocantins.com.br\/en\/wp-json\/wp\/v2\/product_tag?post=4168"}],"curies":[{"name":"wp","href":"https:\/\/api.w.org\/{rel}","templated":true}]}}