{"id":4181,"date":"2025-02-21T20:15:08","date_gmt":"2025-02-21T20:15:08","guid":{"rendered":"https:\/\/artesanatodotocantins.com.br\/product\/mandala-divino-de-resina-com-esprendor-placa-palmas-12cm\/"},"modified":"2026-04-01T20:18:02","modified_gmt":"2026-04-01T20:18:02","slug":"mandala-divino-de-resina-com-esprendor-placa-palmas-12cm","status":"publish","type":"product","link":"https:\/\/artesanatodotocantins.com.br\/en\/product\/mandala-divino-de-resina-com-esprendor-placa-palmas-12cm\/","title":{"rendered":"Divino de parede Resina + Esplendor com mandala capim Dourado"},"content":{"rendered":"<p>Produto:\u00a0<\/p>\n<p>Peso M\u00e9dio do Produto: 50 gramas<br \/>Tamanho do Produto Aproximado: 11 a 13cm<br \/>Embalagem:<br \/>Peso com embalagem medio de envio: 200 gramas<\/p>\n<p>Tamanho da Caixa Aproximadado: 20cm x 20cm x 20cm<\/p>\n<p data-start=\"307\" data-end=\"614\">\u00a0<\/p>\n<p data-start=\"307\" data-end=\"614\">A\u00a0<strong data-start=\"309\" data-end=\"363\">Mandala de Capim Dourado com Divino Esp\u00edrito Santo<\/strong>\u00a0\u00e9 uma pe\u00e7a artesanal que une beleza natural e espiritualidade. Produzida manualmente com capim dourado cuidadosamente tran\u00e7ado, ela carrega o brilho caracter\u00edstico do artesanato tocantinense e a energia simb\u00f3lica do Divino Esp\u00edrito Santo no centro.<\/p>\n<p data-start=\"616\" data-end=\"891\">Leve, resistente e cheia de significado, pode ser utilizada como\u00a0<strong data-start=\"681\" data-end=\"702\">prote\u00e7\u00e3o na porta<\/strong>, em\u00a0<strong data-start=\"707\" data-end=\"718\">paredes<\/strong>, escrit\u00f3rios ou ambientes especiais. Cada mandala \u00e9 \u00fanica, feita \u00e0 m\u00e3o por artes\u00e3os locais, valorizando a tradi\u00e7\u00e3o cultural e a originalidade de materiais naturais.<\/p>\n<p>\u00a0<\/p>\n<p data-start=\"893\" data-end=\"976\">Ideal para quem busca decorar com f\u00e9, estilo e um toque de regionalidade aut\u00eantica.<\/p>","protected":false},"excerpt":{"rendered":"<p>Produto:\u00a0 Peso M\u00e9dio do Produto: 50 gramasTamanho do Produto Aproximado: 11 a 13cmEmbalagem:Peso com embalagem medio de envio: 200 gramas Tamanho da Caixa Aproximadado: 20cm x 20cm x 20cm \u00a0 A\u00a0Mandala de Capim Dourado com Divino Esp\u00edrito Santo\u00a0\u00e9 uma pe\u00e7a artesanal que une beleza natural e espiritualidade. Produzida manualmente com capim dourado cuidadosamente tran\u00e7ado, ela [&hellip;]<\/p>\n","protected":false},"featured_media":6827,"comment_status":"open","ping_status":"closed","template":"","meta":{"_gspb_post_css":"","_uag_custom_page_level_css":""},"product_brand":[],"product_cat":[69],"product_tag":[],"class_list":{"0":"post-4181","1":"product","2":"type-product","3":"status-publish","4":"has-post-thumbnail","6":"product_cat-religioso","8":"first","9":"instock","10":"shipping-taxable","11":"purchasable","12":"product-type-simple"},"aioseo_notices":[],"ct_brands":[],"uagb_featured_image_src":{"full":["https:\/\/artesanatodotocantins.com.br\/wp-content\/uploads\/2026\/03\/15494185163-whatsapp-image-2026-03-14-at-09-47-03.jpeg",1024,1024,false],"thumbnail":["https:\/\/artesanatodotocantins.com.br\/wp-content\/uploads\/2026\/03\/15494185163-whatsapp-image-2026-03-14-at-09-47-03-150x150.jpeg",150,150,true],"medium":["https:\/\/artesanatodotocantins.com.br\/wp-content\/uploads\/2026\/03\/15494185163-whatsapp-image-2026-03-14-at-09-47-03-300x300.jpeg",300,300,true],"medium_large":["https:\/\/artesanatodotocantins.com.br\/wp-content\/uploads\/2026\/03\/15494185163-whatsapp-image-2026-03-14-at-09-47-03-768x768.jpeg",768,768,true],"large":["https:\/\/artesanatodotocantins.com.br\/wp-content\/uploads\/2026\/03\/15494185163-whatsapp-image-2026-03-14-at-09-47-03.jpeg",1024,1024,false],"1536x1536":["https:\/\/artesanatodotocantins.com.br\/wp-content\/uploads\/2026\/03\/15494185163-whatsapp-image-2026-03-14-at-09-47-03.jpeg",1024,1024,false],"2048x2048":["https:\/\/artesanatodotocantins.com.br\/wp-content\/uploads\/2026\/03\/15494185163-whatsapp-image-2026-03-14-at-09-47-03.jpeg",1024,1024,false],"trp-custom-language-flag":["https:\/\/artesanatodotocantins.com.br\/wp-content\/uploads\/2026\/03\/15494185163-whatsapp-image-2026-03-14-at-09-47-03-12x12.jpeg",12,12,true],"woocommerce_archive_thumbnail":["https:\/\/artesanatodotocantins.com.br\/wp-content\/uploads\/2026\/03\/15494185163-whatsapp-image-2026-03-14-at-09-47-03-500x500.jpeg",500,500,true],"woocommerce_thumbnail":["https:\/\/artesanatodotocantins.com.br\/wp-content\/uploads\/2026\/03\/15494185163-whatsapp-image-2026-03-14-at-09-47-03-300x300.jpeg",300,300,true],"woocommerce_single":["https:\/\/artesanatodotocantins.com.br\/wp-content\/uploads\/2026\/03\/15494185163-whatsapp-image-2026-03-14-at-09-47-03-800x800.jpeg",800,800,true],"woocommerce_gallery_thumbnail":["https:\/\/artesanatodotocantins.com.br\/wp-content\/uploads\/2026\/03\/15494185163-whatsapp-image-2026-03-14-at-09-47-03-300x300.jpeg",300,300,true]},"uagb_author_info":{"display_name":"GEOVANNE MACHADO","author_link":"https:\/\/artesanatodotocantins.com.br\/en\/author\/"},"uagb_comment_info":0,"uagb_excerpt":"Produto:\u00a0 Peso M\u00e9dio do Produto: 50 gramasTamanho do Produto Aproximado: 11 a 13cmEmbalagem:Peso com embalagem medio de envio: 200 gramas Tamanho da Caixa Aproximadado: 20cm x 20cm x 20cm \u00a0 A\u00a0Mandala de Capim Dourado com Divino Esp\u00edrito Santo\u00a0\u00e9 uma pe\u00e7a artesanal que une beleza natural e espiritualidade. Produzida manualmente com capim dourado cuidadosamente tran\u00e7ado, ela&hellip;","_links":{"self":[{"href":"https:\/\/artesanatodotocantins.com.br\/en\/wp-json\/wp\/v2\/product\/4181","targetHints":{"allow":["GET"]}}],"collection":[{"href":"https:\/\/artesanatodotocantins.com.br\/en\/wp-json\/wp\/v2\/product"}],"about":[{"href":"https:\/\/artesanatodotocantins.com.br\/en\/wp-json\/wp\/v2\/types\/product"}],"replies":[{"embeddable":true,"href":"https:\/\/artesanatodotocantins.com.br\/en\/wp-json\/wp\/v2\/comments?post=4181"}],"wp:featuredmedia":[{"embeddable":true,"href":"https:\/\/artesanatodotocantins.com.br\/en\/wp-json\/wp\/v2\/media\/6827"}],"wp:attachment":[{"href":"https:\/\/artesanatodotocantins.com.br\/en\/wp-json\/wp\/v2\/media?parent=4181"}],"wp:term":[{"taxonomy":"product_brand","embeddable":true,"href":"https:\/\/artesanatodotocantins.com.br\/en\/wp-json\/wp\/v2\/product_brand?post=4181"},{"taxonomy":"product_cat","embeddable":true,"href":"https:\/\/artesanatodotocantins.com.br\/en\/wp-json\/wp\/v2\/product_cat?post=4181"},{"taxonomy":"product_tag","embeddable":true,"href":"https:\/\/artesanatodotocantins.com.br\/en\/wp-json\/wp\/v2\/product_tag?post=4181"}],"curies":[{"name":"wp","href":"https:\/\/api.w.org\/{rel}","templated":true}]}}