{"id":4211,"date":"2025-02-22T13:13:32","date_gmt":"2025-02-22T13:13:32","guid":{"rendered":"https:\/\/artesanatodotocantins.com.br\/product\/bolsa-tipo-cesto-c-alca-22x33\/"},"modified":"2025-11-25T21:28:56","modified_gmt":"2025-11-25T21:28:56","slug":"bolsa-tipo-cesto-c-alca-22x33","status":"publish","type":"product","link":"https:\/\/artesanatodotocantins.com.br\/en\/product\/bolsa-tipo-cesto-c-alca-22x33\/","title":{"rendered":"Bolsa tipo Cesto com al\u00e7a 30cm"},"content":{"rendered":"<p>Produto:\u00a0<\/p>\n<p>Peso M\u00e9dio do Produto: 270 gramas<br \/>Tamanho pode Variar : 31 x 22 x 17cm<\/p>\n<p>Embalagem:<br \/>Peso com embalagem medio de envio: 500 gramas<\/p>\n<p>Tamanho da Caixa Aproximadado: 40cm x 30cm x 20cm<\/p>\n<p>\u00a0<\/p>\n<p>A\u00a0<strong data-start=\"474\" data-end=\"500\">Bolsa de Capim Dourado<\/strong>\u00a0\u00e9 uma pe\u00e7a artesanal exclusiva, feita \u00e0 m\u00e3o com o brilho natural do capim dourado .material t\u00edpico do Tocantins e s\u00edmbolo do artesanato regional.<br data-start=\"647\" data-end=\"650\" \/>Cada bolsa \u00e9 cuidadosamente tran\u00e7ada por artes\u00e3os locais, unindo\u00a0<strong data-start=\"715\" data-end=\"757\">beleza, resist\u00eancia e sustentabilidade<\/strong>\u00a0em um \u00fanico produto.<br data-start=\"778\" data-end=\"781\" \/>Seu acabamento impec\u00e1vel e design contempor\u00e2neo valorizam o brilho \u00fanico da planta, tornando a pe\u00e7a perfeita para uso di\u00e1rio, eventos ou como acess\u00f3rio sofisticado.<br data-start=\"945\" data-end=\"948\" \/>Al\u00e9m de leve e dur\u00e1vel, a bolsa carrega um forte valor cultural, representando a tradi\u00e7\u00e3o e o trabalho manual brasileiro.<\/p>","protected":false},"excerpt":{"rendered":"<p>Produto:\u00a0 Peso M\u00e9dio do Produto: 270 gramasTamanho pode Variar : 31 x 22 x 17cm Embalagem:Peso com embalagem medio de envio: 500 gramas Tamanho da Caixa Aproximadado: 40cm x 30cm x 20cm \u00a0 A\u00a0Bolsa de Capim Dourado\u00a0\u00e9 uma pe\u00e7a artesanal exclusiva, feita \u00e0 m\u00e3o com o brilho natural do capim dourado .material t\u00edpico do Tocantins [&hellip;]<\/p>\n","protected":false},"featured_media":6518,"comment_status":"open","ping_status":"closed","template":"","meta":{"_gspb_post_css":"","_uag_custom_page_level_css":""},"product_brand":[],"product_cat":[61],"product_tag":[],"class_list":{"0":"post-4211","1":"product","2":"type-product","3":"status-publish","4":"has-post-thumbnail","6":"product_cat-bolsas","8":"first","9":"instock","10":"shipping-taxable","11":"purchasable","12":"product-type-simple"},"aioseo_notices":[],"ct_brands":[],"uagb_featured_image_src":{"full":["https:\/\/artesanatodotocantins.com.br\/wp-content\/uploads\/2025\/11\/15396252181-whatsapp-image-2025-11-25-at-18-19-32.jpeg",1600,1596,false],"thumbnail":["https:\/\/artesanatodotocantins.com.br\/wp-content\/uploads\/2025\/11\/15396252181-whatsapp-image-2025-11-25-at-18-19-32-150x150.jpeg",150,150,true],"medium":["https:\/\/artesanatodotocantins.com.br\/wp-content\/uploads\/2025\/11\/15396252181-whatsapp-image-2025-11-25-at-18-19-32-300x300.jpeg",300,300,true],"medium_large":["https:\/\/artesanatodotocantins.com.br\/wp-content\/uploads\/2025\/11\/15396252181-whatsapp-image-2025-11-25-at-18-19-32-768x766.jpeg",768,766,true],"large":["https:\/\/artesanatodotocantins.com.br\/wp-content\/uploads\/2025\/11\/15396252181-whatsapp-image-2025-11-25-at-18-19-32-1024x1021.jpeg",1024,1021,true],"1536x1536":["https:\/\/artesanatodotocantins.com.br\/wp-content\/uploads\/2025\/11\/15396252181-whatsapp-image-2025-11-25-at-18-19-32-1536x1532.jpeg",1536,1532,true],"2048x2048":["https:\/\/artesanatodotocantins.com.br\/wp-content\/uploads\/2025\/11\/15396252181-whatsapp-image-2025-11-25-at-18-19-32.jpeg",1600,1596,false],"trp-custom-language-flag":["https:\/\/artesanatodotocantins.com.br\/wp-content\/uploads\/2025\/11\/15396252181-whatsapp-image-2025-11-25-at-18-19-32-12x12.jpeg",12,12,true],"woocommerce_archive_thumbnail":["https:\/\/artesanatodotocantins.com.br\/wp-content\/uploads\/2025\/11\/15396252181-whatsapp-image-2025-11-25-at-18-19-32-500x499.jpeg",500,499,true],"woocommerce_thumbnail":["https:\/\/artesanatodotocantins.com.br\/wp-content\/uploads\/2025\/11\/15396252181-whatsapp-image-2025-11-25-at-18-19-32-300x300.jpeg",300,300,true],"woocommerce_single":["https:\/\/artesanatodotocantins.com.br\/wp-content\/uploads\/2025\/11\/15396252181-whatsapp-image-2025-11-25-at-18-19-32-800x798.jpeg",800,798,true],"woocommerce_gallery_thumbnail":["https:\/\/artesanatodotocantins.com.br\/wp-content\/uploads\/2025\/11\/15396252181-whatsapp-image-2025-11-25-at-18-19-32-300x300.jpeg",300,300,true]},"uagb_author_info":{"display_name":"GEOVANNE MACHADO","author_link":"https:\/\/artesanatodotocantins.com.br\/en\/author\/"},"uagb_comment_info":0,"uagb_excerpt":"Produto:\u00a0 Peso M\u00e9dio do Produto: 270 gramasTamanho pode Variar : 31 x 22 x 17cm Embalagem:Peso com embalagem medio de envio: 500 gramas Tamanho da Caixa Aproximadado: 40cm x 30cm x 20cm \u00a0 A\u00a0Bolsa de Capim Dourado\u00a0\u00e9 uma pe\u00e7a artesanal exclusiva, feita \u00e0 m\u00e3o com o brilho natural do capim dourado .material t\u00edpico do Tocantins&hellip;","_links":{"self":[{"href":"https:\/\/artesanatodotocantins.com.br\/en\/wp-json\/wp\/v2\/product\/4211","targetHints":{"allow":["GET"]}}],"collection":[{"href":"https:\/\/artesanatodotocantins.com.br\/en\/wp-json\/wp\/v2\/product"}],"about":[{"href":"https:\/\/artesanatodotocantins.com.br\/en\/wp-json\/wp\/v2\/types\/product"}],"replies":[{"embeddable":true,"href":"https:\/\/artesanatodotocantins.com.br\/en\/wp-json\/wp\/v2\/comments?post=4211"}],"wp:featuredmedia":[{"embeddable":true,"href":"https:\/\/artesanatodotocantins.com.br\/en\/wp-json\/wp\/v2\/media\/6518"}],"wp:attachment":[{"href":"https:\/\/artesanatodotocantins.com.br\/en\/wp-json\/wp\/v2\/media?parent=4211"}],"wp:term":[{"taxonomy":"product_brand","embeddable":true,"href":"https:\/\/artesanatodotocantins.com.br\/en\/wp-json\/wp\/v2\/product_brand?post=4211"},{"taxonomy":"product_cat","embeddable":true,"href":"https:\/\/artesanatodotocantins.com.br\/en\/wp-json\/wp\/v2\/product_cat?post=4211"},{"taxonomy":"product_tag","embeddable":true,"href":"https:\/\/artesanatodotocantins.com.br\/en\/wp-json\/wp\/v2\/product_tag?post=4211"}],"curies":[{"name":"wp","href":"https:\/\/api.w.org\/{rel}","templated":true}]}}