{"id":4308,"date":"2025-02-28T16:42:21","date_gmt":"2025-02-28T16:42:21","guid":{"rendered":"https:\/\/artesanatodotocantins.com.br\/product\/vaso-carnauba-natural-verde-27cm\/"},"modified":"2026-03-12T12:44:44","modified_gmt":"2026-03-12T12:44:44","slug":"vaso-carnauba-natural-verde-27cm","status":"publish","type":"product","link":"https:\/\/artesanatodotocantins.com.br\/en\/product\/vaso-carnauba-natural-verde-27cm\/","title":{"rendered":"Vaso de Carna\u00faba Natural + Verde &#8211; Feito a M\u00e3o"},"content":{"rendered":"<p>Produto:\u00a0<\/p>\n<p>Peso M\u00e9dio do Produto: 300 gramas<br \/>Tamanho do Produto Aproximado: 27 cm x 17 cm<br \/>Embalagem:<br \/>Peso com embalagem medio de envio: 500 gramas<\/p>\n<p>Tamanho da Caixa Aproximadado: 30 cm x 25 cm x 25cm<\/p>\n<p>\u00a0<\/p>\n<p>O\u00a0<strong data-start=\"141\" data-end=\"180\">Vaso em Carna\u00faba Artesanal<\/strong>\u00a0\u00e9 feito \u00e0 m\u00e3o com fibras naturais da palmeira de carna\u00faba, t\u00edpica da regi\u00e3o Norte brasileira. Resistente ao calor, sustent\u00e1vel e de alta durabilidade, ele protege sua mesa ou bancada com charme e autenticidade. Cada pe\u00e7a \u00e9 \u00fanica, carregando a tradi\u00e7\u00e3o do artesanato regional e valorizando o uso de materiais ecol\u00f3gicos. Ideal para quem busca praticidade aliada a beleza natural.<\/p>","protected":false},"excerpt":{"rendered":"<p>Produto:\u00a0<\/p>\n<p>Peso M\u00e9dio do Produto: 300 gramas<br \/>Tamanho do Produto Aproximado: 27 cm x 17 cm<br \/>Embalagem:<br \/>Peso com embalagem medio de envio: 500 gramas<\/p>\n<p>Tamanho da Caixa Aproximadado: 30 cm x 25 cm x 25cm<\/p>","protected":false},"featured_media":4307,"comment_status":"open","ping_status":"closed","template":"","meta":{"_gspb_post_css":"","_uag_custom_page_level_css":""},"product_brand":[],"product_cat":[70],"product_tag":[],"class_list":{"0":"post-4308","1":"product","2":"type-product","3":"status-publish","4":"has-post-thumbnail","6":"product_cat-porta-panela-carnauba","8":"first","9":"outofstock","10":"shipping-taxable","11":"purchasable","12":"product-type-simple"},"aioseo_notices":[],"ct_brands":[],"uagb_featured_image_src":{"full":["https:\/\/artesanatodotocantins.com.br\/wp-content\/uploads\/2025\/02\/15329680472-whatsapp-image-2025-02-28-at-13-33-11.jpeg",1496,1496,false],"thumbnail":["https:\/\/artesanatodotocantins.com.br\/wp-content\/uploads\/2025\/02\/15329680472-whatsapp-image-2025-02-28-at-13-33-11-150x150.jpeg",150,150,true],"medium":["https:\/\/artesanatodotocantins.com.br\/wp-content\/uploads\/2025\/02\/15329680472-whatsapp-image-2025-02-28-at-13-33-11-300x300.jpeg",300,300,true],"medium_large":["https:\/\/artesanatodotocantins.com.br\/wp-content\/uploads\/2025\/02\/15329680472-whatsapp-image-2025-02-28-at-13-33-11-768x768.jpeg",768,768,true],"large":["https:\/\/artesanatodotocantins.com.br\/wp-content\/uploads\/2025\/02\/15329680472-whatsapp-image-2025-02-28-at-13-33-11-1024x1024.jpeg",1024,1024,true],"1536x1536":["https:\/\/artesanatodotocantins.com.br\/wp-content\/uploads\/2025\/02\/15329680472-whatsapp-image-2025-02-28-at-13-33-11.jpeg",1496,1496,false],"2048x2048":["https:\/\/artesanatodotocantins.com.br\/wp-content\/uploads\/2025\/02\/15329680472-whatsapp-image-2025-02-28-at-13-33-11.jpeg",1496,1496,false],"trp-custom-language-flag":["https:\/\/artesanatodotocantins.com.br\/wp-content\/uploads\/2025\/02\/15329680472-whatsapp-image-2025-02-28-at-13-33-11.jpeg",12,12,false],"woocommerce_archive_thumbnail":["https:\/\/artesanatodotocantins.com.br\/wp-content\/uploads\/2025\/02\/15329680472-whatsapp-image-2025-02-28-at-13-33-11-500x500.jpeg",500,500,true],"woocommerce_thumbnail":["https:\/\/artesanatodotocantins.com.br\/wp-content\/uploads\/2025\/02\/15329680472-whatsapp-image-2025-02-28-at-13-33-11-300x300.jpeg",300,300,true],"woocommerce_single":["https:\/\/artesanatodotocantins.com.br\/wp-content\/uploads\/2025\/02\/15329680472-whatsapp-image-2025-02-28-at-13-33-11-800x800.jpeg",800,800,true],"woocommerce_gallery_thumbnail":["https:\/\/artesanatodotocantins.com.br\/wp-content\/uploads\/2025\/02\/15329680472-whatsapp-image-2025-02-28-at-13-33-11-300x300.jpeg",300,300,true]},"uagb_author_info":{"display_name":"GEOVANNE MACHADO","author_link":"https:\/\/artesanatodotocantins.com.br\/en\/author\/"},"uagb_comment_info":0,"uagb_excerpt":"Produto:\u00a0 Peso M\u00e9dio do Produto: 300 gramasTamanho do Produto Aproximado: 27 cm x 17 cmEmbalagem:Peso com embalagem medio de envio: 500 gramas Tamanho da Caixa Aproximadado: 30 cm x 25 cm x 25cm","_links":{"self":[{"href":"https:\/\/artesanatodotocantins.com.br\/en\/wp-json\/wp\/v2\/product\/4308","targetHints":{"allow":["GET"]}}],"collection":[{"href":"https:\/\/artesanatodotocantins.com.br\/en\/wp-json\/wp\/v2\/product"}],"about":[{"href":"https:\/\/artesanatodotocantins.com.br\/en\/wp-json\/wp\/v2\/types\/product"}],"replies":[{"embeddable":true,"href":"https:\/\/artesanatodotocantins.com.br\/en\/wp-json\/wp\/v2\/comments?post=4308"}],"wp:featuredmedia":[{"embeddable":true,"href":"https:\/\/artesanatodotocantins.com.br\/en\/wp-json\/wp\/v2\/media\/4307"}],"wp:attachment":[{"href":"https:\/\/artesanatodotocantins.com.br\/en\/wp-json\/wp\/v2\/media?parent=4308"}],"wp:term":[{"taxonomy":"product_brand","embeddable":true,"href":"https:\/\/artesanatodotocantins.com.br\/en\/wp-json\/wp\/v2\/product_brand?post=4308"},{"taxonomy":"product_cat","embeddable":true,"href":"https:\/\/artesanatodotocantins.com.br\/en\/wp-json\/wp\/v2\/product_cat?post=4308"},{"taxonomy":"product_tag","embeddable":true,"href":"https:\/\/artesanatodotocantins.com.br\/en\/wp-json\/wp\/v2\/product_tag?post=4308"}],"curies":[{"name":"wp","href":"https:\/\/api.w.org\/{rel}","templated":true}]}}