{"id":4318,"date":"2025-03-17T13:47:26","date_gmt":"2025-03-17T13:47:26","guid":{"rendered":"https:\/\/artesanatodotocantins.com.br\/product\/colar-tecido-preto-gotas-capim-durado\/"},"modified":"2026-02-24T14:47:10","modified_gmt":"2026-02-24T14:47:10","slug":"colar-tecido-preto-gotas-capim-durado","status":"publish","type":"product","link":"https:\/\/artesanatodotocantins.com.br\/en\/product\/colar-tecido-preto-gotas-capim-durado\/","title":{"rendered":"Colar de Tecido com Gotas de Capim Dourado Gravata"},"content":{"rendered":"<p>Produto:\u00a0<\/p>\n<p>Peso M\u00e9dio do Produto: 80 gramas<br \/>Tamanho do Produto Aproximado Colar: 70cm total<br \/>Embalagem:<br \/>Peso com embalagem medio de envio: 200 gramas<\/p>\n<p>Tamanho da Caixa Aproximadado: 16cm x 6cm x 11cm<\/p>\n<p>\u00a0<\/p>\n<p>O\u00a0<strong data-start=\"757\" data-end=\"793\">Colar Artesanal<\/strong>\u00a0de capim dourado com materiais complementares, resultando em uma pe\u00e7a \u00fanica e sofisticada. Feito \u00e0 m\u00e3o por artes\u00e3s do Tocantins, cada colar reflete exclusividade, Leveza e elegancia. \u00e9 perfeito para quem valoriza a beleza natural e deseja carregar um peda\u00e7o da cultura brasileira em seu estilo.<\/p>","protected":false},"excerpt":{"rendered":"<p>Produto:\u00a0 Peso M\u00e9dio do Produto: 80 gramasTamanho do Produto Aproximado Colar: 70cm totalEmbalagem:Peso com embalagem medio de envio: 200 gramas Tamanho da Caixa Aproximadado: 16cm x 6cm x 11cm \u00a0 O\u00a0Colar Artesanal\u00a0de capim dourado com materiais complementares, resultando em uma pe\u00e7a \u00fanica e sofisticada. Feito \u00e0 m\u00e3o por artes\u00e3s do Tocantins, cada colar reflete exclusividade, [&hellip;]<\/p>\n","protected":false},"featured_media":6753,"comment_status":"open","ping_status":"closed","template":"","meta":{"_gspb_post_css":"","_uag_custom_page_level_css":""},"product_brand":[],"product_cat":[72],"product_tag":[],"class_list":{"0":"post-4318","1":"product","2":"type-product","3":"status-publish","4":"has-post-thumbnail","6":"product_cat-colares-capim-dourado","8":"first","9":"instock","10":"shipping-taxable","11":"purchasable","12":"product-type-simple"},"aioseo_notices":[],"ct_brands":[],"uagb_featured_image_src":{"full":["https:\/\/artesanatodotocantins.com.br\/wp-content\/uploads\/2026\/02\/15464129348-0904.png",1024,1024,false],"thumbnail":["https:\/\/artesanatodotocantins.com.br\/wp-content\/uploads\/2026\/02\/15464129348-0904-150x150.png",150,150,true],"medium":["https:\/\/artesanatodotocantins.com.br\/wp-content\/uploads\/2026\/02\/15464129348-0904-300x300.png",300,300,true],"medium_large":["https:\/\/artesanatodotocantins.com.br\/wp-content\/uploads\/2026\/02\/15464129348-0904-768x768.png",768,768,true],"large":["https:\/\/artesanatodotocantins.com.br\/wp-content\/uploads\/2026\/02\/15464129348-0904.png",1024,1024,false],"1536x1536":["https:\/\/artesanatodotocantins.com.br\/wp-content\/uploads\/2026\/02\/15464129348-0904.png",1024,1024,false],"2048x2048":["https:\/\/artesanatodotocantins.com.br\/wp-content\/uploads\/2026\/02\/15464129348-0904.png",1024,1024,false],"trp-custom-language-flag":["https:\/\/artesanatodotocantins.com.br\/wp-content\/uploads\/2026\/02\/15464129348-0904-12x12.png",12,12,true],"woocommerce_archive_thumbnail":["https:\/\/artesanatodotocantins.com.br\/wp-content\/uploads\/2026\/02\/15464129348-0904-500x500.png",500,500,true],"woocommerce_thumbnail":["https:\/\/artesanatodotocantins.com.br\/wp-content\/uploads\/2026\/02\/15464129348-0904-300x300.png",300,300,true],"woocommerce_single":["https:\/\/artesanatodotocantins.com.br\/wp-content\/uploads\/2026\/02\/15464129348-0904-800x800.png",800,800,true],"woocommerce_gallery_thumbnail":["https:\/\/artesanatodotocantins.com.br\/wp-content\/uploads\/2026\/02\/15464129348-0904-300x300.png",300,300,true]},"uagb_author_info":{"display_name":"GEOVANNE MACHADO","author_link":"https:\/\/artesanatodotocantins.com.br\/en\/author\/"},"uagb_comment_info":0,"uagb_excerpt":"Produto:\u00a0 Peso M\u00e9dio do Produto: 80 gramasTamanho do Produto Aproximado Colar: 70cm totalEmbalagem:Peso com embalagem medio de envio: 200 gramas Tamanho da Caixa Aproximadado: 16cm x 6cm x 11cm \u00a0 O\u00a0Colar Artesanal\u00a0de capim dourado com materiais complementares, resultando em uma pe\u00e7a \u00fanica e sofisticada. Feito \u00e0 m\u00e3o por artes\u00e3s do Tocantins, cada colar reflete exclusividade,&hellip;","_links":{"self":[{"href":"https:\/\/artesanatodotocantins.com.br\/en\/wp-json\/wp\/v2\/product\/4318","targetHints":{"allow":["GET"]}}],"collection":[{"href":"https:\/\/artesanatodotocantins.com.br\/en\/wp-json\/wp\/v2\/product"}],"about":[{"href":"https:\/\/artesanatodotocantins.com.br\/en\/wp-json\/wp\/v2\/types\/product"}],"replies":[{"embeddable":true,"href":"https:\/\/artesanatodotocantins.com.br\/en\/wp-json\/wp\/v2\/comments?post=4318"}],"wp:featuredmedia":[{"embeddable":true,"href":"https:\/\/artesanatodotocantins.com.br\/en\/wp-json\/wp\/v2\/media\/6753"}],"wp:attachment":[{"href":"https:\/\/artesanatodotocantins.com.br\/en\/wp-json\/wp\/v2\/media?parent=4318"}],"wp:term":[{"taxonomy":"product_brand","embeddable":true,"href":"https:\/\/artesanatodotocantins.com.br\/en\/wp-json\/wp\/v2\/product_brand?post=4318"},{"taxonomy":"product_cat","embeddable":true,"href":"https:\/\/artesanatodotocantins.com.br\/en\/wp-json\/wp\/v2\/product_cat?post=4318"},{"taxonomy":"product_tag","embeddable":true,"href":"https:\/\/artesanatodotocantins.com.br\/en\/wp-json\/wp\/v2\/product_tag?post=4318"}],"curies":[{"name":"wp","href":"https:\/\/api.w.org\/{rel}","templated":true}]}}