{"id":4492,"date":"2025-03-31T15:30:08","date_gmt":"2025-03-31T15:30:08","guid":{"rendered":"https:\/\/artesanatodotocantins.com.br\/product\/colar-fibra-buriti-com-gotas-capim-dourado-manto\/"},"modified":"2025-12-05T14:04:22","modified_gmt":"2025-12-05T14:04:22","slug":"colar-fibra-buriti-com-gotas-capim-dourado-manto","status":"publish","type":"product","link":"https:\/\/artesanatodotocantins.com.br\/en\/product\/colar-fibra-buriti-com-gotas-capim-dourado-manto\/","title":{"rendered":"Cola de Fibra de Buriti com Gotas de Capim Dourado manto"},"content":{"rendered":"<p>Produto:\u00a0<\/p>\n<p>Peso M\u00e9dio do Produto: 10 gramas<br \/>Embalagem:<br \/>Peso com embalagem medio de envio: 150 gramas<\/p>\n<p>Tamanho da Caixa Aproximadado: 16cm x 11cm x 6cm<\/p>\n<p>\u00a0<\/p>\n<p><strong data-start=\"180\" data-end=\"235\">Colar de Capim Dourado \u2013 Artesanal<\/strong><br data-start=\"235\" data-end=\"238\" \/>Este colar \u00e9 confeccionado artesanalmente com capim dourado original do Jalap\u00e3o, totalmente <strong data-start=\"330\" data-end=\"358\">livre de pe\u00e7as met\u00e1licas<\/strong>, ideal para pessoas com alergia a metais ou que preferem acess\u00f3rios naturais.<br data-start=\"436\" data-end=\"439\" \/>Seu brilho \u00fanico e acabamento delicado tornam a pe\u00e7a perfeita para uso di\u00e1rio ou ocasi\u00f5es especiais.<br data-start=\"539\" data-end=\"542\" \/>Cada colar \u00e9 feito \u00e0 m\u00e3o, garantindo exclusividade e autenticidade.<\/p>","protected":false},"excerpt":{"rendered":"<p>Produto:\u00a0 Peso M\u00e9dio do Produto: 10 gramasEmbalagem:Peso com embalagem medio de envio: 150 gramas Tamanho da Caixa Aproximadado: 16cm x 11cm x 6cm \u00a0 Colar de Capim Dourado \u2013 ArtesanalEste colar \u00e9 confeccionado artesanalmente com capim dourado original do Jalap\u00e3o, totalmente livre de pe\u00e7as met\u00e1licas, ideal para pessoas com alergia a metais ou que preferem [&hellip;]<\/p>\n","protected":false},"featured_media":6476,"comment_status":"open","ping_status":"closed","template":"","meta":{"_gspb_post_css":"","_uag_custom_page_level_css":""},"product_brand":[],"product_cat":[72],"product_tag":[],"class_list":{"0":"post-4492","1":"product","2":"type-product","3":"status-publish","4":"has-post-thumbnail","6":"product_cat-colares-capim-dourado","8":"first","9":"instock","10":"shipping-taxable","11":"purchasable","12":"product-type-simple"},"aioseo_notices":[],"ct_brands":[],"uagb_featured_image_src":{"full":["https:\/\/artesanatodotocantins.com.br\/wp-content\/uploads\/2025\/11\/15395957657-15336636269-whatsapp-image-2025-03-31-at-12-29-35.jpeg",1496,1496,false],"thumbnail":["https:\/\/artesanatodotocantins.com.br\/wp-content\/uploads\/2025\/11\/15395957657-15336636269-whatsapp-image-2025-03-31-at-12-29-35-150x150.jpeg",150,150,true],"medium":["https:\/\/artesanatodotocantins.com.br\/wp-content\/uploads\/2025\/11\/15395957657-15336636269-whatsapp-image-2025-03-31-at-12-29-35-300x300.jpeg",300,300,true],"medium_large":["https:\/\/artesanatodotocantins.com.br\/wp-content\/uploads\/2025\/11\/15395957657-15336636269-whatsapp-image-2025-03-31-at-12-29-35-768x768.jpeg",768,768,true],"large":["https:\/\/artesanatodotocantins.com.br\/wp-content\/uploads\/2025\/11\/15395957657-15336636269-whatsapp-image-2025-03-31-at-12-29-35-1024x1024.jpeg",1024,1024,true],"1536x1536":["https:\/\/artesanatodotocantins.com.br\/wp-content\/uploads\/2025\/11\/15395957657-15336636269-whatsapp-image-2025-03-31-at-12-29-35.jpeg",1496,1496,false],"2048x2048":["https:\/\/artesanatodotocantins.com.br\/wp-content\/uploads\/2025\/11\/15395957657-15336636269-whatsapp-image-2025-03-31-at-12-29-35.jpeg",1496,1496,false],"trp-custom-language-flag":["https:\/\/artesanatodotocantins.com.br\/wp-content\/uploads\/2025\/11\/15395957657-15336636269-whatsapp-image-2025-03-31-at-12-29-35-12x12.jpeg",12,12,true],"woocommerce_archive_thumbnail":["https:\/\/artesanatodotocantins.com.br\/wp-content\/uploads\/2025\/11\/15395957657-15336636269-whatsapp-image-2025-03-31-at-12-29-35-500x500.jpeg",500,500,true],"woocommerce_thumbnail":["https:\/\/artesanatodotocantins.com.br\/wp-content\/uploads\/2025\/11\/15395957657-15336636269-whatsapp-image-2025-03-31-at-12-29-35-300x300.jpeg",300,300,true],"woocommerce_single":["https:\/\/artesanatodotocantins.com.br\/wp-content\/uploads\/2025\/11\/15395957657-15336636269-whatsapp-image-2025-03-31-at-12-29-35-800x800.jpeg",800,800,true],"woocommerce_gallery_thumbnail":["https:\/\/artesanatodotocantins.com.br\/wp-content\/uploads\/2025\/11\/15395957657-15336636269-whatsapp-image-2025-03-31-at-12-29-35-300x300.jpeg",300,300,true]},"uagb_author_info":{"display_name":"GEOVANNE MACHADO","author_link":"https:\/\/artesanatodotocantins.com.br\/en\/author\/"},"uagb_comment_info":0,"uagb_excerpt":"Produto:\u00a0 Peso M\u00e9dio do Produto: 10 gramasEmbalagem:Peso com embalagem medio de envio: 150 gramas Tamanho da Caixa Aproximadado: 16cm x 11cm x 6cm \u00a0 Colar de Capim Dourado \u2013 ArtesanalEste colar \u00e9 confeccionado artesanalmente com capim dourado original do Jalap\u00e3o, totalmente livre de pe\u00e7as met\u00e1licas, ideal para pessoas com alergia a metais ou que preferem&hellip;","_links":{"self":[{"href":"https:\/\/artesanatodotocantins.com.br\/en\/wp-json\/wp\/v2\/product\/4492","targetHints":{"allow":["GET"]}}],"collection":[{"href":"https:\/\/artesanatodotocantins.com.br\/en\/wp-json\/wp\/v2\/product"}],"about":[{"href":"https:\/\/artesanatodotocantins.com.br\/en\/wp-json\/wp\/v2\/types\/product"}],"replies":[{"embeddable":true,"href":"https:\/\/artesanatodotocantins.com.br\/en\/wp-json\/wp\/v2\/comments?post=4492"}],"wp:featuredmedia":[{"embeddable":true,"href":"https:\/\/artesanatodotocantins.com.br\/en\/wp-json\/wp\/v2\/media\/6476"}],"wp:attachment":[{"href":"https:\/\/artesanatodotocantins.com.br\/en\/wp-json\/wp\/v2\/media?parent=4492"}],"wp:term":[{"taxonomy":"product_brand","embeddable":true,"href":"https:\/\/artesanatodotocantins.com.br\/en\/wp-json\/wp\/v2\/product_brand?post=4492"},{"taxonomy":"product_cat","embeddable":true,"href":"https:\/\/artesanatodotocantins.com.br\/en\/wp-json\/wp\/v2\/product_cat?post=4492"},{"taxonomy":"product_tag","embeddable":true,"href":"https:\/\/artesanatodotocantins.com.br\/en\/wp-json\/wp\/v2\/product_tag?post=4492"}],"curies":[{"name":"wp","href":"https:\/\/api.w.org\/{rel}","templated":true}]}}