{"id":4575,"date":"2025-04-08T20:57:10","date_gmt":"2025-04-08T20:57:10","guid":{"rendered":"https:\/\/artesanatodotocantins.com.br\/product\/caixa-capim-dourado-lisa-linha-buriti-21x8\/"},"modified":"2025-11-26T15:12:13","modified_gmt":"2025-11-26T15:12:13","slug":"caixa-capim-dourado-lisa-linha-buriti-21x8","status":"publish","type":"product","link":"https:\/\/artesanatodotocantins.com.br\/en\/product\/caixa-capim-dourado-lisa-linha-buriti-21x8\/","title":{"rendered":"Caixa de Capim Dourado linha Buriti 21&#215;7,5"},"content":{"rendered":"<p>Produto:\u00a0<\/p>\n<p>Peso M\u00e9dio do Produto: 250 gramas<br \/>Tamanho do Produto Aproximado: 21 x 21 x 7,50cm<br \/>Embalagem:<br \/>Peso com embalagem medio de envio: 500 gramas<\/p>\n<p>Tamanho da Caixa Aproximadado: 30cm x 30cm x 10cm<\/p>\n<p>\u00a0<\/p>\n<p>O\u00a0<strong data-start=\"459\" data-end=\"487\">Pote de Capim Dourado<\/strong>\u00a0\u00e9 uma pe\u00e7a artesanal feita \u00e0 m\u00e3o com hastes naturais do capim dourado, s\u00edmbolo do artesanato tocantinense.<br data-start=\"594\" data-end=\"597\" \/>Seu brilho natural e acabamento impec\u00e1vel tornam cada item \u00fanico, combinando\u00a0<strong data-start=\"674\" data-end=\"722\">beleza, sustentabilidade e tradi\u00e7\u00e3o cultural<\/strong>.<br data-start=\"723\" data-end=\"726\" \/>Ideal para uso como\u00a0<strong data-start=\"746\" data-end=\"796\">vaso decorativo, organizador ou centro de mesa<\/strong>, o cachep\u00f4 traz o encanto do trabalho manual e valoriza a arte dos artes\u00e3os locais.<br data-start=\"880\" data-end=\"883\" \/>Al\u00e9m de ecol\u00f3gico, \u00e9 leve, resistente e perfeito para dar um toque natural e elegante a qualquer ambiente.<\/p>","protected":false},"excerpt":{"rendered":"<p>Produto:\u00a0 Peso M\u00e9dio do Produto: 250 gramasTamanho do Produto Aproximado: 21 x 21 x 7,50cmEmbalagem:Peso com embalagem medio de envio: 500 gramas Tamanho da Caixa Aproximadado: 30cm x 30cm x 10cm \u00a0 O\u00a0Pote de Capim Dourado\u00a0\u00e9 uma pe\u00e7a artesanal feita \u00e0 m\u00e3o com hastes naturais do capim dourado, s\u00edmbolo do artesanato tocantinense.Seu brilho natural e [&hellip;]<\/p>\n","protected":false},"featured_media":5657,"comment_status":"open","ping_status":"closed","template":"","meta":{"_gspb_post_css":"","_uag_custom_page_level_css":""},"product_brand":[],"product_cat":[59],"product_tag":[],"class_list":{"0":"post-4575","1":"product","2":"type-product","3":"status-publish","4":"has-post-thumbnail","6":"product_cat-caixas","8":"first","9":"instock","10":"shipping-taxable","11":"purchasable","12":"product-type-simple"},"aioseo_notices":[],"ct_brands":[],"uagb_featured_image_src":{"full":["https:\/\/artesanatodotocantins.com.br\/wp-content\/uploads\/2025\/09\/15346330359-15338924076-whatsapp-image-2025-04-08-at-17-44-28.jpeg",1496,1496,false],"thumbnail":["https:\/\/artesanatodotocantins.com.br\/wp-content\/uploads\/2025\/09\/15346330359-15338924076-whatsapp-image-2025-04-08-at-17-44-28-150x150.jpeg",150,150,true],"medium":["https:\/\/artesanatodotocantins.com.br\/wp-content\/uploads\/2025\/09\/15346330359-15338924076-whatsapp-image-2025-04-08-at-17-44-28-300x300.jpeg",300,300,true],"medium_large":["https:\/\/artesanatodotocantins.com.br\/wp-content\/uploads\/2025\/09\/15346330359-15338924076-whatsapp-image-2025-04-08-at-17-44-28-768x768.jpeg",768,768,true],"large":["https:\/\/artesanatodotocantins.com.br\/wp-content\/uploads\/2025\/09\/15346330359-15338924076-whatsapp-image-2025-04-08-at-17-44-28-1024x1024.jpeg",1024,1024,true],"1536x1536":["https:\/\/artesanatodotocantins.com.br\/wp-content\/uploads\/2025\/09\/15346330359-15338924076-whatsapp-image-2025-04-08-at-17-44-28.jpeg",1496,1496,false],"2048x2048":["https:\/\/artesanatodotocantins.com.br\/wp-content\/uploads\/2025\/09\/15346330359-15338924076-whatsapp-image-2025-04-08-at-17-44-28.jpeg",1496,1496,false],"trp-custom-language-flag":["https:\/\/artesanatodotocantins.com.br\/wp-content\/uploads\/2025\/09\/15346330359-15338924076-whatsapp-image-2025-04-08-at-17-44-28.jpeg",12,12,false],"woocommerce_archive_thumbnail":["https:\/\/artesanatodotocantins.com.br\/wp-content\/uploads\/2025\/09\/15346330359-15338924076-whatsapp-image-2025-04-08-at-17-44-28-500x500.jpeg",500,500,true],"woocommerce_thumbnail":["https:\/\/artesanatodotocantins.com.br\/wp-content\/uploads\/2025\/09\/15346330359-15338924076-whatsapp-image-2025-04-08-at-17-44-28-300x300.jpeg",300,300,true],"woocommerce_single":["https:\/\/artesanatodotocantins.com.br\/wp-content\/uploads\/2025\/09\/15346330359-15338924076-whatsapp-image-2025-04-08-at-17-44-28-800x800.jpeg",800,800,true],"woocommerce_gallery_thumbnail":["https:\/\/artesanatodotocantins.com.br\/wp-content\/uploads\/2025\/09\/15346330359-15338924076-whatsapp-image-2025-04-08-at-17-44-28-300x300.jpeg",300,300,true]},"uagb_author_info":{"display_name":"GEOVANNE MACHADO","author_link":"https:\/\/artesanatodotocantins.com.br\/en\/author\/"},"uagb_comment_info":0,"uagb_excerpt":"Produto:\u00a0 Peso M\u00e9dio do Produto: 250 gramasTamanho do Produto Aproximado: 21 x 21 x 7,50cmEmbalagem:Peso com embalagem medio de envio: 500 gramas Tamanho da Caixa Aproximadado: 30cm x 30cm x 10cm \u00a0 O\u00a0Pote de Capim Dourado\u00a0\u00e9 uma pe\u00e7a artesanal feita \u00e0 m\u00e3o com hastes naturais do capim dourado, s\u00edmbolo do artesanato tocantinense.Seu brilho natural e&hellip;","_links":{"self":[{"href":"https:\/\/artesanatodotocantins.com.br\/en\/wp-json\/wp\/v2\/product\/4575","targetHints":{"allow":["GET"]}}],"collection":[{"href":"https:\/\/artesanatodotocantins.com.br\/en\/wp-json\/wp\/v2\/product"}],"about":[{"href":"https:\/\/artesanatodotocantins.com.br\/en\/wp-json\/wp\/v2\/types\/product"}],"replies":[{"embeddable":true,"href":"https:\/\/artesanatodotocantins.com.br\/en\/wp-json\/wp\/v2\/comments?post=4575"}],"wp:featuredmedia":[{"embeddable":true,"href":"https:\/\/artesanatodotocantins.com.br\/en\/wp-json\/wp\/v2\/media\/5657"}],"wp:attachment":[{"href":"https:\/\/artesanatodotocantins.com.br\/en\/wp-json\/wp\/v2\/media?parent=4575"}],"wp:term":[{"taxonomy":"product_brand","embeddable":true,"href":"https:\/\/artesanatodotocantins.com.br\/en\/wp-json\/wp\/v2\/product_brand?post=4575"},{"taxonomy":"product_cat","embeddable":true,"href":"https:\/\/artesanatodotocantins.com.br\/en\/wp-json\/wp\/v2\/product_cat?post=4575"},{"taxonomy":"product_tag","embeddable":true,"href":"https:\/\/artesanatodotocantins.com.br\/en\/wp-json\/wp\/v2\/product_tag?post=4575"}],"curies":[{"name":"wp","href":"https:\/\/api.w.org\/{rel}","templated":true}]}}