{"id":4577,"date":"2025-04-09T13:36:27","date_gmt":"2025-04-09T13:36:27","guid":{"rendered":"https:\/\/artesanatodotocantins.com.br\/product\/bolsa-capim-dourado-redonda\/"},"modified":"2025-09-24T20:01:49","modified_gmt":"2025-09-24T20:01:49","slug":"bolsa-capim-dourado-redonda","status":"publish","type":"product","link":"https:\/\/artesanatodotocantins.com.br\/en\/product\/bolsa-capim-dourado-redonda\/","title":{"rendered":"Bolsa Ind\u00edgena de Fibra de Buriti"},"content":{"rendered":"<p>Produto:\u00a0<\/p>\n<p>Peso M\u00e9dio do Produto: 200 gramas<br \/>Tamanho do Produto Aproximado: 22cm x 25cm x 7cm<br \/>Embalagem:<br \/>Peso com embalagem medio de envio: 500 gramas<\/p>\n<p>Tamanho da Caixa Aproximadado: 30cm x 10cm x 30cm<\/p>\n<p>\u00a0<\/p>\n<p>A <strong data-start=\"233\" data-end=\"280\">Bolsa de Palha em Fibra de Buriti Artesanal<\/strong> \u00e9 confeccionada manualmente com fibras naturais extra\u00eddas do buriti, Palmeira t\u00edpica do cerrado brasileiro. Seu tran\u00e7ado delicado e resistente une tradi\u00e7\u00e3o e autenticidade em cada detalhe, resultando em uma pe\u00e7a leve, sustent\u00e1vel e de grande durabilidade. Cada bolsa \u00e9 \u00fanica, preservando a identidade do artesanato regional e valorizando o uso de mat\u00e9rias-primas ecol\u00f3gicas. Ideal para quem busca estilo, praticidade e consci\u00eancia ambiental em um s\u00f3 acess\u00f3rio.<\/p>","protected":false},"excerpt":{"rendered":"<p>Produto:\u00a0 Peso M\u00e9dio do Produto: 200 gramasTamanho do Produto Aproximado: 22cm x 25cm x 7cmEmbalagem:Peso com embalagem medio de envio: 500 gramas Tamanho da Caixa Aproximadado: 30cm x 10cm x 30cm \u00a0 A Bolsa de Palha em Fibra de Buriti Artesanal \u00e9 confeccionada manualmente com fibras naturais extra\u00eddas do buriti, Palmeira t\u00edpica do cerrado brasileiro. [&hellip;]<\/p>\n","protected":false},"featured_media":5717,"comment_status":"open","ping_status":"closed","template":"","meta":{"_gspb_post_css":"","_uag_custom_page_level_css":""},"product_brand":[],"product_cat":[80],"product_tag":[],"class_list":{"0":"post-4577","1":"product","2":"type-product","3":"status-publish","4":"has-post-thumbnail","6":"product_cat-bolsas-2","8":"first","9":"instock","10":"shipping-taxable","11":"purchasable","12":"product-type-simple"},"aioseo_notices":[],"ct_brands":[],"uagb_featured_image_src":{"full":["https:\/\/artesanatodotocantins.com.br\/wp-content\/uploads\/2025\/09\/15378503913-whatsapp-image-2025-09-24-at-16-34-19.jpeg",1496,1496,false],"thumbnail":["https:\/\/artesanatodotocantins.com.br\/wp-content\/uploads\/2025\/09\/15378503913-whatsapp-image-2025-09-24-at-16-34-19-150x150.jpeg",150,150,true],"medium":["https:\/\/artesanatodotocantins.com.br\/wp-content\/uploads\/2025\/09\/15378503913-whatsapp-image-2025-09-24-at-16-34-19-300x300.jpeg",300,300,true],"medium_large":["https:\/\/artesanatodotocantins.com.br\/wp-content\/uploads\/2025\/09\/15378503913-whatsapp-image-2025-09-24-at-16-34-19-768x768.jpeg",768,768,true],"large":["https:\/\/artesanatodotocantins.com.br\/wp-content\/uploads\/2025\/09\/15378503913-whatsapp-image-2025-09-24-at-16-34-19-1024x1024.jpeg",1024,1024,true],"1536x1536":["https:\/\/artesanatodotocantins.com.br\/wp-content\/uploads\/2025\/09\/15378503913-whatsapp-image-2025-09-24-at-16-34-19.jpeg",1496,1496,false],"2048x2048":["https:\/\/artesanatodotocantins.com.br\/wp-content\/uploads\/2025\/09\/15378503913-whatsapp-image-2025-09-24-at-16-34-19.jpeg",1496,1496,false],"trp-custom-language-flag":["https:\/\/artesanatodotocantins.com.br\/wp-content\/uploads\/2025\/09\/15378503913-whatsapp-image-2025-09-24-at-16-34-19-12x12.jpeg",12,12,true],"woocommerce_archive_thumbnail":["https:\/\/artesanatodotocantins.com.br\/wp-content\/uploads\/2025\/09\/15378503913-whatsapp-image-2025-09-24-at-16-34-19-500x500.jpeg",500,500,true],"woocommerce_thumbnail":["https:\/\/artesanatodotocantins.com.br\/wp-content\/uploads\/2025\/09\/15378503913-whatsapp-image-2025-09-24-at-16-34-19-300x300.jpeg",300,300,true],"woocommerce_single":["https:\/\/artesanatodotocantins.com.br\/wp-content\/uploads\/2025\/09\/15378503913-whatsapp-image-2025-09-24-at-16-34-19-800x800.jpeg",800,800,true],"woocommerce_gallery_thumbnail":["https:\/\/artesanatodotocantins.com.br\/wp-content\/uploads\/2025\/09\/15378503913-whatsapp-image-2025-09-24-at-16-34-19-300x300.jpeg",300,300,true]},"uagb_author_info":{"display_name":"GEOVANNE MACHADO","author_link":"https:\/\/artesanatodotocantins.com.br\/en\/author\/"},"uagb_comment_info":0,"uagb_excerpt":"Produto:\u00a0 Peso M\u00e9dio do Produto: 200 gramasTamanho do Produto Aproximado: 22cm x 25cm x 7cmEmbalagem:Peso com embalagem medio de envio: 500 gramas Tamanho da Caixa Aproximadado: 30cm x 10cm x 30cm \u00a0 A Bolsa de Palha em Fibra de Buriti Artesanal \u00e9 confeccionada manualmente com fibras naturais extra\u00eddas do buriti, Palmeira t\u00edpica do cerrado brasileiro.&hellip;","_links":{"self":[{"href":"https:\/\/artesanatodotocantins.com.br\/en\/wp-json\/wp\/v2\/product\/4577","targetHints":{"allow":["GET"]}}],"collection":[{"href":"https:\/\/artesanatodotocantins.com.br\/en\/wp-json\/wp\/v2\/product"}],"about":[{"href":"https:\/\/artesanatodotocantins.com.br\/en\/wp-json\/wp\/v2\/types\/product"}],"replies":[{"embeddable":true,"href":"https:\/\/artesanatodotocantins.com.br\/en\/wp-json\/wp\/v2\/comments?post=4577"}],"wp:featuredmedia":[{"embeddable":true,"href":"https:\/\/artesanatodotocantins.com.br\/en\/wp-json\/wp\/v2\/media\/5717"}],"wp:attachment":[{"href":"https:\/\/artesanatodotocantins.com.br\/en\/wp-json\/wp\/v2\/media?parent=4577"}],"wp:term":[{"taxonomy":"product_brand","embeddable":true,"href":"https:\/\/artesanatodotocantins.com.br\/en\/wp-json\/wp\/v2\/product_brand?post=4577"},{"taxonomy":"product_cat","embeddable":true,"href":"https:\/\/artesanatodotocantins.com.br\/en\/wp-json\/wp\/v2\/product_cat?post=4577"},{"taxonomy":"product_tag","embeddable":true,"href":"https:\/\/artesanatodotocantins.com.br\/en\/wp-json\/wp\/v2\/product_tag?post=4577"}],"curies":[{"name":"wp","href":"https:\/\/api.w.org\/{rel}","templated":true}]}}