{"id":4860,"date":"2025-05-05T18:51:12","date_gmt":"2025-05-05T18:51:12","guid":{"rendered":"https:\/\/artesanatodotocantins.com.br\/product\/pote-bombonier-c-dourado-55545258455756\/"},"modified":"2026-04-01T19:04:49","modified_gmt":"2026-04-01T19:04:49","slug":"pote-bombonier-c-dourado-55545258455756","status":"publish","type":"product","link":"https:\/\/artesanatodotocantins.com.br\/en\/product\/pote-bombonier-c-dourado-55545258455756\/","title":{"rendered":"Pote\/ Bombonier de Capim Dourado (55;58)"},"content":{"rendered":"<p>Produto:\u00a0<\/p>\n<p>Peso M\u00e9dio do Produto: 282 gramas<br \/>Tamanho pode Variar : 20 x 22cm<\/p>\n<p>Embalagem:<br \/>Peso com embalagem medio de envio: 500 gramas<\/p>\n<p>Tamanho da Caixa Aproximadado: 30cm x 30cm x 25cm<\/p>\n<p>\u00a0<\/p>\n<p data-start=\"414\" data-end=\"680\">O Pote de Capim Dourado \u00e9 uma pe\u00e7a artesanal exclusiva, produzida manualmente com fibras naturais do Jalap\u00e3o. Seu brilho \u00fanico e tran\u00e7ado tradicional transformam o vaso em um elemento decorativo sofisticado, perfeito para salas, mesas, aparadores ou escrit\u00f3rios.<\/p>\n<p>\u00a0<\/p>\n<p data-start=\"682\" data-end=\"865\">Pode ser usado como pe\u00e7a decorativa individual, arranjo seco ou composi\u00e7\u00e3o com outros elementos naturais. Cada pote \u00e9 \u00fanico, valorizando a cultura e a arte dos artes\u00e3os tocantinenses.<\/p>","protected":false},"excerpt":{"rendered":"<p>Produto:\u00a0 Peso M\u00e9dio do Produto: 282 gramasTamanho pode Variar : 20 x 22cm Embalagem:Peso com embalagem medio de envio: 500 gramas Tamanho da Caixa Aproximadado: 30cm x 30cm x 25cm \u00a0 O Pote de Capim Dourado \u00e9 uma pe\u00e7a artesanal exclusiva, produzida manualmente com fibras naturais do Jalap\u00e3o. Seu brilho \u00fanico e tran\u00e7ado tradicional transformam [&hellip;]<\/p>\n","protected":false},"featured_media":6615,"comment_status":"open","ping_status":"closed","template":"","meta":{"_gspb_post_css":"","_uag_custom_page_level_css":""},"product_brand":[],"product_cat":[65],"product_tag":[],"class_list":{"0":"post-4860","1":"product","2":"type-product","3":"status-publish","4":"has-post-thumbnail","6":"product_cat-cachepo-pote","8":"first","9":"instock","10":"shipping-taxable","11":"purchasable","12":"product-type-simple"},"aioseo_notices":[],"ct_brands":[],"uagb_featured_image_src":{"full":["https:\/\/artesanatodotocantins.com.br\/wp-content\/uploads\/2025\/11\/15396876934-15280674949-whatsapp-image-2024-06-22-at-11-33-48.jpeg",1496,1496,false],"thumbnail":["https:\/\/artesanatodotocantins.com.br\/wp-content\/uploads\/2025\/11\/15396876934-15280674949-whatsapp-image-2024-06-22-at-11-33-48-150x150.jpeg",150,150,true],"medium":["https:\/\/artesanatodotocantins.com.br\/wp-content\/uploads\/2025\/11\/15396876934-15280674949-whatsapp-image-2024-06-22-at-11-33-48-300x300.jpeg",300,300,true],"medium_large":["https:\/\/artesanatodotocantins.com.br\/wp-content\/uploads\/2025\/11\/15396876934-15280674949-whatsapp-image-2024-06-22-at-11-33-48-768x768.jpeg",768,768,true],"large":["https:\/\/artesanatodotocantins.com.br\/wp-content\/uploads\/2025\/11\/15396876934-15280674949-whatsapp-image-2024-06-22-at-11-33-48-1024x1024.jpeg",1024,1024,true],"1536x1536":["https:\/\/artesanatodotocantins.com.br\/wp-content\/uploads\/2025\/11\/15396876934-15280674949-whatsapp-image-2024-06-22-at-11-33-48.jpeg",1496,1496,false],"2048x2048":["https:\/\/artesanatodotocantins.com.br\/wp-content\/uploads\/2025\/11\/15396876934-15280674949-whatsapp-image-2024-06-22-at-11-33-48.jpeg",1496,1496,false],"trp-custom-language-flag":["https:\/\/artesanatodotocantins.com.br\/wp-content\/uploads\/2025\/11\/15396876934-15280674949-whatsapp-image-2024-06-22-at-11-33-48-12x12.jpeg",12,12,true],"woocommerce_archive_thumbnail":["https:\/\/artesanatodotocantins.com.br\/wp-content\/uploads\/2025\/11\/15396876934-15280674949-whatsapp-image-2024-06-22-at-11-33-48-500x500.jpeg",500,500,true],"woocommerce_thumbnail":["https:\/\/artesanatodotocantins.com.br\/wp-content\/uploads\/2025\/11\/15396876934-15280674949-whatsapp-image-2024-06-22-at-11-33-48-300x300.jpeg",300,300,true],"woocommerce_single":["https:\/\/artesanatodotocantins.com.br\/wp-content\/uploads\/2025\/11\/15396876934-15280674949-whatsapp-image-2024-06-22-at-11-33-48-800x800.jpeg",800,800,true],"woocommerce_gallery_thumbnail":["https:\/\/artesanatodotocantins.com.br\/wp-content\/uploads\/2025\/11\/15396876934-15280674949-whatsapp-image-2024-06-22-at-11-33-48-300x300.jpeg",300,300,true]},"uagb_author_info":{"display_name":"GEOVANNE MACHADO","author_link":"https:\/\/artesanatodotocantins.com.br\/en\/author\/"},"uagb_comment_info":0,"uagb_excerpt":"Produto:\u00a0 Peso M\u00e9dio do Produto: 282 gramasTamanho pode Variar : 20 x 22cm Embalagem:Peso com embalagem medio de envio: 500 gramas Tamanho da Caixa Aproximadado: 30cm x 30cm x 25cm \u00a0 O Pote de Capim Dourado \u00e9 uma pe\u00e7a artesanal exclusiva, produzida manualmente com fibras naturais do Jalap\u00e3o. Seu brilho \u00fanico e tran\u00e7ado tradicional transformam&hellip;","_links":{"self":[{"href":"https:\/\/artesanatodotocantins.com.br\/en\/wp-json\/wp\/v2\/product\/4860","targetHints":{"allow":["GET"]}}],"collection":[{"href":"https:\/\/artesanatodotocantins.com.br\/en\/wp-json\/wp\/v2\/product"}],"about":[{"href":"https:\/\/artesanatodotocantins.com.br\/en\/wp-json\/wp\/v2\/types\/product"}],"replies":[{"embeddable":true,"href":"https:\/\/artesanatodotocantins.com.br\/en\/wp-json\/wp\/v2\/comments?post=4860"}],"wp:featuredmedia":[{"embeddable":true,"href":"https:\/\/artesanatodotocantins.com.br\/en\/wp-json\/wp\/v2\/media\/6615"}],"wp:attachment":[{"href":"https:\/\/artesanatodotocantins.com.br\/en\/wp-json\/wp\/v2\/media?parent=4860"}],"wp:term":[{"taxonomy":"product_brand","embeddable":true,"href":"https:\/\/artesanatodotocantins.com.br\/en\/wp-json\/wp\/v2\/product_brand?post=4860"},{"taxonomy":"product_cat","embeddable":true,"href":"https:\/\/artesanatodotocantins.com.br\/en\/wp-json\/wp\/v2\/product_cat?post=4860"},{"taxonomy":"product_tag","embeddable":true,"href":"https:\/\/artesanatodotocantins.com.br\/en\/wp-json\/wp\/v2\/product_tag?post=4860"}],"curies":[{"name":"wp","href":"https:\/\/api.w.org\/{rel}","templated":true}]}}