{"id":4864,"date":"2025-05-07T13:24:25","date_gmt":"2025-05-07T13:24:25","guid":{"rendered":"https:\/\/artesanatodotocantins.com.br\/product\/prato-ceramica-fauna-to-pitado-a-mao-livre-arara-azul\/"},"modified":"2025-07-29T18:16:25","modified_gmt":"2025-07-29T18:16:25","slug":"prato-ceramica-fauna-to-pitado-a-mao-livre-arara-azul","status":"publish","type":"product","link":"https:\/\/artesanatodotocantins.com.br\/en\/product\/prato-ceramica-fauna-to-pitado-a-mao-livre-arara-azul\/","title":{"rendered":"#PRATO CERAMICA FAUNA TO PITADO A M\u00c3O LIVRE ARARA AZUL#"},"content":{"rendered":"<p>Prato Decorativo de Cer\u00e2mica \u2013 Arara Azul: O Grito da Liberdade na Floresta<\/p>\n<p>Em pleno cora\u00e7\u00e3o do Brasil, onde o c\u00e9u se encontra com as copas das \u00e1rvores e os rios refletem as cores da mata, nasce a inspira\u00e7\u00e3o para este prato de cer\u00e2mica artesanal.<\/p>\n<p>A arara azul, s\u00edmbolo de liberdade, beleza e resist\u00eancia, ganha vida pelas m\u00e3os de artistas que traduzem em pinceladas a riqueza da fauna brasileira no Tocantins.<\/p>\n<p>\u00a0<\/p>\n<p>Cada detalhe dessa pe\u00e7a \u00e9 um convite para voar junto com essa ave ic\u00f4nica, sobrevoando florestas, rios e serras, lembrando-nos da import\u00e2ncia de preservar nossa natureza e nossas ra\u00edzes. O fundo do prato recria um cen\u00e1rio t\u00edpico do Cerrado, com tons vivos e tra\u00e7os que carregam emo\u00e7\u00e3o.<\/p>\n<p>\u00a0<\/p>\n<p>Feito \u00e0 m\u00e3o, esse prato n\u00e3o \u00e9 apenas um objeto decorativo\u00a0 \u00e9 uma obra que carrega hist\u00f3ria, cultura e consci\u00eancia ambiental.<\/p>\n<p>\u00a0<\/p>\n<p>\u27a4 Pintura manual, exclusiva em cada pe\u00e7a<\/p>\n<p>\u27a4 Cer\u00e2mica de base artesanal, produzida localmente<\/p>\n<p>\u27a4\u00a0Aproximadamente: 17CM ( DIAMETRO)<\/p>\n<p>\u27a4 Peso Aproximado: 290 Gramas<\/p>\n<p>\u27a4 Inspirado nos biomas brasileiros<\/p>\n<p>\u27a4 Ideal para colecionadores, amantes da natureza e decora\u00e7\u00e3o com alma<\/p>","protected":false},"excerpt":{"rendered":"<p>Prato Decorativo de Cer\u00e2mica \u2013 Arara Azul: O Grito da Liberdade na Floresta Em pleno cora\u00e7\u00e3o do Brasil, onde o c\u00e9u se encontra com as copas das \u00e1rvores e os rios refletem as cores da mata, nasce a inspira\u00e7\u00e3o para este prato de cer\u00e2mica artesanal. A arara azul, s\u00edmbolo de liberdade, beleza e resist\u00eancia, ganha [&hellip;]<\/p>\n","protected":false},"featured_media":5192,"comment_status":"open","ping_status":"closed","template":"","meta":{"_gspb_post_css":"","_uag_custom_page_level_css":""},"product_brand":[],"product_cat":[66],"product_tag":[],"class_list":{"0":"post-4864","1":"product","2":"type-product","3":"status-publish","4":"has-post-thumbnail","6":"product_cat-ceramicas","8":"first","9":"outofstock","10":"shipping-taxable","11":"purchasable","12":"product-type-simple"},"aioseo_notices":[],"ct_brands":[],"uagb_featured_image_src":{"full":["https:\/\/artesanatodotocantins.com.br\/wp-content\/uploads\/2025\/07\/15365833328-15365830950-15365829754-15365826984-15365815083-15365812779-whatsapp-image-2025-07-29-at-12-46.jpeg",1496,1496,false],"thumbnail":["https:\/\/artesanatodotocantins.com.br\/wp-content\/uploads\/2025\/07\/15365833328-15365830950-15365829754-15365826984-15365815083-15365812779-whatsapp-image-2025-07-29-at-12-46-150x150.jpeg",150,150,true],"medium":["https:\/\/artesanatodotocantins.com.br\/wp-content\/uploads\/2025\/07\/15365833328-15365830950-15365829754-15365826984-15365815083-15365812779-whatsapp-image-2025-07-29-at-12-46-300x300.jpeg",300,300,true],"medium_large":["https:\/\/artesanatodotocantins.com.br\/wp-content\/uploads\/2025\/07\/15365833328-15365830950-15365829754-15365826984-15365815083-15365812779-whatsapp-image-2025-07-29-at-12-46-768x768.jpeg",768,768,true],"large":["https:\/\/artesanatodotocantins.com.br\/wp-content\/uploads\/2025\/07\/15365833328-15365830950-15365829754-15365826984-15365815083-15365812779-whatsapp-image-2025-07-29-at-12-46-1024x1024.jpeg",1024,1024,true],"1536x1536":["https:\/\/artesanatodotocantins.com.br\/wp-content\/uploads\/2025\/07\/15365833328-15365830950-15365829754-15365826984-15365815083-15365812779-whatsapp-image-2025-07-29-at-12-46.jpeg",1496,1496,false],"2048x2048":["https:\/\/artesanatodotocantins.com.br\/wp-content\/uploads\/2025\/07\/15365833328-15365830950-15365829754-15365826984-15365815083-15365812779-whatsapp-image-2025-07-29-at-12-46.jpeg",1496,1496,false],"trp-custom-language-flag":["https:\/\/artesanatodotocantins.com.br\/wp-content\/uploads\/2025\/07\/15365833328-15365830950-15365829754-15365826984-15365815083-15365812779-whatsapp-image-2025-07-29-at-12-46.jpeg",12,12,false],"woocommerce_archive_thumbnail":["https:\/\/artesanatodotocantins.com.br\/wp-content\/uploads\/2025\/07\/15365833328-15365830950-15365829754-15365826984-15365815083-15365812779-whatsapp-image-2025-07-29-at-12-46-500x500.jpeg",500,500,true],"woocommerce_thumbnail":["https:\/\/artesanatodotocantins.com.br\/wp-content\/uploads\/2025\/07\/15365833328-15365830950-15365829754-15365826984-15365815083-15365812779-whatsapp-image-2025-07-29-at-12-46-300x300.jpeg",300,300,true],"woocommerce_single":["https:\/\/artesanatodotocantins.com.br\/wp-content\/uploads\/2025\/07\/15365833328-15365830950-15365829754-15365826984-15365815083-15365812779-whatsapp-image-2025-07-29-at-12-46-800x800.jpeg",800,800,true],"woocommerce_gallery_thumbnail":["https:\/\/artesanatodotocantins.com.br\/wp-content\/uploads\/2025\/07\/15365833328-15365830950-15365829754-15365826984-15365815083-15365812779-whatsapp-image-2025-07-29-at-12-46-300x300.jpeg",300,300,true]},"uagb_author_info":{"display_name":"GEOVANNE MACHADO","author_link":"https:\/\/artesanatodotocantins.com.br\/en\/author\/"},"uagb_comment_info":0,"uagb_excerpt":"Prato Decorativo de Cer\u00e2mica \u2013 Arara Azul: O Grito da Liberdade na Floresta Em pleno cora\u00e7\u00e3o do Brasil, onde o c\u00e9u se encontra com as copas das \u00e1rvores e os rios refletem as cores da mata, nasce a inspira\u00e7\u00e3o para este prato de cer\u00e2mica artesanal. A arara azul, s\u00edmbolo de liberdade, beleza e resist\u00eancia, ganha&hellip;","_links":{"self":[{"href":"https:\/\/artesanatodotocantins.com.br\/en\/wp-json\/wp\/v2\/product\/4864","targetHints":{"allow":["GET"]}}],"collection":[{"href":"https:\/\/artesanatodotocantins.com.br\/en\/wp-json\/wp\/v2\/product"}],"about":[{"href":"https:\/\/artesanatodotocantins.com.br\/en\/wp-json\/wp\/v2\/types\/product"}],"replies":[{"embeddable":true,"href":"https:\/\/artesanatodotocantins.com.br\/en\/wp-json\/wp\/v2\/comments?post=4864"}],"wp:featuredmedia":[{"embeddable":true,"href":"https:\/\/artesanatodotocantins.com.br\/en\/wp-json\/wp\/v2\/media\/5192"}],"wp:attachment":[{"href":"https:\/\/artesanatodotocantins.com.br\/en\/wp-json\/wp\/v2\/media?parent=4864"}],"wp:term":[{"taxonomy":"product_brand","embeddable":true,"href":"https:\/\/artesanatodotocantins.com.br\/en\/wp-json\/wp\/v2\/product_brand?post=4864"},{"taxonomy":"product_cat","embeddable":true,"href":"https:\/\/artesanatodotocantins.com.br\/en\/wp-json\/wp\/v2\/product_cat?post=4864"},{"taxonomy":"product_tag","embeddable":true,"href":"https:\/\/artesanatodotocantins.com.br\/en\/wp-json\/wp\/v2\/product_tag?post=4864"}],"curies":[{"name":"wp","href":"https:\/\/api.w.org\/{rel}","templated":true}]}}