{"id":4922,"date":"2025-05-08T21:16:43","date_gmt":"2025-05-08T21:16:43","guid":{"rendered":"https:\/\/artesanatodotocantins.com.br\/product\/vaso-capim-dourado-design-andrieli-m\/"},"modified":"2025-11-28T16:34:04","modified_gmt":"2025-11-28T16:34:04","slug":"vaso-capim-dourado-design-andrieli-m","status":"publish","type":"product","link":"https:\/\/artesanatodotocantins.com.br\/en\/product\/vaso-capim-dourado-design-andrieli-m\/","title":{"rendered":"Vaso de Capim Dourado Design Andrieli Pinto"},"content":{"rendered":"<p>Produto:\u00a0<\/p>\n<p>Peso M\u00e9dio do Produto: 210 gramas<br \/>Tamanho pode Variar : 25 x 20 x 17cm<\/p>\n<p>Embalagem:<br \/>Peso com embalagem medio de envio: 400 gramas<\/p>\n<p>Tamanho da Caixa Aproximadado: 30cm x 30cm x 20cm<\/p>\n<p>\u00a0<\/p>\n<p data-start=\"414\" data-end=\"680\">O <strong data-start=\"416\" data-end=\"441\">Vaso de Capim Dourado<\/strong> \u00e9 uma pe\u00e7a artesanal exclusiva, produzida manualmente com fibras naturais do Jalap\u00e3o. Seu brilho \u00fanico e tran\u00e7ado tradicional transformam o vaso em um elemento decorativo sofisticado, perfeito para salas, mesas, aparadores ou escrit\u00f3rios.<\/p>\n<p>\u00a0<\/p>\n<p data-start=\"682\" data-end=\"865\">Pode ser usado como pe\u00e7a decorativa individual, arranjo seco ou composi\u00e7\u00e3o com outros elementos naturais. Cada vaso \u00e9 \u00fanico, valorizando a cultura e a arte dos artes\u00e3os tocantinenses.<\/p>","protected":false},"excerpt":{"rendered":"<p>Produto:\u00a0 Peso M\u00e9dio do Produto: 210 gramasTamanho pode Variar : 25 x 20 x 17cm Embalagem:Peso com embalagem medio de envio: 400 gramas Tamanho da Caixa Aproximadado: 30cm x 30cm x 20cm \u00a0 O Vaso de Capim Dourado \u00e9 uma pe\u00e7a artesanal exclusiva, produzida manualmente com fibras naturais do Jalap\u00e3o. Seu brilho \u00fanico e tran\u00e7ado [&hellip;]<\/p>\n","protected":false},"featured_media":4921,"comment_status":"open","ping_status":"closed","template":"","meta":{"_gspb_post_css":"","_uag_custom_page_level_css":""},"product_brand":[],"product_cat":[57],"product_tag":[],"class_list":{"0":"post-4922","1":"product","2":"type-product","3":"status-publish","4":"has-post-thumbnail","6":"product_cat-vasos","8":"first","9":"instock","10":"shipping-taxable","11":"purchasable","12":"product-type-simple"},"aioseo_notices":[],"ct_brands":[],"uagb_featured_image_src":{"full":["https:\/\/artesanatodotocantins.com.br\/wp-content\/uploads\/2025\/05\/15346462244-whatsapp-image-2025-05-08-at-18-09-30.jpeg",1496,1496,false],"thumbnail":["https:\/\/artesanatodotocantins.com.br\/wp-content\/uploads\/2025\/05\/15346462244-whatsapp-image-2025-05-08-at-18-09-30-150x150.jpeg",150,150,true],"medium":["https:\/\/artesanatodotocantins.com.br\/wp-content\/uploads\/2025\/05\/15346462244-whatsapp-image-2025-05-08-at-18-09-30-300x300.jpeg",300,300,true],"medium_large":["https:\/\/artesanatodotocantins.com.br\/wp-content\/uploads\/2025\/05\/15346462244-whatsapp-image-2025-05-08-at-18-09-30-768x768.jpeg",768,768,true],"large":["https:\/\/artesanatodotocantins.com.br\/wp-content\/uploads\/2025\/05\/15346462244-whatsapp-image-2025-05-08-at-18-09-30-1024x1024.jpeg",1024,1024,true],"1536x1536":["https:\/\/artesanatodotocantins.com.br\/wp-content\/uploads\/2025\/05\/15346462244-whatsapp-image-2025-05-08-at-18-09-30.jpeg",1496,1496,false],"2048x2048":["https:\/\/artesanatodotocantins.com.br\/wp-content\/uploads\/2025\/05\/15346462244-whatsapp-image-2025-05-08-at-18-09-30.jpeg",1496,1496,false],"trp-custom-language-flag":["https:\/\/artesanatodotocantins.com.br\/wp-content\/uploads\/2025\/05\/15346462244-whatsapp-image-2025-05-08-at-18-09-30.jpeg",12,12,false],"woocommerce_archive_thumbnail":["https:\/\/artesanatodotocantins.com.br\/wp-content\/uploads\/2025\/05\/15346462244-whatsapp-image-2025-05-08-at-18-09-30-500x500.jpeg",500,500,true],"woocommerce_thumbnail":["https:\/\/artesanatodotocantins.com.br\/wp-content\/uploads\/2025\/05\/15346462244-whatsapp-image-2025-05-08-at-18-09-30-300x300.jpeg",300,300,true],"woocommerce_single":["https:\/\/artesanatodotocantins.com.br\/wp-content\/uploads\/2025\/05\/15346462244-whatsapp-image-2025-05-08-at-18-09-30-800x800.jpeg",800,800,true],"woocommerce_gallery_thumbnail":["https:\/\/artesanatodotocantins.com.br\/wp-content\/uploads\/2025\/05\/15346462244-whatsapp-image-2025-05-08-at-18-09-30-300x300.jpeg",300,300,true]},"uagb_author_info":{"display_name":"GEOVANNE MACHADO","author_link":"https:\/\/artesanatodotocantins.com.br\/en\/author\/"},"uagb_comment_info":0,"uagb_excerpt":"Produto:\u00a0 Peso M\u00e9dio do Produto: 210 gramasTamanho pode Variar : 25 x 20 x 17cm Embalagem:Peso com embalagem medio de envio: 400 gramas Tamanho da Caixa Aproximadado: 30cm x 30cm x 20cm \u00a0 O Vaso de Capim Dourado \u00e9 uma pe\u00e7a artesanal exclusiva, produzida manualmente com fibras naturais do Jalap\u00e3o. Seu brilho \u00fanico e tran\u00e7ado&hellip;","_links":{"self":[{"href":"https:\/\/artesanatodotocantins.com.br\/en\/wp-json\/wp\/v2\/product\/4922","targetHints":{"allow":["GET"]}}],"collection":[{"href":"https:\/\/artesanatodotocantins.com.br\/en\/wp-json\/wp\/v2\/product"}],"about":[{"href":"https:\/\/artesanatodotocantins.com.br\/en\/wp-json\/wp\/v2\/types\/product"}],"replies":[{"embeddable":true,"href":"https:\/\/artesanatodotocantins.com.br\/en\/wp-json\/wp\/v2\/comments?post=4922"}],"wp:featuredmedia":[{"embeddable":true,"href":"https:\/\/artesanatodotocantins.com.br\/en\/wp-json\/wp\/v2\/media\/4921"}],"wp:attachment":[{"href":"https:\/\/artesanatodotocantins.com.br\/en\/wp-json\/wp\/v2\/media?parent=4922"}],"wp:term":[{"taxonomy":"product_brand","embeddable":true,"href":"https:\/\/artesanatodotocantins.com.br\/en\/wp-json\/wp\/v2\/product_brand?post=4922"},{"taxonomy":"product_cat","embeddable":true,"href":"https:\/\/artesanatodotocantins.com.br\/en\/wp-json\/wp\/v2\/product_cat?post=4922"},{"taxonomy":"product_tag","embeddable":true,"href":"https:\/\/artesanatodotocantins.com.br\/en\/wp-json\/wp\/v2\/product_tag?post=4922"}],"curies":[{"name":"wp","href":"https:\/\/api.w.org\/{rel}","templated":true}]}}