{"id":5033,"date":"2025-06-13T14:55:24","date_gmt":"2025-06-13T14:55:24","guid":{"rendered":"https:\/\/artesanatodotocantins.com.br\/product\/caneta-c-dourado-selec-lux\/"},"modified":"2026-04-06T16:04:23","modified_gmt":"2026-04-06T16:04:23","slug":"caneta-c-dourado-selec-lux","status":"publish","type":"product","link":"https:\/\/artesanatodotocantins.com.br\/en\/product\/caneta-c-dourado-selec-lux\/","title":{"rendered":"Caneta de Capim Dourado Sele\u00e7\u00e3o Lux"},"content":{"rendered":"<p>Produto:\u00a0<\/p>\n<p>Peso M\u00e9dio do Produto: 15 gramas<br \/>Tamanho do Produto Aproximado: 14cm<br \/>Embalagem:<br \/>Peso com embalagem medio de envio: 120 gramas<\/p>\n<p>Tamanho da Caixa Aproximadado: 16cm x 6cm x 11cm<\/p>\n<p data-start=\"240\" data-end=\"571\">\u00a0<\/p>\n<p data-start=\"240\" data-end=\"571\">A <strong data-start=\"242\" data-end=\"269\">Caneca de Capim Dourado<\/strong> \u00e9 uma pe\u00e7a artesanal exclusiva, produzida manualmente com o brilho natural do capim dourado, material s\u00edmbolo da cultura tocantinense. Seu design combina eleg\u00e2ncia, leveza e rusticidade, resultando em um item decorativo \u00fanico, ideal para enfeitar ambientes, presentear ou compor cole\u00e7\u00f5es artesanais.<\/p>\n<p>\u00a0<\/p>\n<p data-start=\"573\" data-end=\"834\">Cada caneca \u00e9 cuidadosamente tran\u00e7ada por artes\u00e3os locais, valorizando t\u00e9cnicas tradicionais e o uso de fibras naturais. O resultado \u00e9 uma pe\u00e7a charmosa, resistente e cheia de identidade cultural\u2014perfeita para quem aprecia arte regional e produtos sustent\u00e1veis.<\/p>","protected":false},"excerpt":{"rendered":"<p>CANETA DE CAPIM DOURADO ARTESANAL<\/p>\n<p>\u00a0<\/p>\n<p>Obs: Ver disponibilidade de cores e quantidades<\/p>\n<p>========================================================<\/p>\n<p>Marca: Natureza Dourada<\/p>\n<p>Material : Capim Dourado e Plastico<\/p>\n<p>========================================================<\/p>\n<p>Tamanho:<\/p>\n<p>Tamanho: 15cm<\/p>\n<p>OBS: tamanho Pode ter uma varia\u00e7\u00e3o de 1 Centimentos por ser um Produto feito a m\u00e3o.<\/p>\n<p>========================================================<\/p>\n<p>\u00a0<\/p>\n<p>PRODUTO ARTESANAL FEITO COM AMOR!<\/p>\n<p>#ARTESANATODOTOCANTINS<\/p>","protected":false},"featured_media":5449,"comment_status":"open","ping_status":"closed","template":"","meta":{"_gspb_post_css":"","_uag_custom_page_level_css":""},"product_brand":[],"product_cat":[89],"product_tag":[],"class_list":{"0":"post-5033","1":"product","2":"type-product","3":"status-publish","4":"has-post-thumbnail","6":"product_cat-canetas","8":"first","9":"instock","10":"shipping-taxable","11":"purchasable","12":"product-type-simple"},"aioseo_notices":[],"ct_brands":[],"uagb_featured_image_src":{"full":["https:\/\/artesanatodotocantins.com.br\/wp-content\/uploads\/2025\/08\/15368484023-15355306505-whatsapp-image-2025-06-13-at-10-53-45.jpeg",1496,1496,false],"thumbnail":["https:\/\/artesanatodotocantins.com.br\/wp-content\/uploads\/2025\/08\/15368484023-15355306505-whatsapp-image-2025-06-13-at-10-53-45-150x150.jpeg",150,150,true],"medium":["https:\/\/artesanatodotocantins.com.br\/wp-content\/uploads\/2025\/08\/15368484023-15355306505-whatsapp-image-2025-06-13-at-10-53-45-300x300.jpeg",300,300,true],"medium_large":["https:\/\/artesanatodotocantins.com.br\/wp-content\/uploads\/2025\/08\/15368484023-15355306505-whatsapp-image-2025-06-13-at-10-53-45-768x768.jpeg",768,768,true],"large":["https:\/\/artesanatodotocantins.com.br\/wp-content\/uploads\/2025\/08\/15368484023-15355306505-whatsapp-image-2025-06-13-at-10-53-45-1024x1024.jpeg",1024,1024,true],"1536x1536":["https:\/\/artesanatodotocantins.com.br\/wp-content\/uploads\/2025\/08\/15368484023-15355306505-whatsapp-image-2025-06-13-at-10-53-45.jpeg",1496,1496,false],"2048x2048":["https:\/\/artesanatodotocantins.com.br\/wp-content\/uploads\/2025\/08\/15368484023-15355306505-whatsapp-image-2025-06-13-at-10-53-45.jpeg",1496,1496,false],"trp-custom-language-flag":["https:\/\/artesanatodotocantins.com.br\/wp-content\/uploads\/2025\/08\/15368484023-15355306505-whatsapp-image-2025-06-13-at-10-53-45.jpeg",12,12,false],"woocommerce_archive_thumbnail":["https:\/\/artesanatodotocantins.com.br\/wp-content\/uploads\/2025\/08\/15368484023-15355306505-whatsapp-image-2025-06-13-at-10-53-45-500x500.jpeg",500,500,true],"woocommerce_thumbnail":["https:\/\/artesanatodotocantins.com.br\/wp-content\/uploads\/2025\/08\/15368484023-15355306505-whatsapp-image-2025-06-13-at-10-53-45-300x300.jpeg",300,300,true],"woocommerce_single":["https:\/\/artesanatodotocantins.com.br\/wp-content\/uploads\/2025\/08\/15368484023-15355306505-whatsapp-image-2025-06-13-at-10-53-45-800x800.jpeg",800,800,true],"woocommerce_gallery_thumbnail":["https:\/\/artesanatodotocantins.com.br\/wp-content\/uploads\/2025\/08\/15368484023-15355306505-whatsapp-image-2025-06-13-at-10-53-45-300x300.jpeg",300,300,true]},"uagb_author_info":{"display_name":"GEOVANNE MACHADO","author_link":"https:\/\/artesanatodotocantins.com.br\/en\/author\/"},"uagb_comment_info":0,"uagb_excerpt":"CANETA DE CAPIM DOURADO ARTESANAL \u00a0 Obs: Ver disponibilidade de cores e quantidades ======================================================== Marca: Natureza Dourada Material : Capim Dourado e Plastico ======================================================== Tamanho: Tamanho: 15cm OBS: tamanho Pode ter uma varia\u00e7\u00e3o de 1 Centimentos por ser um Produto feito a m\u00e3o. ======================================================== \u00a0 PRODUTO ARTESANAL FEITO COM AMOR! #ARTESANATODOTOCANTINS","_links":{"self":[{"href":"https:\/\/artesanatodotocantins.com.br\/en\/wp-json\/wp\/v2\/product\/5033","targetHints":{"allow":["GET"]}}],"collection":[{"href":"https:\/\/artesanatodotocantins.com.br\/en\/wp-json\/wp\/v2\/product"}],"about":[{"href":"https:\/\/artesanatodotocantins.com.br\/en\/wp-json\/wp\/v2\/types\/product"}],"replies":[{"embeddable":true,"href":"https:\/\/artesanatodotocantins.com.br\/en\/wp-json\/wp\/v2\/comments?post=5033"}],"wp:featuredmedia":[{"embeddable":true,"href":"https:\/\/artesanatodotocantins.com.br\/en\/wp-json\/wp\/v2\/media\/5449"}],"wp:attachment":[{"href":"https:\/\/artesanatodotocantins.com.br\/en\/wp-json\/wp\/v2\/media?parent=5033"}],"wp:term":[{"taxonomy":"product_brand","embeddable":true,"href":"https:\/\/artesanatodotocantins.com.br\/en\/wp-json\/wp\/v2\/product_brand?post=5033"},{"taxonomy":"product_cat","embeddable":true,"href":"https:\/\/artesanatodotocantins.com.br\/en\/wp-json\/wp\/v2\/product_cat?post=5033"},{"taxonomy":"product_tag","embeddable":true,"href":"https:\/\/artesanatodotocantins.com.br\/en\/wp-json\/wp\/v2\/product_tag?post=5033"}],"curies":[{"name":"wp","href":"https:\/\/api.w.org\/{rel}","templated":true}]}}