{"id":5047,"date":"2025-06-18T20:02:08","date_gmt":"2025-06-18T20:02:08","guid":{"rendered":"https:\/\/artesanatodotocantins.com.br\/product\/colar-gargantilha-c-dourado\/"},"modified":"2026-04-01T19:04:48","modified_gmt":"2026-04-01T19:04:48","slug":"colar-gargantilha-c-dourado","status":"publish","type":"product","link":"https:\/\/artesanatodotocantins.com.br\/en\/product\/colar-gargantilha-c-dourado\/","title":{"rendered":"Colar Gargantilha de Capim Dourado"},"content":{"rendered":"<p>Produto:\u00a0<\/p>\n<p>Peso M\u00e9dio do Produto: 17 gramas<br \/>tamanho: Tamanho Ajustavel<br \/>Embalagem:<br \/>Peso com embalagem medio de envio: 150 gramas<\/p>\n<p>Tamanho da Caixa Aproximadado: 20cm x 20cm x 20cm<\/p>\n<p>\u00a0<\/p>\n<p>O\u00a0<strong data-start=\"757\" data-end=\"793\">Colar Artesanal<\/strong>\u00a0de capim dourado com materiais complementares, resultando em uma pe\u00e7a \u00fanica e sofisticada. Feito \u00e0 m\u00e3o por artes\u00e3s do Tocantins, cada colar reflete exclusividade, Leveza e elegancia. \u00e9 perfeito para quem valoriza a beleza natural e deseja carregar um peda\u00e7o da cultura brasileira em seu estilo.<\/p>","protected":false},"excerpt":{"rendered":"<p>CANETA DE CAPIM DOURADO ARTESANAL<\/p>\n<p>\u00a0<\/p>\n<p>Obs: Ver disponibilidade de cores e quantidades<\/p>\n<p>========================================================<\/p>\n<p>Marca: Natureza Dourada<\/p>\n<p>Material : Capim Dourado e Plastico<\/p>\n<p>========================================================<\/p>\n<p>Tamanho:<\/p>\n<p>Tamanho: 15cm<\/p>\n<p>OBS: tamanho Pode ter uma varia\u00e7\u00e3o de 1 Centimentos por ser um Produto feito a m\u00e3o.<\/p>\n<p>========================================================<\/p>\n<p>\u00a0<\/p>\n<p>PRODUTO ARTESANAL FEITO COM AMOR!<\/p>\n<p>#ARTESANATODOTOCANTINS<\/p>","protected":false},"featured_media":5439,"comment_status":"open","ping_status":"closed","template":"","meta":{"_gspb_post_css":"","_uag_custom_page_level_css":""},"product_brand":[],"product_cat":[72],"product_tag":[],"class_list":{"0":"post-5047","1":"product","2":"type-product","3":"status-publish","4":"has-post-thumbnail","6":"product_cat-colares-capim-dourado","8":"first","9":"instock","10":"shipping-taxable","11":"purchasable","12":"product-type-simple"},"aioseo_notices":[],"ct_brands":[],"uagb_featured_image_src":{"full":["https:\/\/artesanatodotocantins.com.br\/wp-content\/uploads\/2025\/08\/15368654134-15356119521-whatsapp-image-2025-06-17-at-11-31-50.jpeg",1496,1496,false],"thumbnail":["https:\/\/artesanatodotocantins.com.br\/wp-content\/uploads\/2025\/08\/15368654134-15356119521-whatsapp-image-2025-06-17-at-11-31-50-150x150.jpeg",150,150,true],"medium":["https:\/\/artesanatodotocantins.com.br\/wp-content\/uploads\/2025\/08\/15368654134-15356119521-whatsapp-image-2025-06-17-at-11-31-50-300x300.jpeg",300,300,true],"medium_large":["https:\/\/artesanatodotocantins.com.br\/wp-content\/uploads\/2025\/08\/15368654134-15356119521-whatsapp-image-2025-06-17-at-11-31-50-768x768.jpeg",768,768,true],"large":["https:\/\/artesanatodotocantins.com.br\/wp-content\/uploads\/2025\/08\/15368654134-15356119521-whatsapp-image-2025-06-17-at-11-31-50-1024x1024.jpeg",1024,1024,true],"1536x1536":["https:\/\/artesanatodotocantins.com.br\/wp-content\/uploads\/2025\/08\/15368654134-15356119521-whatsapp-image-2025-06-17-at-11-31-50.jpeg",1496,1496,false],"2048x2048":["https:\/\/artesanatodotocantins.com.br\/wp-content\/uploads\/2025\/08\/15368654134-15356119521-whatsapp-image-2025-06-17-at-11-31-50.jpeg",1496,1496,false],"trp-custom-language-flag":["https:\/\/artesanatodotocantins.com.br\/wp-content\/uploads\/2025\/08\/15368654134-15356119521-whatsapp-image-2025-06-17-at-11-31-50.jpeg",12,12,false],"woocommerce_archive_thumbnail":["https:\/\/artesanatodotocantins.com.br\/wp-content\/uploads\/2025\/08\/15368654134-15356119521-whatsapp-image-2025-06-17-at-11-31-50-500x500.jpeg",500,500,true],"woocommerce_thumbnail":["https:\/\/artesanatodotocantins.com.br\/wp-content\/uploads\/2025\/08\/15368654134-15356119521-whatsapp-image-2025-06-17-at-11-31-50-300x300.jpeg",300,300,true],"woocommerce_single":["https:\/\/artesanatodotocantins.com.br\/wp-content\/uploads\/2025\/08\/15368654134-15356119521-whatsapp-image-2025-06-17-at-11-31-50-800x800.jpeg",800,800,true],"woocommerce_gallery_thumbnail":["https:\/\/artesanatodotocantins.com.br\/wp-content\/uploads\/2025\/08\/15368654134-15356119521-whatsapp-image-2025-06-17-at-11-31-50-300x300.jpeg",300,300,true]},"uagb_author_info":{"display_name":"GEOVANNE MACHADO","author_link":"https:\/\/artesanatodotocantins.com.br\/en\/author\/"},"uagb_comment_info":0,"uagb_excerpt":"CANETA DE CAPIM DOURADO ARTESANAL \u00a0 Obs: Ver disponibilidade de cores e quantidades ======================================================== Marca: Natureza Dourada Material : Capim Dourado e Plastico ======================================================== Tamanho: Tamanho: 15cm OBS: tamanho Pode ter uma varia\u00e7\u00e3o de 1 Centimentos por ser um Produto feito a m\u00e3o. ======================================================== \u00a0 PRODUTO ARTESANAL FEITO COM AMOR! #ARTESANATODOTOCANTINS","_links":{"self":[{"href":"https:\/\/artesanatodotocantins.com.br\/en\/wp-json\/wp\/v2\/product\/5047","targetHints":{"allow":["GET"]}}],"collection":[{"href":"https:\/\/artesanatodotocantins.com.br\/en\/wp-json\/wp\/v2\/product"}],"about":[{"href":"https:\/\/artesanatodotocantins.com.br\/en\/wp-json\/wp\/v2\/types\/product"}],"replies":[{"embeddable":true,"href":"https:\/\/artesanatodotocantins.com.br\/en\/wp-json\/wp\/v2\/comments?post=5047"}],"wp:featuredmedia":[{"embeddable":true,"href":"https:\/\/artesanatodotocantins.com.br\/en\/wp-json\/wp\/v2\/media\/5439"}],"wp:attachment":[{"href":"https:\/\/artesanatodotocantins.com.br\/en\/wp-json\/wp\/v2\/media?parent=5047"}],"wp:term":[{"taxonomy":"product_brand","embeddable":true,"href":"https:\/\/artesanatodotocantins.com.br\/en\/wp-json\/wp\/v2\/product_brand?post=5047"},{"taxonomy":"product_cat","embeddable":true,"href":"https:\/\/artesanatodotocantins.com.br\/en\/wp-json\/wp\/v2\/product_cat?post=5047"},{"taxonomy":"product_tag","embeddable":true,"href":"https:\/\/artesanatodotocantins.com.br\/en\/wp-json\/wp\/v2\/product_tag?post=5047"}],"curies":[{"name":"wp","href":"https:\/\/api.w.org\/{rel}","templated":true}]}}