{"id":5049,"date":"2025-06-18T20:02:10","date_gmt":"2025-06-18T20:02:10","guid":{"rendered":"https:\/\/artesanatodotocantins.com.br\/product\/colar-gargantilha-c-dourado-trancado\/"},"modified":"2025-07-09T18:44:48","modified_gmt":"2025-07-09T18:44:48","slug":"colar-gargantilha-c-dourado-trancado","status":"publish","type":"product","link":"https:\/\/artesanatodotocantins.com.br\/en\/product\/colar-gargantilha-c-dourado-trancado\/","title":{"rendered":"##COLAR GARGANTILHA C.DOURADO TRAN\u00c7ADO"},"content":{"rendered":"","protected":false},"excerpt":{"rendered":"<p>CANETA DE CAPIM DOURADO ARTESANAL<\/p>\n<p>\u00a0<\/p>\n<p>Obs: Ver disponibilidade de cores e quantidades<\/p>\n<p>========================================================<\/p>\n<p>Marca: Natureza Dourada<\/p>\n<p>Material : Capim Dourado e Plastico<\/p>\n<p>========================================================<\/p>\n<p>Tamanho:<\/p>\n<p>Tamanho: 15cm<\/p>\n<p>OBS: tamanho Pode ter uma varia\u00e7\u00e3o de 1 Centimentos por ser um Produto feito a m\u00e3o.<\/p>\n<p>========================================================<\/p>\n<p>\u00a0<\/p>\n<p>PRODUTO ARTESANAL FEITO COM AMOR!<\/p>\n<p>#ARTESANATODOTOCANTINS<\/p>","protected":false},"featured_media":5048,"comment_status":"open","ping_status":"closed","template":"","meta":{"_gspb_post_css":"","_uag_custom_page_level_css":""},"product_brand":[],"product_cat":[72],"product_tag":[],"class_list":{"0":"post-5049","1":"product","2":"type-product","3":"status-publish","4":"has-post-thumbnail","6":"product_cat-colares-capim-dourado","8":"first","9":"instock","10":"shipping-taxable","11":"purchasable","12":"product-type-simple"},"aioseo_notices":[],"ct_brands":[],"uagb_featured_image_src":{"full":["https:\/\/artesanatodotocantins.com.br\/wp-content\/uploads\/2025\/06\/15356118465-whatsapp-image-2025-06-17-at-11-31-51.jpeg",1496,1496,false],"thumbnail":["https:\/\/artesanatodotocantins.com.br\/wp-content\/uploads\/2025\/06\/15356118465-whatsapp-image-2025-06-17-at-11-31-51-150x150.jpeg",150,150,true],"medium":["https:\/\/artesanatodotocantins.com.br\/wp-content\/uploads\/2025\/06\/15356118465-whatsapp-image-2025-06-17-at-11-31-51-300x300.jpeg",300,300,true],"medium_large":["https:\/\/artesanatodotocantins.com.br\/wp-content\/uploads\/2025\/06\/15356118465-whatsapp-image-2025-06-17-at-11-31-51-768x768.jpeg",768,768,true],"large":["https:\/\/artesanatodotocantins.com.br\/wp-content\/uploads\/2025\/06\/15356118465-whatsapp-image-2025-06-17-at-11-31-51-1024x1024.jpeg",1024,1024,true],"1536x1536":["https:\/\/artesanatodotocantins.com.br\/wp-content\/uploads\/2025\/06\/15356118465-whatsapp-image-2025-06-17-at-11-31-51.jpeg",1496,1496,false],"2048x2048":["https:\/\/artesanatodotocantins.com.br\/wp-content\/uploads\/2025\/06\/15356118465-whatsapp-image-2025-06-17-at-11-31-51.jpeg",1496,1496,false],"trp-custom-language-flag":["https:\/\/artesanatodotocantins.com.br\/wp-content\/uploads\/2025\/06\/15356118465-whatsapp-image-2025-06-17-at-11-31-51.jpeg",12,12,false],"woocommerce_archive_thumbnail":["https:\/\/artesanatodotocantins.com.br\/wp-content\/uploads\/2025\/06\/15356118465-whatsapp-image-2025-06-17-at-11-31-51-500x500.jpeg",500,500,true],"woocommerce_thumbnail":["https:\/\/artesanatodotocantins.com.br\/wp-content\/uploads\/2025\/06\/15356118465-whatsapp-image-2025-06-17-at-11-31-51-300x300.jpeg",300,300,true],"woocommerce_single":["https:\/\/artesanatodotocantins.com.br\/wp-content\/uploads\/2025\/06\/15356118465-whatsapp-image-2025-06-17-at-11-31-51-800x800.jpeg",800,800,true],"woocommerce_gallery_thumbnail":["https:\/\/artesanatodotocantins.com.br\/wp-content\/uploads\/2025\/06\/15356118465-whatsapp-image-2025-06-17-at-11-31-51-300x300.jpeg",300,300,true]},"uagb_author_info":{"display_name":"GEOVANNE MACHADO","author_link":"https:\/\/artesanatodotocantins.com.br\/en\/author\/"},"uagb_comment_info":0,"uagb_excerpt":"CANETA DE CAPIM DOURADO ARTESANAL \u00a0 Obs: Ver disponibilidade de cores e quantidades ======================================================== Marca: Natureza Dourada Material : Capim Dourado e Plastico ======================================================== Tamanho: Tamanho: 15cm OBS: tamanho Pode ter uma varia\u00e7\u00e3o de 1 Centimentos por ser um Produto feito a m\u00e3o. ======================================================== \u00a0 PRODUTO ARTESANAL FEITO COM AMOR! #ARTESANATODOTOCANTINS","_links":{"self":[{"href":"https:\/\/artesanatodotocantins.com.br\/en\/wp-json\/wp\/v2\/product\/5049","targetHints":{"allow":["GET"]}}],"collection":[{"href":"https:\/\/artesanatodotocantins.com.br\/en\/wp-json\/wp\/v2\/product"}],"about":[{"href":"https:\/\/artesanatodotocantins.com.br\/en\/wp-json\/wp\/v2\/types\/product"}],"replies":[{"embeddable":true,"href":"https:\/\/artesanatodotocantins.com.br\/en\/wp-json\/wp\/v2\/comments?post=5049"}],"wp:featuredmedia":[{"embeddable":true,"href":"https:\/\/artesanatodotocantins.com.br\/en\/wp-json\/wp\/v2\/media\/5048"}],"wp:attachment":[{"href":"https:\/\/artesanatodotocantins.com.br\/en\/wp-json\/wp\/v2\/media?parent=5049"}],"wp:term":[{"taxonomy":"product_brand","embeddable":true,"href":"https:\/\/artesanatodotocantins.com.br\/en\/wp-json\/wp\/v2\/product_brand?post=5049"},{"taxonomy":"product_cat","embeddable":true,"href":"https:\/\/artesanatodotocantins.com.br\/en\/wp-json\/wp\/v2\/product_cat?post=5049"},{"taxonomy":"product_tag","embeddable":true,"href":"https:\/\/artesanatodotocantins.com.br\/en\/wp-json\/wp\/v2\/product_tag?post=5049"}],"curies":[{"name":"wp","href":"https:\/\/api.w.org\/{rel}","templated":true}]}}