{"id":5085,"date":"2025-06-30T14:48:42","date_gmt":"2025-06-30T14:48:42","guid":{"rendered":"https:\/\/artesanatodotocantins.com.br\/product\/relogio-mapa-mdf-to-c-mandala-c-dourado-tocantins\/"},"modified":"2026-02-27T16:26:53","modified_gmt":"2026-02-27T16:26:53","slug":"relogio-mapa-mdf-to-c-mandala-c-dourado-tocantins","status":"publish","type":"product","link":"https:\/\/artesanatodotocantins.com.br\/en\/product\/relogio-mapa-mdf-to-c-mandala-c-dourado-tocantins\/","title":{"rendered":"Relogio mapa TO com Mandala + Escrita"},"content":{"rendered":"<p>Produto:\u00a0<\/p>\n<p>Peso M\u00e9dio do Produto: 70 gramas<br \/>Tamanho do Produto Aproximado: 19 a 10,5cm<br \/>Embalagem:<br \/>Peso com embalagem medio de envio: 200 gramas<\/p>\n<p>Tamanho da Caixa Aproximadado: 20cm x 20cm x 20cm<\/p>\n<p data-start=\"248\" data-end=\"511\">\u00a0<\/p>\n<p data-start=\"248\" data-end=\"511\">O <strong data-start=\"250\" data-end=\"278\">Rel\u00f3gio de Capim Dourado<\/strong> \u00e9 uma pe\u00e7a artesanal \u00fanica, que combina funcionalidade e beleza natural. Produzido manualmente com o brilho caracter\u00edstico do capim dourado, ele traz um toque sofisticado e regional \u00e0 decora\u00e7\u00e3o, valorizando a cultura do Tocantins.<\/p>\n<p data-start=\"513\" data-end=\"824\">Seu acabamento tran\u00e7ado \u00e0 m\u00e3o destaca o artesanato tradicional, enquanto o mecanismo do rel\u00f3gio garante precis\u00e3o e praticidade no uso di\u00e1rio. Ideal para salas, quartos, escrit\u00f3rios ou como presente especial, o rel\u00f3gio se transforma em um item decorativo elegante e sustent\u00e1vel, carregado de identidade cultural.<\/p>\n<p>\u00a0<\/p>\n<p data-start=\"826\" data-end=\"969\">Cada pe\u00e7a \u00e9 exclusiva, feita com cuidado, dedica\u00e7\u00e3o e materiais naturais\u00a0 perfeita para quem aprecia arte, estilo e hist\u00f3ria em um s\u00f3 produto.<\/p>","protected":false},"excerpt":{"rendered":"<p>Produto:\u00a0 Peso M\u00e9dio do Produto: 70 gramasTamanho do Produto Aproximado: 19 a 10,5cmEmbalagem:Peso com embalagem medio de envio: 200 gramas Tamanho da Caixa Aproximadado: 20cm x 20cm x 20cm \u00a0 O Rel\u00f3gio de Capim Dourado \u00e9 uma pe\u00e7a artesanal \u00fanica, que combina funcionalidade e beleza natural. Produzido manualmente com o brilho caracter\u00edstico do capim dourado, [&hellip;]<\/p>\n","protected":false},"featured_media":6477,"comment_status":"open","ping_status":"closed","template":"","meta":{"_gspb_post_css":"","_uag_custom_page_level_css":""},"product_brand":[],"product_cat":[15],"product_tag":[],"class_list":{"0":"post-5085","1":"product","2":"type-product","3":"status-publish","4":"has-post-thumbnail","6":"product_cat-relogios","8":"first","9":"instock","10":"shipping-taxable","11":"purchasable","12":"product-type-variable"},"aioseo_notices":[],"ct_brands":[],"uagb_featured_image_src":{"full":["https:\/\/artesanatodotocantins.com.br\/wp-content\/uploads\/2025\/11\/15395974509-whatsapp-image-2025-11-24-at-16-51-18.jpeg",1496,1496,false],"thumbnail":["https:\/\/artesanatodotocantins.com.br\/wp-content\/uploads\/2025\/11\/15395974509-whatsapp-image-2025-11-24-at-16-51-18-150x150.jpeg",150,150,true],"medium":["https:\/\/artesanatodotocantins.com.br\/wp-content\/uploads\/2025\/11\/15395974509-whatsapp-image-2025-11-24-at-16-51-18-300x300.jpeg",300,300,true],"medium_large":["https:\/\/artesanatodotocantins.com.br\/wp-content\/uploads\/2025\/11\/15395974509-whatsapp-image-2025-11-24-at-16-51-18-768x768.jpeg",768,768,true],"large":["https:\/\/artesanatodotocantins.com.br\/wp-content\/uploads\/2025\/11\/15395974509-whatsapp-image-2025-11-24-at-16-51-18-1024x1024.jpeg",1024,1024,true],"1536x1536":["https:\/\/artesanatodotocantins.com.br\/wp-content\/uploads\/2025\/11\/15395974509-whatsapp-image-2025-11-24-at-16-51-18.jpeg",1496,1496,false],"2048x2048":["https:\/\/artesanatodotocantins.com.br\/wp-content\/uploads\/2025\/11\/15395974509-whatsapp-image-2025-11-24-at-16-51-18.jpeg",1496,1496,false],"trp-custom-language-flag":["https:\/\/artesanatodotocantins.com.br\/wp-content\/uploads\/2025\/11\/15395974509-whatsapp-image-2025-11-24-at-16-51-18-12x12.jpeg",12,12,true],"woocommerce_archive_thumbnail":["https:\/\/artesanatodotocantins.com.br\/wp-content\/uploads\/2025\/11\/15395974509-whatsapp-image-2025-11-24-at-16-51-18-500x500.jpeg",500,500,true],"woocommerce_thumbnail":["https:\/\/artesanatodotocantins.com.br\/wp-content\/uploads\/2025\/11\/15395974509-whatsapp-image-2025-11-24-at-16-51-18-300x300.jpeg",300,300,true],"woocommerce_single":["https:\/\/artesanatodotocantins.com.br\/wp-content\/uploads\/2025\/11\/15395974509-whatsapp-image-2025-11-24-at-16-51-18-800x800.jpeg",800,800,true],"woocommerce_gallery_thumbnail":["https:\/\/artesanatodotocantins.com.br\/wp-content\/uploads\/2025\/11\/15395974509-whatsapp-image-2025-11-24-at-16-51-18-300x300.jpeg",300,300,true]},"uagb_author_info":{"display_name":"GEOVANNE MACHADO","author_link":"https:\/\/artesanatodotocantins.com.br\/en\/author\/"},"uagb_comment_info":0,"uagb_excerpt":"Produto:\u00a0 Peso M\u00e9dio do Produto: 70 gramasTamanho do Produto Aproximado: 19 a 10,5cmEmbalagem:Peso com embalagem medio de envio: 200 gramas Tamanho da Caixa Aproximadado: 20cm x 20cm x 20cm \u00a0 O Rel\u00f3gio de Capim Dourado \u00e9 uma pe\u00e7a artesanal \u00fanica, que combina funcionalidade e beleza natural. Produzido manualmente com o brilho caracter\u00edstico do capim dourado,&hellip;","_links":{"self":[{"href":"https:\/\/artesanatodotocantins.com.br\/en\/wp-json\/wp\/v2\/product\/5085","targetHints":{"allow":["GET"]}}],"collection":[{"href":"https:\/\/artesanatodotocantins.com.br\/en\/wp-json\/wp\/v2\/product"}],"about":[{"href":"https:\/\/artesanatodotocantins.com.br\/en\/wp-json\/wp\/v2\/types\/product"}],"replies":[{"embeddable":true,"href":"https:\/\/artesanatodotocantins.com.br\/en\/wp-json\/wp\/v2\/comments?post=5085"}],"wp:featuredmedia":[{"embeddable":true,"href":"https:\/\/artesanatodotocantins.com.br\/en\/wp-json\/wp\/v2\/media\/6477"}],"wp:attachment":[{"href":"https:\/\/artesanatodotocantins.com.br\/en\/wp-json\/wp\/v2\/media?parent=5085"}],"wp:term":[{"taxonomy":"product_brand","embeddable":true,"href":"https:\/\/artesanatodotocantins.com.br\/en\/wp-json\/wp\/v2\/product_brand?post=5085"},{"taxonomy":"product_cat","embeddable":true,"href":"https:\/\/artesanatodotocantins.com.br\/en\/wp-json\/wp\/v2\/product_cat?post=5085"},{"taxonomy":"product_tag","embeddable":true,"href":"https:\/\/artesanatodotocantins.com.br\/en\/wp-json\/wp\/v2\/product_tag?post=5085"}],"curies":[{"name":"wp","href":"https:\/\/api.w.org\/{rel}","templated":true}]}}