{"id":5346,"date":"2025-08-14T13:53:34","date_gmt":"2025-08-14T13:53:34","guid":{"rendered":"https:\/\/artesanatodotocantins.com.br\/product\/pote-capim-dourado-3\/"},"modified":"2025-11-28T21:04:51","modified_gmt":"2025-11-28T21:04:51","slug":"pote-capim-dourado-3","status":"publish","type":"product","link":"https:\/\/artesanatodotocantins.com.br\/en\/product\/pote-capim-dourado-3\/","title":{"rendered":"Pote\/Bombonier de Capim Dourado"},"content":{"rendered":"<p>Produto:\u00a0<\/p>\n<p>Peso M\u00e9dio do Produto: 248 gramas<br \/>Tamanho pode Variar : 16 x 22cm<\/p>\n<p>Embalagem:<br \/>Peso com embalagem medio de envio: 500 gramas<\/p>\n<p>Tamanho da Caixa Aproximadado: 30cm x 30cm x 25cm<\/p>\n<p>\u00a0<\/p>\n<p data-start=\"414\" data-end=\"680\">O Pote de Capim Dourado \u00e9 uma pe\u00e7a artesanal exclusiva, produzida manualmente com fibras naturais do Jalap\u00e3o. Seu brilho \u00fanico e tran\u00e7ado tradicional transformam o vaso em um elemento decorativo sofisticado, perfeito para salas, mesas, aparadores ou escrit\u00f3rios.<\/p>\n<p>\u00a0<\/p>\n<p data-start=\"682\" data-end=\"865\">Pode ser usado como pe\u00e7a decorativa individual, arranjo seco ou composi\u00e7\u00e3o com outros elementos naturais. Cada pote \u00e9 \u00fanico, valorizando a cultura e a arte dos artes\u00e3os tocantinenses.<\/p>","protected":false},"excerpt":{"rendered":"<p>CANETA DE CAPIM DOURADO ARTESANAL<\/p>\n<p>\u00a0<\/p>\n<p>Obs: Ver disponibilidade de cores e quantidades<\/p>\n<p>========================================================<\/p>\n<p>Marca: Natureza Dourada<\/p>\n<p>Material : Capim Dourado e Plastico<\/p>\n<p>========================================================<\/p>\n<p>Tamanho:<\/p>\n<p>Tamanho: 15cm<\/p>\n<p>OBS: tamanho Pode ter uma varia\u00e7\u00e3o de 1 Centimentos por ser um Produto feito a m\u00e3o.<\/p>\n<p>========================================================<\/p>\n<p>\u00a0<\/p>\n<p>PRODUTO ARTESANAL FEITO COM AMOR!<\/p>\n<p>#ARTESANATODOTOCANTINS<\/p>","protected":false},"featured_media":5344,"comment_status":"open","ping_status":"closed","template":"","meta":{"_gspb_post_css":"","_uag_custom_page_level_css":""},"product_brand":[],"product_cat":[65],"product_tag":[],"class_list":{"0":"post-5346","1":"product","2":"type-product","3":"status-publish","4":"has-post-thumbnail","6":"product_cat-cachepo-pote","8":"first","9":"instock","10":"shipping-taxable","11":"purchasable","12":"product-type-simple"},"aioseo_notices":[],"ct_brands":[],"uagb_featured_image_src":{"full":["https:\/\/artesanatodotocantins.com.br\/wp-content\/uploads\/2025\/08\/15369073078-whatsapp-image-2025-08-14-at-10-50-37.jpeg",1280,1280,false],"thumbnail":["https:\/\/artesanatodotocantins.com.br\/wp-content\/uploads\/2025\/08\/15369073078-whatsapp-image-2025-08-14-at-10-50-37-150x150.jpeg",150,150,true],"medium":["https:\/\/artesanatodotocantins.com.br\/wp-content\/uploads\/2025\/08\/15369073078-whatsapp-image-2025-08-14-at-10-50-37-300x300.jpeg",300,300,true],"medium_large":["https:\/\/artesanatodotocantins.com.br\/wp-content\/uploads\/2025\/08\/15369073078-whatsapp-image-2025-08-14-at-10-50-37-768x768.jpeg",768,768,true],"large":["https:\/\/artesanatodotocantins.com.br\/wp-content\/uploads\/2025\/08\/15369073078-whatsapp-image-2025-08-14-at-10-50-37-1024x1024.jpeg",1024,1024,true],"1536x1536":["https:\/\/artesanatodotocantins.com.br\/wp-content\/uploads\/2025\/08\/15369073078-whatsapp-image-2025-08-14-at-10-50-37.jpeg",1280,1280,false],"2048x2048":["https:\/\/artesanatodotocantins.com.br\/wp-content\/uploads\/2025\/08\/15369073078-whatsapp-image-2025-08-14-at-10-50-37.jpeg",1280,1280,false],"trp-custom-language-flag":["https:\/\/artesanatodotocantins.com.br\/wp-content\/uploads\/2025\/08\/15369073078-whatsapp-image-2025-08-14-at-10-50-37.jpeg",12,12,false],"woocommerce_archive_thumbnail":["https:\/\/artesanatodotocantins.com.br\/wp-content\/uploads\/2025\/08\/15369073078-whatsapp-image-2025-08-14-at-10-50-37-500x500.jpeg",500,500,true],"woocommerce_thumbnail":["https:\/\/artesanatodotocantins.com.br\/wp-content\/uploads\/2025\/08\/15369073078-whatsapp-image-2025-08-14-at-10-50-37-300x300.jpeg",300,300,true],"woocommerce_single":["https:\/\/artesanatodotocantins.com.br\/wp-content\/uploads\/2025\/08\/15369073078-whatsapp-image-2025-08-14-at-10-50-37-800x800.jpeg",800,800,true],"woocommerce_gallery_thumbnail":["https:\/\/artesanatodotocantins.com.br\/wp-content\/uploads\/2025\/08\/15369073078-whatsapp-image-2025-08-14-at-10-50-37-300x300.jpeg",300,300,true]},"uagb_author_info":{"display_name":"GEOVANNE MACHADO","author_link":"https:\/\/artesanatodotocantins.com.br\/en\/author\/"},"uagb_comment_info":0,"uagb_excerpt":"CANETA DE CAPIM DOURADO ARTESANAL \u00a0 Obs: Ver disponibilidade de cores e quantidades ======================================================== Marca: Natureza Dourada Material : Capim Dourado e Plastico ======================================================== Tamanho: Tamanho: 15cm OBS: tamanho Pode ter uma varia\u00e7\u00e3o de 1 Centimentos por ser um Produto feito a m\u00e3o. ======================================================== \u00a0 PRODUTO ARTESANAL FEITO COM AMOR! #ARTESANATODOTOCANTINS","_links":{"self":[{"href":"https:\/\/artesanatodotocantins.com.br\/en\/wp-json\/wp\/v2\/product\/5346","targetHints":{"allow":["GET"]}}],"collection":[{"href":"https:\/\/artesanatodotocantins.com.br\/en\/wp-json\/wp\/v2\/product"}],"about":[{"href":"https:\/\/artesanatodotocantins.com.br\/en\/wp-json\/wp\/v2\/types\/product"}],"replies":[{"embeddable":true,"href":"https:\/\/artesanatodotocantins.com.br\/en\/wp-json\/wp\/v2\/comments?post=5346"}],"wp:featuredmedia":[{"embeddable":true,"href":"https:\/\/artesanatodotocantins.com.br\/en\/wp-json\/wp\/v2\/media\/5344"}],"wp:attachment":[{"href":"https:\/\/artesanatodotocantins.com.br\/en\/wp-json\/wp\/v2\/media?parent=5346"}],"wp:term":[{"taxonomy":"product_brand","embeddable":true,"href":"https:\/\/artesanatodotocantins.com.br\/en\/wp-json\/wp\/v2\/product_brand?post=5346"},{"taxonomy":"product_cat","embeddable":true,"href":"https:\/\/artesanatodotocantins.com.br\/en\/wp-json\/wp\/v2\/product_cat?post=5346"},{"taxonomy":"product_tag","embeddable":true,"href":"https:\/\/artesanatodotocantins.com.br\/en\/wp-json\/wp\/v2\/product_tag?post=5346"}],"curies":[{"name":"wp","href":"https:\/\/api.w.org\/{rel}","templated":true}]}}