{"id":5700,"date":"2025-09-24T12:48:37","date_gmt":"2025-09-24T12:48:37","guid":{"rendered":"https:\/\/artesanatodotocantins.com.br\/product\/mandala-de-carnauba-redonda-natural-cafe\/"},"modified":"2025-09-24T12:49:28","modified_gmt":"2025-09-24T12:49:28","slug":"mandala-de-carnauba-redonda-natural-cafe","status":"publish","type":"product","link":"https:\/\/artesanatodotocantins.com.br\/en\/product\/mandala-de-carnauba-redonda-natural-cafe\/","title":{"rendered":"Mandala de Carna\u00faba Redonda Natural + Caf\u00e9  &#8211; Feito a M\u00e3o"},"content":{"rendered":"<p>Produto:\u00a0<\/p>\n<p>Peso M\u00e9dio do Produto: 200 gramas<br \/>Tamanho do Produto Aproximado: 32cm x 0,5 cm<br \/>Embalagem:<br \/>Peso com embalagem medio de envio: 500 gramas<\/p>\n<p>Tamanho da Caixa Aproximadado: 35cm x 10cm x 35cm<\/p>\n<p>\u00a0<\/p>\n<p>O\u00a0<strong data-start=\"141\" data-end=\"180\">Mandala em Carna\u00faba Artesanal<\/strong>\u00a0\u00e9 feito \u00e0 m\u00e3o com fibras naturais da palmeira de carna\u00faba, t\u00edpica da regi\u00e3o Norte brasileira. Resistente ao calor, sustent\u00e1vel e de alta durabilidade, ele protege sua mesa ou bancada com charme e autenticidade. Cada pe\u00e7a \u00e9 \u00fanica, carregando a tradi\u00e7\u00e3o do artesanato regional e valorizando o uso de materiais ecol\u00f3gicos. Ideal para quem busca praticidade aliada a beleza natural.<\/p>","protected":false},"excerpt":{"rendered":"<p>Produto:\u00a0 Peso M\u00e9dio do Produto: 200 gramasTamanho do Produto Aproximado: 32cm x 0,5 cmEmbalagem:Peso com embalagem medio de envio: 500 gramas Tamanho da Caixa Aproximadado: 35cm x 10cm x 35cm \u00a0 O\u00a0Mandala em Carna\u00faba Artesanal\u00a0\u00e9 feito \u00e0 m\u00e3o com fibras naturais da palmeira de carna\u00faba, t\u00edpica da regi\u00e3o Norte brasileira. Resistente ao calor, sustent\u00e1vel e [&hellip;]<\/p>\n","protected":false},"featured_media":5699,"comment_status":"open","ping_status":"closed","template":"","meta":{"_gspb_post_css":"","_uag_custom_page_level_css":""},"product_brand":[],"product_cat":[70],"product_tag":[],"class_list":{"0":"post-5700","1":"product","2":"type-product","3":"status-publish","4":"has-post-thumbnail","6":"product_cat-porta-panela-carnauba","8":"first","9":"instock","10":"shipping-taxable","11":"purchasable","12":"product-type-simple"},"aioseo_notices":[],"ct_brands":[],"uagb_featured_image_src":{"full":["https:\/\/artesanatodotocantins.com.br\/wp-content\/uploads\/2025\/09\/15334294914-whatsapp-image-2025-03-21-at-08-59-56.jpeg",1496,1496,false],"thumbnail":["https:\/\/artesanatodotocantins.com.br\/wp-content\/uploads\/2025\/09\/15334294914-whatsapp-image-2025-03-21-at-08-59-56-150x150.jpeg",150,150,true],"medium":["https:\/\/artesanatodotocantins.com.br\/wp-content\/uploads\/2025\/09\/15334294914-whatsapp-image-2025-03-21-at-08-59-56-300x300.jpeg",300,300,true],"medium_large":["https:\/\/artesanatodotocantins.com.br\/wp-content\/uploads\/2025\/09\/15334294914-whatsapp-image-2025-03-21-at-08-59-56-768x768.jpeg",768,768,true],"large":["https:\/\/artesanatodotocantins.com.br\/wp-content\/uploads\/2025\/09\/15334294914-whatsapp-image-2025-03-21-at-08-59-56-1024x1024.jpeg",1024,1024,true],"1536x1536":["https:\/\/artesanatodotocantins.com.br\/wp-content\/uploads\/2025\/09\/15334294914-whatsapp-image-2025-03-21-at-08-59-56.jpeg",1496,1496,false],"2048x2048":["https:\/\/artesanatodotocantins.com.br\/wp-content\/uploads\/2025\/09\/15334294914-whatsapp-image-2025-03-21-at-08-59-56.jpeg",1496,1496,false],"trp-custom-language-flag":["https:\/\/artesanatodotocantins.com.br\/wp-content\/uploads\/2025\/09\/15334294914-whatsapp-image-2025-03-21-at-08-59-56-12x12.jpeg",12,12,true],"woocommerce_archive_thumbnail":["https:\/\/artesanatodotocantins.com.br\/wp-content\/uploads\/2025\/09\/15334294914-whatsapp-image-2025-03-21-at-08-59-56-500x500.jpeg",500,500,true],"woocommerce_thumbnail":["https:\/\/artesanatodotocantins.com.br\/wp-content\/uploads\/2025\/09\/15334294914-whatsapp-image-2025-03-21-at-08-59-56-300x300.jpeg",300,300,true],"woocommerce_single":["https:\/\/artesanatodotocantins.com.br\/wp-content\/uploads\/2025\/09\/15334294914-whatsapp-image-2025-03-21-at-08-59-56-800x800.jpeg",800,800,true],"woocommerce_gallery_thumbnail":["https:\/\/artesanatodotocantins.com.br\/wp-content\/uploads\/2025\/09\/15334294914-whatsapp-image-2025-03-21-at-08-59-56-300x300.jpeg",300,300,true]},"uagb_author_info":{"display_name":"GEOVANNE MACHADO","author_link":"https:\/\/artesanatodotocantins.com.br\/en\/author\/"},"uagb_comment_info":0,"uagb_excerpt":"Produto:\u00a0 Peso M\u00e9dio do Produto: 200 gramasTamanho do Produto Aproximado: 32cm x 0,5 cmEmbalagem:Peso com embalagem medio de envio: 500 gramas Tamanho da Caixa Aproximadado: 35cm x 10cm x 35cm \u00a0 O\u00a0Mandala em Carna\u00faba Artesanal\u00a0\u00e9 feito \u00e0 m\u00e3o com fibras naturais da palmeira de carna\u00faba, t\u00edpica da regi\u00e3o Norte brasileira. Resistente ao calor, sustent\u00e1vel e&hellip;","_links":{"self":[{"href":"https:\/\/artesanatodotocantins.com.br\/en\/wp-json\/wp\/v2\/product\/5700","targetHints":{"allow":["GET"]}}],"collection":[{"href":"https:\/\/artesanatodotocantins.com.br\/en\/wp-json\/wp\/v2\/product"}],"about":[{"href":"https:\/\/artesanatodotocantins.com.br\/en\/wp-json\/wp\/v2\/types\/product"}],"replies":[{"embeddable":true,"href":"https:\/\/artesanatodotocantins.com.br\/en\/wp-json\/wp\/v2\/comments?post=5700"}],"wp:featuredmedia":[{"embeddable":true,"href":"https:\/\/artesanatodotocantins.com.br\/en\/wp-json\/wp\/v2\/media\/5699"}],"wp:attachment":[{"href":"https:\/\/artesanatodotocantins.com.br\/en\/wp-json\/wp\/v2\/media?parent=5700"}],"wp:term":[{"taxonomy":"product_brand","embeddable":true,"href":"https:\/\/artesanatodotocantins.com.br\/en\/wp-json\/wp\/v2\/product_brand?post=5700"},{"taxonomy":"product_cat","embeddable":true,"href":"https:\/\/artesanatodotocantins.com.br\/en\/wp-json\/wp\/v2\/product_cat?post=5700"},{"taxonomy":"product_tag","embeddable":true,"href":"https:\/\/artesanatodotocantins.com.br\/en\/wp-json\/wp\/v2\/product_tag?post=5700"}],"curies":[{"name":"wp","href":"https:\/\/api.w.org\/{rel}","templated":true}]}}