{"id":5704,"date":"2025-09-24T16:18:24","date_gmt":"2025-09-24T16:18:24","guid":{"rendered":"https:\/\/artesanatodotocantins.com.br\/product\/chapeu-de-capim-dourado\/"},"modified":"2026-03-11T20:52:45","modified_gmt":"2026-03-11T20:52:45","slug":"chapeu-de-capim-dourado","status":"publish","type":"product","link":"https:\/\/artesanatodotocantins.com.br\/en\/product\/chapeu-de-capim-dourado\/","title":{"rendered":"Chap\u00e9u de Capim Dourado"},"content":{"rendered":"","protected":false},"excerpt":{"rendered":"<p>Produto:\u00a0<\/p>\n<p>Peso M\u00e9dio do Produto: 200 gramas<br \/>Tamanho do Produto Aproximado: 32cm x 10 cm<br \/>Embalagem:<br \/>Peso com embalagem medio de envio: 500 gramas<\/p>\n<p>Tamanho da Caixa Aproximadado: 35cm x 15cm x35cm<\/p>\n<p>\u00a0<\/p>\n<p>O <strong data-start=\"290\" data-end=\"327\">Chap\u00e9u de Capim Dourado Artesanal<\/strong> \u00e9 produzido manualmente com Capim Dourado, t\u00edpico do Jalap\u00e3o, no Tocantins. Leve, resistente e com brilho natural inconfund\u00edvel, ele une beleza e autenticidade em cada detalhe. Uma pe\u00e7a sustent\u00e1vel que carrega a tradi\u00e7\u00e3o cultural da regi\u00e3o e valoriza o artesanato brasileiro Tocantinense. Ideal para quem busca estilo aliado \u00e0 identidade regional.<\/p>","protected":false},"featured_media":5703,"comment_status":"open","ping_status":"closed","template":"","meta":{"_gspb_post_css":"","_uag_custom_page_level_css":""},"product_brand":[],"product_cat":[91],"product_tag":[],"class_list":{"0":"post-5704","1":"product","2":"type-product","3":"status-publish","4":"has-post-thumbnail","6":"product_cat-chapeu","8":"first","9":"instock","10":"shipping-taxable","11":"purchasable","12":"product-type-simple"},"aioseo_notices":[],"ct_brands":[],"uagb_featured_image_src":{"full":["https:\/\/artesanatodotocantins.com.br\/wp-content\/uploads\/2025\/09\/15378415354-whatsapp-image-2025-09-24-at-13-17-11.jpeg",1496,1496,false],"thumbnail":["https:\/\/artesanatodotocantins.com.br\/wp-content\/uploads\/2025\/09\/15378415354-whatsapp-image-2025-09-24-at-13-17-11-150x150.jpeg",150,150,true],"medium":["https:\/\/artesanatodotocantins.com.br\/wp-content\/uploads\/2025\/09\/15378415354-whatsapp-image-2025-09-24-at-13-17-11-300x300.jpeg",300,300,true],"medium_large":["https:\/\/artesanatodotocantins.com.br\/wp-content\/uploads\/2025\/09\/15378415354-whatsapp-image-2025-09-24-at-13-17-11-768x768.jpeg",768,768,true],"large":["https:\/\/artesanatodotocantins.com.br\/wp-content\/uploads\/2025\/09\/15378415354-whatsapp-image-2025-09-24-at-13-17-11-1024x1024.jpeg",1024,1024,true],"1536x1536":["https:\/\/artesanatodotocantins.com.br\/wp-content\/uploads\/2025\/09\/15378415354-whatsapp-image-2025-09-24-at-13-17-11.jpeg",1496,1496,false],"2048x2048":["https:\/\/artesanatodotocantins.com.br\/wp-content\/uploads\/2025\/09\/15378415354-whatsapp-image-2025-09-24-at-13-17-11.jpeg",1496,1496,false],"trp-custom-language-flag":["https:\/\/artesanatodotocantins.com.br\/wp-content\/uploads\/2025\/09\/15378415354-whatsapp-image-2025-09-24-at-13-17-11-12x12.jpeg",12,12,true],"woocommerce_archive_thumbnail":["https:\/\/artesanatodotocantins.com.br\/wp-content\/uploads\/2025\/09\/15378415354-whatsapp-image-2025-09-24-at-13-17-11-500x500.jpeg",500,500,true],"woocommerce_thumbnail":["https:\/\/artesanatodotocantins.com.br\/wp-content\/uploads\/2025\/09\/15378415354-whatsapp-image-2025-09-24-at-13-17-11-300x300.jpeg",300,300,true],"woocommerce_single":["https:\/\/artesanatodotocantins.com.br\/wp-content\/uploads\/2025\/09\/15378415354-whatsapp-image-2025-09-24-at-13-17-11-800x800.jpeg",800,800,true],"woocommerce_gallery_thumbnail":["https:\/\/artesanatodotocantins.com.br\/wp-content\/uploads\/2025\/09\/15378415354-whatsapp-image-2025-09-24-at-13-17-11-300x300.jpeg",300,300,true]},"uagb_author_info":{"display_name":"GEOVANNE MACHADO","author_link":"https:\/\/artesanatodotocantins.com.br\/en\/author\/"},"uagb_comment_info":0,"uagb_excerpt":"Produto:\u00a0 Peso M\u00e9dio do Produto: 200 gramasTamanho do Produto Aproximado: 32cm x 10 cmEmbalagem:Peso com embalagem medio de envio: 500 gramas Tamanho da Caixa Aproximadado: 35cm x 15cm x35cm \u00a0 O Chap\u00e9u de Capim Dourado Artesanal \u00e9 produzido manualmente com Capim Dourado, t\u00edpico do Jalap\u00e3o, no Tocantins. Leve, resistente e com brilho natural inconfund\u00edvel, ele&hellip;","_links":{"self":[{"href":"https:\/\/artesanatodotocantins.com.br\/en\/wp-json\/wp\/v2\/product\/5704","targetHints":{"allow":["GET"]}}],"collection":[{"href":"https:\/\/artesanatodotocantins.com.br\/en\/wp-json\/wp\/v2\/product"}],"about":[{"href":"https:\/\/artesanatodotocantins.com.br\/en\/wp-json\/wp\/v2\/types\/product"}],"replies":[{"embeddable":true,"href":"https:\/\/artesanatodotocantins.com.br\/en\/wp-json\/wp\/v2\/comments?post=5704"}],"wp:featuredmedia":[{"embeddable":true,"href":"https:\/\/artesanatodotocantins.com.br\/en\/wp-json\/wp\/v2\/media\/5703"}],"wp:attachment":[{"href":"https:\/\/artesanatodotocantins.com.br\/en\/wp-json\/wp\/v2\/media?parent=5704"}],"wp:term":[{"taxonomy":"product_brand","embeddable":true,"href":"https:\/\/artesanatodotocantins.com.br\/en\/wp-json\/wp\/v2\/product_brand?post=5704"},{"taxonomy":"product_cat","embeddable":true,"href":"https:\/\/artesanatodotocantins.com.br\/en\/wp-json\/wp\/v2\/product_cat?post=5704"},{"taxonomy":"product_tag","embeddable":true,"href":"https:\/\/artesanatodotocantins.com.br\/en\/wp-json\/wp\/v2\/product_tag?post=5704"}],"curies":[{"name":"wp","href":"https:\/\/api.w.org\/{rel}","templated":true}]}}