{"id":5814,"date":"2025-09-26T13:57:00","date_gmt":"2025-09-26T13:57:00","guid":{"rendered":"https:\/\/artesanatodotocantins.com.br\/product\/ponteira-artesanal-pintado-a-mao-animais-da-fauna-com-lapis\/"},"modified":"2026-04-01T19:04:57","modified_gmt":"2026-04-01T19:04:57","slug":"ponteira-artesanal-pintado-a-mao-animais-da-fauna-com-lapis","status":"publish","type":"product","link":"https:\/\/artesanatodotocantins.com.br\/en\/product\/ponteira-artesanal-pintado-a-mao-animais-da-fauna-com-lapis\/","title":{"rendered":"Ponteira Artesanal Pintado a M\u00e3o Animais da Fauna com L\u00e1pis"},"content":{"rendered":"<p>Produto:\u00a0<\/p>\n<p>Peso M\u00e9dio do Produto: 10 gramas<br \/>Tamanho do Produto Aproximado da Ponteira ( Varia conforme animal):5 a 6,5 cm x 1 cm<br \/>Embalagem:<br \/>Peso com embalagem medio de envio: 120 gramas<\/p>\n<p>Tamanho da Caixa Aproximadado: 16cm x 6cm x 11cm<\/p>\n<p>\u00a0<\/p>\n<p>A Ponteira de L\u00e1pis Artesanal Modelada com pintura feita \u00e0 m\u00e3o e rica de detalhes, trazendo originalidade da fauna brasileira nesse objeto e decorativo e ultil no seu dia a dia para deixar mais . cada pe\u00e7a \u00e9 \u00fanica e carrega o valor do trabalho artesanal brasileiro. Ideal para presentear ou colecionar, une criatividade, delicadeza e funcionalidade em um s\u00f3 produto.<\/p>\n<p>para deixar sua cole\u00e7ao ainda mais rica com a fauna brasileira<\/p>","protected":false},"excerpt":{"rendered":"<p>Produto:\u00a0 Peso M\u00e9dio do Produto: 10 gramasTamanho do Produto Aproximado da Ponteira ( Varia conforme animal):5 a 6,5 cm x 1 cmEmbalagem:Peso com embalagem medio de envio: 120 gramas Tamanho da Caixa Aproximadado: 16cm x 6cm x 11cm \u00a0 A Ponteira de L\u00e1pis Artesanal Modelada com pintura feita \u00e0 m\u00e3o e rica de detalhes, trazendo [&hellip;]<\/p>\n","protected":false},"featured_media":5825,"comment_status":"open","ping_status":"closed","template":"","meta":{"_gspb_post_css":"","_uag_custom_page_level_css":""},"product_brand":[],"product_cat":[89],"product_tag":[],"class_list":{"0":"post-5814","1":"product","2":"type-product","3":"status-publish","4":"has-post-thumbnail","6":"product_cat-canetas","8":"first","9":"instock","10":"shipping-taxable","11":"purchasable","12":"product-type-variable"},"aioseo_notices":[],"ct_brands":[],"uagb_featured_image_src":{"full":["https:\/\/artesanatodotocantins.com.br\/wp-content\/uploads\/2025\/09\/15378987251-whatsapp-image-2025-09-26-at-09-40-25-5.jpeg",1496,1496,false],"thumbnail":["https:\/\/artesanatodotocantins.com.br\/wp-content\/uploads\/2025\/09\/15378987251-whatsapp-image-2025-09-26-at-09-40-25-5-150x150.jpeg",150,150,true],"medium":["https:\/\/artesanatodotocantins.com.br\/wp-content\/uploads\/2025\/09\/15378987251-whatsapp-image-2025-09-26-at-09-40-25-5-300x300.jpeg",300,300,true],"medium_large":["https:\/\/artesanatodotocantins.com.br\/wp-content\/uploads\/2025\/09\/15378987251-whatsapp-image-2025-09-26-at-09-40-25-5-768x768.jpeg",768,768,true],"large":["https:\/\/artesanatodotocantins.com.br\/wp-content\/uploads\/2025\/09\/15378987251-whatsapp-image-2025-09-26-at-09-40-25-5-1024x1024.jpeg",1024,1024,true],"1536x1536":["https:\/\/artesanatodotocantins.com.br\/wp-content\/uploads\/2025\/09\/15378987251-whatsapp-image-2025-09-26-at-09-40-25-5.jpeg",1496,1496,false],"2048x2048":["https:\/\/artesanatodotocantins.com.br\/wp-content\/uploads\/2025\/09\/15378987251-whatsapp-image-2025-09-26-at-09-40-25-5.jpeg",1496,1496,false],"trp-custom-language-flag":["https:\/\/artesanatodotocantins.com.br\/wp-content\/uploads\/2025\/09\/15378987251-whatsapp-image-2025-09-26-at-09-40-25-5-12x12.jpeg",12,12,true],"woocommerce_archive_thumbnail":["https:\/\/artesanatodotocantins.com.br\/wp-content\/uploads\/2025\/09\/15378987251-whatsapp-image-2025-09-26-at-09-40-25-5-500x500.jpeg",500,500,true],"woocommerce_thumbnail":["https:\/\/artesanatodotocantins.com.br\/wp-content\/uploads\/2025\/09\/15378987251-whatsapp-image-2025-09-26-at-09-40-25-5-300x300.jpeg",300,300,true],"woocommerce_single":["https:\/\/artesanatodotocantins.com.br\/wp-content\/uploads\/2025\/09\/15378987251-whatsapp-image-2025-09-26-at-09-40-25-5-800x800.jpeg",800,800,true],"woocommerce_gallery_thumbnail":["https:\/\/artesanatodotocantins.com.br\/wp-content\/uploads\/2025\/09\/15378987251-whatsapp-image-2025-09-26-at-09-40-25-5-300x300.jpeg",300,300,true]},"uagb_author_info":{"display_name":"GEOVANNE MACHADO","author_link":"https:\/\/artesanatodotocantins.com.br\/en\/author\/"},"uagb_comment_info":0,"uagb_excerpt":"Produto:\u00a0 Peso M\u00e9dio do Produto: 10 gramasTamanho do Produto Aproximado da Ponteira ( Varia conforme animal):5 a 6,5 cm x 1 cmEmbalagem:Peso com embalagem medio de envio: 120 gramas Tamanho da Caixa Aproximadado: 16cm x 6cm x 11cm \u00a0 A Ponteira de L\u00e1pis Artesanal Modelada com pintura feita \u00e0 m\u00e3o e rica de detalhes, trazendo&hellip;","_links":{"self":[{"href":"https:\/\/artesanatodotocantins.com.br\/en\/wp-json\/wp\/v2\/product\/5814","targetHints":{"allow":["GET"]}}],"collection":[{"href":"https:\/\/artesanatodotocantins.com.br\/en\/wp-json\/wp\/v2\/product"}],"about":[{"href":"https:\/\/artesanatodotocantins.com.br\/en\/wp-json\/wp\/v2\/types\/product"}],"replies":[{"embeddable":true,"href":"https:\/\/artesanatodotocantins.com.br\/en\/wp-json\/wp\/v2\/comments?post=5814"}],"wp:featuredmedia":[{"embeddable":true,"href":"https:\/\/artesanatodotocantins.com.br\/en\/wp-json\/wp\/v2\/media\/5825"}],"wp:attachment":[{"href":"https:\/\/artesanatodotocantins.com.br\/en\/wp-json\/wp\/v2\/media?parent=5814"}],"wp:term":[{"taxonomy":"product_brand","embeddable":true,"href":"https:\/\/artesanatodotocantins.com.br\/en\/wp-json\/wp\/v2\/product_brand?post=5814"},{"taxonomy":"product_cat","embeddable":true,"href":"https:\/\/artesanatodotocantins.com.br\/en\/wp-json\/wp\/v2\/product_cat?post=5814"},{"taxonomy":"product_tag","embeddable":true,"href":"https:\/\/artesanatodotocantins.com.br\/en\/wp-json\/wp\/v2\/product_tag?post=5814"}],"curies":[{"name":"wp","href":"https:\/\/api.w.org\/{rel}","templated":true}]}}