{"id":5844,"date":"2025-09-26T16:33:17","date_gmt":"2025-09-26T16:33:17","guid":{"rendered":"https:\/\/artesanatodotocantins.com.br\/product\/chaveiro-chapeu-de-capim-dourado-com-mosquetao\/"},"modified":"2026-03-17T17:51:41","modified_gmt":"2026-03-17T17:51:41","slug":"chaveiro-chapeu-de-capim-dourado-com-mosquetao","status":"publish","type":"product","link":"https:\/\/artesanatodotocantins.com.br\/en\/product\/chaveiro-chapeu-de-capim-dourado-com-mosquetao\/","title":{"rendered":"Chaveiro Chap\u00e9u de Capim Dourado com Mosquet\u00e3o"},"content":{"rendered":"<p>Produto:\u00a0<\/p>\n<p>Peso M\u00e9dio do Produto: 10 gramas<br \/>Tamanho da Chap\u00e9u Aproximado: 3 a 4,5cm\u00a0 x 1 a 1,5 cm<\/p>\n<p>Tamanho do produto considerando tudo: 3 a 4,5cm x 6 a 9cm<br \/>Embalagem:<br \/>Peso com embalagem medio de envio: 120 gramas<\/p>\n<p>Tamanho da Caixa Aproximadado: 16cm x 6cm x 11cm<\/p>\n<p>\u00a0<\/p>\n<p><span data-start=\"1197\" data-end=\"1233\">O<\/span><strong data-start=\"1197\" data-end=\"1233\">\u00a0Chaveiro de Capim Dourado Artesanal<\/strong>\u00a0s\u00e3o costurados manualmente\u00a0 por Artes\u00e3s do Jalap\u00e3o e Regi\u00e3o, preservando a tradi\u00e7\u00e3o do artesanato regional e utilizando fibras naturais de forma sustent\u00e1vel. Com brilho dourado caracter\u00edstico e acabamento delicado, cada pe\u00e7a \u00e9 \u00fanica, unindo resist\u00eancia, beleza e autenticidade. Ideal para quem busca objetos que contam hist\u00f3rias e refletem a riqueza cultural do Tocantins.<\/p>","protected":false},"excerpt":{"rendered":"<p>Produto:\u00a0 Peso M\u00e9dio do Produto: 10 gramasTamanho da Chap\u00e9u Aproximado: 3 a 4,5cm\u00a0 x 1 a 1,5 cm Tamanho do produto considerando tudo: 3 a 4,5cm x 6 a 9cmEmbalagem:Peso com embalagem medio de envio: 120 gramas Tamanho da Caixa Aproximadado: 16cm x 6cm x 11cm \u00a0 O\u00a0Chaveiro de Capim Dourado Artesanal\u00a0s\u00e3o costurados manualmente\u00a0 por [&hellip;]<\/p>\n","protected":false},"featured_media":5849,"comment_status":"open","ping_status":"closed","template":"","meta":{"_gspb_post_css":"","_uag_custom_page_level_css":""},"product_brand":[],"product_cat":[77],"product_tag":[],"class_list":{"0":"post-5844","1":"product","2":"type-product","3":"status-publish","4":"has-post-thumbnail","6":"product_cat-chaveiros","8":"first","9":"instock","10":"shipping-taxable","11":"purchasable","12":"product-type-simple"},"aioseo_notices":[],"ct_brands":[],"uagb_featured_image_src":{"full":["https:\/\/artesanatodotocantins.com.br\/wp-content\/uploads\/2025\/09\/15379066427-whatsapp-image-2025-09-26-at-13-27-31-2.jpeg",1496,1496,false],"thumbnail":["https:\/\/artesanatodotocantins.com.br\/wp-content\/uploads\/2025\/09\/15379066427-whatsapp-image-2025-09-26-at-13-27-31-2-150x150.jpeg",150,150,true],"medium":["https:\/\/artesanatodotocantins.com.br\/wp-content\/uploads\/2025\/09\/15379066427-whatsapp-image-2025-09-26-at-13-27-31-2-300x300.jpeg",300,300,true],"medium_large":["https:\/\/artesanatodotocantins.com.br\/wp-content\/uploads\/2025\/09\/15379066427-whatsapp-image-2025-09-26-at-13-27-31-2-768x768.jpeg",768,768,true],"large":["https:\/\/artesanatodotocantins.com.br\/wp-content\/uploads\/2025\/09\/15379066427-whatsapp-image-2025-09-26-at-13-27-31-2-1024x1024.jpeg",1024,1024,true],"1536x1536":["https:\/\/artesanatodotocantins.com.br\/wp-content\/uploads\/2025\/09\/15379066427-whatsapp-image-2025-09-26-at-13-27-31-2.jpeg",1496,1496,false],"2048x2048":["https:\/\/artesanatodotocantins.com.br\/wp-content\/uploads\/2025\/09\/15379066427-whatsapp-image-2025-09-26-at-13-27-31-2.jpeg",1496,1496,false],"trp-custom-language-flag":["https:\/\/artesanatodotocantins.com.br\/wp-content\/uploads\/2025\/09\/15379066427-whatsapp-image-2025-09-26-at-13-27-31-2-12x12.jpeg",12,12,true],"woocommerce_archive_thumbnail":["https:\/\/artesanatodotocantins.com.br\/wp-content\/uploads\/2025\/09\/15379066427-whatsapp-image-2025-09-26-at-13-27-31-2-500x500.jpeg",500,500,true],"woocommerce_thumbnail":["https:\/\/artesanatodotocantins.com.br\/wp-content\/uploads\/2025\/09\/15379066427-whatsapp-image-2025-09-26-at-13-27-31-2-300x300.jpeg",300,300,true],"woocommerce_single":["https:\/\/artesanatodotocantins.com.br\/wp-content\/uploads\/2025\/09\/15379066427-whatsapp-image-2025-09-26-at-13-27-31-2-800x800.jpeg",800,800,true],"woocommerce_gallery_thumbnail":["https:\/\/artesanatodotocantins.com.br\/wp-content\/uploads\/2025\/09\/15379066427-whatsapp-image-2025-09-26-at-13-27-31-2-300x300.jpeg",300,300,true]},"uagb_author_info":{"display_name":"GEOVANNE MACHADO","author_link":"https:\/\/artesanatodotocantins.com.br\/en\/author\/"},"uagb_comment_info":0,"uagb_excerpt":"Produto:\u00a0 Peso M\u00e9dio do Produto: 10 gramasTamanho da Chap\u00e9u Aproximado: 3 a 4,5cm\u00a0 x 1 a 1,5 cm Tamanho do produto considerando tudo: 3 a 4,5cm x 6 a 9cmEmbalagem:Peso com embalagem medio de envio: 120 gramas Tamanho da Caixa Aproximadado: 16cm x 6cm x 11cm \u00a0 O\u00a0Chaveiro de Capim Dourado Artesanal\u00a0s\u00e3o costurados manualmente\u00a0 por&hellip;","_links":{"self":[{"href":"https:\/\/artesanatodotocantins.com.br\/en\/wp-json\/wp\/v2\/product\/5844","targetHints":{"allow":["GET"]}}],"collection":[{"href":"https:\/\/artesanatodotocantins.com.br\/en\/wp-json\/wp\/v2\/product"}],"about":[{"href":"https:\/\/artesanatodotocantins.com.br\/en\/wp-json\/wp\/v2\/types\/product"}],"replies":[{"embeddable":true,"href":"https:\/\/artesanatodotocantins.com.br\/en\/wp-json\/wp\/v2\/comments?post=5844"}],"wp:featuredmedia":[{"embeddable":true,"href":"https:\/\/artesanatodotocantins.com.br\/en\/wp-json\/wp\/v2\/media\/5849"}],"wp:attachment":[{"href":"https:\/\/artesanatodotocantins.com.br\/en\/wp-json\/wp\/v2\/media?parent=5844"}],"wp:term":[{"taxonomy":"product_brand","embeddable":true,"href":"https:\/\/artesanatodotocantins.com.br\/en\/wp-json\/wp\/v2\/product_brand?post=5844"},{"taxonomy":"product_cat","embeddable":true,"href":"https:\/\/artesanatodotocantins.com.br\/en\/wp-json\/wp\/v2\/product_cat?post=5844"},{"taxonomy":"product_tag","embeddable":true,"href":"https:\/\/artesanatodotocantins.com.br\/en\/wp-json\/wp\/v2\/product_tag?post=5844"}],"curies":[{"name":"wp","href":"https:\/\/api.w.org\/{rel}","templated":true}]}}