{"id":5857,"date":"2025-09-29T14:41:19","date_gmt":"2025-09-29T14:41:19","guid":{"rendered":"https:\/\/artesanatodotocantins.com.br\/product\/mandala-c-d-linha-dourado-35cm\/"},"modified":"2025-11-27T22:17:07","modified_gmt":"2025-11-27T22:17:07","slug":"mandala-c-d-linha-dourado-35cm","status":"publish","type":"product","link":"https:\/\/artesanatodotocantins.com.br\/en\/product\/mandala-c-d-linha-dourado-35cm\/","title":{"rendered":"Mandala de Capim Dourado Linha Dourada 35cm"},"content":{"rendered":"<p>Produto:\u00a0<\/p>\n<p>Peso M\u00e9dio do Produto: 150 gramas<br \/>Tamanho pode Variar : 35 x 35 x 1cm ( Pode varias tamanho)<\/p>\n<p>Embalagem:<br \/>Peso com embalagem medio de envio: 500 gramas<\/p>\n<p>Tamanho da Caixa Aproximadado: 40cm x 40cm x 10cm<\/p>\n<p>\u00a0<\/p>\n<p data-start=\"413\" data-end=\"779\">O\u00a0<strong data-start=\"415\" data-end=\"441\">Supl\u00e1 de Capim Dourado<\/strong>\u00a0\u00e9 uma pe\u00e7a artesanal elegante e sustent\u00e1vel, feita \u00e0 m\u00e3o com fibras naturais do capim dourado \u2014 planta t\u00edpica do Tocantins, conhecida por seu brilho \u00fanico e durabilidade.<br data-start=\"612\" data-end=\"615\" \/>Cada supla \u00e9 tran\u00e7ado cuidadosamente por artes\u00e3os locais, resultando em um acabamento impec\u00e1vel que combina\u00a0<strong data-start=\"723\" data-end=\"776\">beleza natural, cultura regional e funcionalidade<\/strong>.<\/p>\n<p>\u00a0<\/p>\n<p data-start=\"781\" data-end=\"1067\">Ideal para compor mesas postas, eventos especiais ou uso no dia a dia, o supl\u00e1 de capim dourado adiciona um toque sofisticado e ecol\u00f3gico \u00e0 decora\u00e7\u00e3o.<br data-start=\"931\" data-end=\"934\" \/>Leve, resistente e totalmente artesanal, \u00e9 perfeito para quem busca produtos diferenciados, sustent\u00e1veis e com identidade brasileira.<\/p>","protected":false},"excerpt":{"rendered":"<p>Produto:\u00a0 Peso M\u00e9dio do Produto: 150 gramasTamanho pode Variar : 35 x 35 x 1cm ( Pode varias tamanho) Embalagem:Peso com embalagem medio de envio: 500 gramas Tamanho da Caixa Aproximadado: 40cm x 40cm x 10cm \u00a0 O\u00a0Supl\u00e1 de Capim Dourado\u00a0\u00e9 uma pe\u00e7a artesanal elegante e sustent\u00e1vel, feita \u00e0 m\u00e3o com fibras naturais do capim [&hellip;]<\/p>\n","protected":false},"featured_media":5858,"comment_status":"open","ping_status":"closed","template":"","meta":{"_gspb_post_css":"","_uag_custom_page_level_css":""},"product_brand":[],"product_cat":[62],"product_tag":[],"class_list":{"0":"post-5857","1":"product","2":"type-product","3":"status-publish","4":"has-post-thumbnail","6":"product_cat-mesa-posta","8":"first","9":"instock","10":"shipping-taxable","11":"purchasable","12":"product-type-simple"},"aioseo_notices":[],"ct_brands":[],"uagb_featured_image_src":{"full":["https:\/\/artesanatodotocantins.com.br\/wp-content\/uploads\/2025\/09\/15379788750-whatsapp-image-2025-09-29-at-13-02-15.jpeg",1496,1496,false],"thumbnail":["https:\/\/artesanatodotocantins.com.br\/wp-content\/uploads\/2025\/09\/15379788750-whatsapp-image-2025-09-29-at-13-02-15-150x150.jpeg",150,150,true],"medium":["https:\/\/artesanatodotocantins.com.br\/wp-content\/uploads\/2025\/09\/15379788750-whatsapp-image-2025-09-29-at-13-02-15-300x300.jpeg",300,300,true],"medium_large":["https:\/\/artesanatodotocantins.com.br\/wp-content\/uploads\/2025\/09\/15379788750-whatsapp-image-2025-09-29-at-13-02-15-768x768.jpeg",768,768,true],"large":["https:\/\/artesanatodotocantins.com.br\/wp-content\/uploads\/2025\/09\/15379788750-whatsapp-image-2025-09-29-at-13-02-15-1024x1024.jpeg",1024,1024,true],"1536x1536":["https:\/\/artesanatodotocantins.com.br\/wp-content\/uploads\/2025\/09\/15379788750-whatsapp-image-2025-09-29-at-13-02-15.jpeg",1496,1496,false],"2048x2048":["https:\/\/artesanatodotocantins.com.br\/wp-content\/uploads\/2025\/09\/15379788750-whatsapp-image-2025-09-29-at-13-02-15.jpeg",1496,1496,false],"trp-custom-language-flag":["https:\/\/artesanatodotocantins.com.br\/wp-content\/uploads\/2025\/09\/15379788750-whatsapp-image-2025-09-29-at-13-02-15-12x12.jpeg",12,12,true],"woocommerce_archive_thumbnail":["https:\/\/artesanatodotocantins.com.br\/wp-content\/uploads\/2025\/09\/15379788750-whatsapp-image-2025-09-29-at-13-02-15-500x500.jpeg",500,500,true],"woocommerce_thumbnail":["https:\/\/artesanatodotocantins.com.br\/wp-content\/uploads\/2025\/09\/15379788750-whatsapp-image-2025-09-29-at-13-02-15-300x300.jpeg",300,300,true],"woocommerce_single":["https:\/\/artesanatodotocantins.com.br\/wp-content\/uploads\/2025\/09\/15379788750-whatsapp-image-2025-09-29-at-13-02-15-800x800.jpeg",800,800,true],"woocommerce_gallery_thumbnail":["https:\/\/artesanatodotocantins.com.br\/wp-content\/uploads\/2025\/09\/15379788750-whatsapp-image-2025-09-29-at-13-02-15-300x300.jpeg",300,300,true]},"uagb_author_info":{"display_name":"GEOVANNE MACHADO","author_link":"https:\/\/artesanatodotocantins.com.br\/en\/author\/"},"uagb_comment_info":0,"uagb_excerpt":"Produto:\u00a0 Peso M\u00e9dio do Produto: 150 gramasTamanho pode Variar : 35 x 35 x 1cm ( Pode varias tamanho) Embalagem:Peso com embalagem medio de envio: 500 gramas Tamanho da Caixa Aproximadado: 40cm x 40cm x 10cm \u00a0 O\u00a0Supl\u00e1 de Capim Dourado\u00a0\u00e9 uma pe\u00e7a artesanal elegante e sustent\u00e1vel, feita \u00e0 m\u00e3o com fibras naturais do capim&hellip;","_links":{"self":[{"href":"https:\/\/artesanatodotocantins.com.br\/en\/wp-json\/wp\/v2\/product\/5857","targetHints":{"allow":["GET"]}}],"collection":[{"href":"https:\/\/artesanatodotocantins.com.br\/en\/wp-json\/wp\/v2\/product"}],"about":[{"href":"https:\/\/artesanatodotocantins.com.br\/en\/wp-json\/wp\/v2\/types\/product"}],"replies":[{"embeddable":true,"href":"https:\/\/artesanatodotocantins.com.br\/en\/wp-json\/wp\/v2\/comments?post=5857"}],"wp:featuredmedia":[{"embeddable":true,"href":"https:\/\/artesanatodotocantins.com.br\/en\/wp-json\/wp\/v2\/media\/5858"}],"wp:attachment":[{"href":"https:\/\/artesanatodotocantins.com.br\/en\/wp-json\/wp\/v2\/media?parent=5857"}],"wp:term":[{"taxonomy":"product_brand","embeddable":true,"href":"https:\/\/artesanatodotocantins.com.br\/en\/wp-json\/wp\/v2\/product_brand?post=5857"},{"taxonomy":"product_cat","embeddable":true,"href":"https:\/\/artesanatodotocantins.com.br\/en\/wp-json\/wp\/v2\/product_cat?post=5857"},{"taxonomy":"product_tag","embeddable":true,"href":"https:\/\/artesanatodotocantins.com.br\/en\/wp-json\/wp\/v2\/product_tag?post=5857"}],"curies":[{"name":"wp","href":"https:\/\/api.w.org\/{rel}","templated":true}]}}