{"id":6043,"date":"2025-10-14T18:27:01","date_gmt":"2025-10-14T18:27:01","guid":{"rendered":"https:\/\/artesanatodotocantins.com.br\/product\/flor-de-fibra-de-buriti-com-bico-de-pato-para-cabelo\/"},"modified":"2026-03-04T13:50:07","modified_gmt":"2026-03-04T13:50:07","slug":"flor-de-fibra-de-buriti-com-bico-de-pato-para-cabelo","status":"publish","type":"product","link":"https:\/\/artesanatodotocantins.com.br\/en\/product\/flor-de-fibra-de-buriti-com-bico-de-pato-para-cabelo\/","title":{"rendered":"Flor de fibra de buriti com bico de pato para cabelo"},"content":{"rendered":"<p>Produto:\u00a0<\/p>\n<p>Peso M\u00e9dio do Produto: 6 gramas<\/p>\n<p>Tamanho aproximado: 8cm diametro<br \/>Embalagem:<br \/>Peso com embalagem medio de envio: 106gramas<\/p>\n<p>Tamanho da Caixa Aproximadado: 16cm x 6cm x 11cm<\/p>\n<p>\u00a0<\/p>\n<p>A <strong data-start=\"193\" data-end=\"230\">Flor Artesanal de Fibra de Buriti<\/strong> \u00e9 uma celebra\u00e7\u00e3o da natureza transformada em arte. Confeccionada \u00e0 m\u00e3o com fibras naturais extra\u00eddas do buriti \u2014 palmeira s\u00edmbolo do cerrado \u2014, cada p\u00e9tala \u00e9 moldada com cuidado, refletindo a delicadeza e a for\u00e7a do trabalho artesanal.<\/p>","protected":false},"excerpt":{"rendered":"<p>Produto:\u00a0 Peso M\u00e9dio do Produto: 6 gramas Tamanho aproximado: 8cm diametroEmbalagem:Peso com embalagem medio de envio: 106gramas Tamanho da Caixa Aproximadado: 16cm x 6cm x 11cm \u00a0 A Flor Artesanal de Fibra de Buriti \u00e9 uma celebra\u00e7\u00e3o da natureza transformada em arte. Confeccionada \u00e0 m\u00e3o com fibras naturais extra\u00eddas do buriti \u2014 palmeira s\u00edmbolo do [&hellip;]<\/p>\n","protected":false},"featured_media":6042,"comment_status":"open","ping_status":"closed","template":"","meta":{"_gspb_post_css":"","_uag_custom_page_level_css":""},"product_brand":[],"product_cat":[111],"product_tag":[],"class_list":{"0":"post-6043","1":"product","2":"type-product","3":"status-publish","4":"has-post-thumbnail","6":"product_cat-presilha-de-cabelo","8":"first","9":"instock","10":"shipping-taxable","11":"purchasable","12":"product-type-simple"},"aioseo_notices":[],"ct_brands":[],"uagb_featured_image_src":{"full":["https:\/\/artesanatodotocantins.com.br\/wp-content\/uploads\/2025\/10\/15384144702-whatsapp-image-2025-10-14-at-15-09-28.jpeg",1496,1496,false],"thumbnail":["https:\/\/artesanatodotocantins.com.br\/wp-content\/uploads\/2025\/10\/15384144702-whatsapp-image-2025-10-14-at-15-09-28-150x150.jpeg",150,150,true],"medium":["https:\/\/artesanatodotocantins.com.br\/wp-content\/uploads\/2025\/10\/15384144702-whatsapp-image-2025-10-14-at-15-09-28-300x300.jpeg",300,300,true],"medium_large":["https:\/\/artesanatodotocantins.com.br\/wp-content\/uploads\/2025\/10\/15384144702-whatsapp-image-2025-10-14-at-15-09-28-768x768.jpeg",768,768,true],"large":["https:\/\/artesanatodotocantins.com.br\/wp-content\/uploads\/2025\/10\/15384144702-whatsapp-image-2025-10-14-at-15-09-28-1024x1024.jpeg",1024,1024,true],"1536x1536":["https:\/\/artesanatodotocantins.com.br\/wp-content\/uploads\/2025\/10\/15384144702-whatsapp-image-2025-10-14-at-15-09-28.jpeg",1496,1496,false],"2048x2048":["https:\/\/artesanatodotocantins.com.br\/wp-content\/uploads\/2025\/10\/15384144702-whatsapp-image-2025-10-14-at-15-09-28.jpeg",1496,1496,false],"trp-custom-language-flag":["https:\/\/artesanatodotocantins.com.br\/wp-content\/uploads\/2025\/10\/15384144702-whatsapp-image-2025-10-14-at-15-09-28-12x12.jpeg",12,12,true],"woocommerce_archive_thumbnail":["https:\/\/artesanatodotocantins.com.br\/wp-content\/uploads\/2025\/10\/15384144702-whatsapp-image-2025-10-14-at-15-09-28-500x500.jpeg",500,500,true],"woocommerce_thumbnail":["https:\/\/artesanatodotocantins.com.br\/wp-content\/uploads\/2025\/10\/15384144702-whatsapp-image-2025-10-14-at-15-09-28-300x300.jpeg",300,300,true],"woocommerce_single":["https:\/\/artesanatodotocantins.com.br\/wp-content\/uploads\/2025\/10\/15384144702-whatsapp-image-2025-10-14-at-15-09-28-800x800.jpeg",800,800,true],"woocommerce_gallery_thumbnail":["https:\/\/artesanatodotocantins.com.br\/wp-content\/uploads\/2025\/10\/15384144702-whatsapp-image-2025-10-14-at-15-09-28-300x300.jpeg",300,300,true]},"uagb_author_info":{"display_name":"GEOVANNE MACHADO","author_link":"https:\/\/artesanatodotocantins.com.br\/en\/author\/"},"uagb_comment_info":0,"uagb_excerpt":"Produto:\u00a0 Peso M\u00e9dio do Produto: 6 gramas Tamanho aproximado: 8cm diametroEmbalagem:Peso com embalagem medio de envio: 106gramas Tamanho da Caixa Aproximadado: 16cm x 6cm x 11cm \u00a0 A Flor Artesanal de Fibra de Buriti \u00e9 uma celebra\u00e7\u00e3o da natureza transformada em arte. Confeccionada \u00e0 m\u00e3o com fibras naturais extra\u00eddas do buriti \u2014 palmeira s\u00edmbolo do&hellip;","_links":{"self":[{"href":"https:\/\/artesanatodotocantins.com.br\/en\/wp-json\/wp\/v2\/product\/6043","targetHints":{"allow":["GET"]}}],"collection":[{"href":"https:\/\/artesanatodotocantins.com.br\/en\/wp-json\/wp\/v2\/product"}],"about":[{"href":"https:\/\/artesanatodotocantins.com.br\/en\/wp-json\/wp\/v2\/types\/product"}],"replies":[{"embeddable":true,"href":"https:\/\/artesanatodotocantins.com.br\/en\/wp-json\/wp\/v2\/comments?post=6043"}],"wp:featuredmedia":[{"embeddable":true,"href":"https:\/\/artesanatodotocantins.com.br\/en\/wp-json\/wp\/v2\/media\/6042"}],"wp:attachment":[{"href":"https:\/\/artesanatodotocantins.com.br\/en\/wp-json\/wp\/v2\/media?parent=6043"}],"wp:term":[{"taxonomy":"product_brand","embeddable":true,"href":"https:\/\/artesanatodotocantins.com.br\/en\/wp-json\/wp\/v2\/product_brand?post=6043"},{"taxonomy":"product_cat","embeddable":true,"href":"https:\/\/artesanatodotocantins.com.br\/en\/wp-json\/wp\/v2\/product_cat?post=6043"},{"taxonomy":"product_tag","embeddable":true,"href":"https:\/\/artesanatodotocantins.com.br\/en\/wp-json\/wp\/v2\/product_tag?post=6043"}],"curies":[{"name":"wp","href":"https:\/\/api.w.org\/{rel}","templated":true}]}}