{"id":6060,"date":"2025-11-07T17:55:12","date_gmt":"2025-11-07T17:55:12","guid":{"rendered":"https:\/\/artesanatodotocantins.com.br\/product\/presilha-capim-dourado\/"},"modified":"2025-11-27T20:38:42","modified_gmt":"2025-11-27T20:38:42","slug":"presilha-capim-dourado","status":"publish","type":"product","link":"https:\/\/artesanatodotocantins.com.br\/en\/product\/presilha-capim-dourado\/","title":{"rendered":"Presilha de Palito de Cabelo Madeira + Capim Dourado"},"content":{"rendered":"<p>Produto:\u00a0<\/p>\n<p>Peso M\u00e9dio do Produto: 15 gramas<br \/>Embalagem:<br \/>Peso com embalagem medio de envio: 120 gramas<\/p>\n<p>Tamanho da Caixa Aproximadado: 16cm x 6cm x 11cm<\/p>\n<p>\u00a0<\/p>\n<p data-start=\"241\" data-end=\"519\">A\u00a0<strong data-start=\"243\" data-end=\"282\">Presilha de Cabelo de Capim Dourado<\/strong>\u00a0\u00e9 um acess\u00f3rio artesanal elegante e leve, feito manualmente com capim dourado natural do Jalap\u00e3o. Seu brilho caracter\u00edstico e acabamento refinado valorizam qualquer penteado, trazendo um toque sofisticado, \u00fanico e totalmente brasileiro.<\/p>\n<p>\u00a0<\/p>\n<p data-start=\"521\" data-end=\"738\">Cada pe\u00e7a \u00e9 produzida por artes\u00e3os especializados, resultando em um acess\u00f3rio exclusivo, resistente e confort\u00e1vel de usar. Ideal para o dia a dia ou ocasi\u00f5es especiais, combinando beleza natural com tradi\u00e7\u00e3o cultural.<\/p>","protected":false},"excerpt":{"rendered":"<p>Produto:\u00a0 Peso M\u00e9dio do Produto: 15 gramasEmbalagem:Peso com embalagem medio de envio: 120 gramas Tamanho da Caixa Aproximadado: 16cm x 6cm x 11cm \u00a0 A\u00a0Presilha de Cabelo de Capim Dourado\u00a0\u00e9 um acess\u00f3rio artesanal elegante e leve, feito manualmente com capim dourado natural do Jalap\u00e3o. Seu brilho caracter\u00edstico e acabamento refinado valorizam qualquer penteado, trazendo um [&hellip;]<\/p>\n","protected":false},"featured_media":6059,"comment_status":"open","ping_status":"closed","template":"","meta":{"_gspb_post_css":"","_uag_custom_page_level_css":""},"product_brand":[],"product_cat":[111],"product_tag":[],"class_list":{"0":"post-6060","1":"product","2":"type-product","3":"status-publish","4":"has-post-thumbnail","6":"product_cat-presilha-de-cabelo","8":"first","9":"instock","10":"shipping-taxable","11":"purchasable","12":"product-type-simple"},"aioseo_notices":[],"ct_brands":[],"uagb_featured_image_src":{"full":["https:\/\/artesanatodotocantins.com.br\/wp-content\/uploads\/2025\/11\/15392694961-whatsapp-image-2025-11-07-at-14-50-46-1.jpeg",1496,1496,false],"thumbnail":["https:\/\/artesanatodotocantins.com.br\/wp-content\/uploads\/2025\/11\/15392694961-whatsapp-image-2025-11-07-at-14-50-46-1-150x150.jpeg",150,150,true],"medium":["https:\/\/artesanatodotocantins.com.br\/wp-content\/uploads\/2025\/11\/15392694961-whatsapp-image-2025-11-07-at-14-50-46-1-300x300.jpeg",300,300,true],"medium_large":["https:\/\/artesanatodotocantins.com.br\/wp-content\/uploads\/2025\/11\/15392694961-whatsapp-image-2025-11-07-at-14-50-46-1-768x768.jpeg",768,768,true],"large":["https:\/\/artesanatodotocantins.com.br\/wp-content\/uploads\/2025\/11\/15392694961-whatsapp-image-2025-11-07-at-14-50-46-1-1024x1024.jpeg",1024,1024,true],"1536x1536":["https:\/\/artesanatodotocantins.com.br\/wp-content\/uploads\/2025\/11\/15392694961-whatsapp-image-2025-11-07-at-14-50-46-1.jpeg",1496,1496,false],"2048x2048":["https:\/\/artesanatodotocantins.com.br\/wp-content\/uploads\/2025\/11\/15392694961-whatsapp-image-2025-11-07-at-14-50-46-1.jpeg",1496,1496,false],"trp-custom-language-flag":["https:\/\/artesanatodotocantins.com.br\/wp-content\/uploads\/2025\/11\/15392694961-whatsapp-image-2025-11-07-at-14-50-46-1-12x12.jpeg",12,12,true],"woocommerce_archive_thumbnail":["https:\/\/artesanatodotocantins.com.br\/wp-content\/uploads\/2025\/11\/15392694961-whatsapp-image-2025-11-07-at-14-50-46-1-500x500.jpeg",500,500,true],"woocommerce_thumbnail":["https:\/\/artesanatodotocantins.com.br\/wp-content\/uploads\/2025\/11\/15392694961-whatsapp-image-2025-11-07-at-14-50-46-1-300x300.jpeg",300,300,true],"woocommerce_single":["https:\/\/artesanatodotocantins.com.br\/wp-content\/uploads\/2025\/11\/15392694961-whatsapp-image-2025-11-07-at-14-50-46-1-800x800.jpeg",800,800,true],"woocommerce_gallery_thumbnail":["https:\/\/artesanatodotocantins.com.br\/wp-content\/uploads\/2025\/11\/15392694961-whatsapp-image-2025-11-07-at-14-50-46-1-300x300.jpeg",300,300,true]},"uagb_author_info":{"display_name":"GEOVANNE MACHADO","author_link":"https:\/\/artesanatodotocantins.com.br\/en\/author\/"},"uagb_comment_info":0,"uagb_excerpt":"Produto:\u00a0 Peso M\u00e9dio do Produto: 15 gramasEmbalagem:Peso com embalagem medio de envio: 120 gramas Tamanho da Caixa Aproximadado: 16cm x 6cm x 11cm \u00a0 A\u00a0Presilha de Cabelo de Capim Dourado\u00a0\u00e9 um acess\u00f3rio artesanal elegante e leve, feito manualmente com capim dourado natural do Jalap\u00e3o. Seu brilho caracter\u00edstico e acabamento refinado valorizam qualquer penteado, trazendo um&hellip;","_links":{"self":[{"href":"https:\/\/artesanatodotocantins.com.br\/en\/wp-json\/wp\/v2\/product\/6060","targetHints":{"allow":["GET"]}}],"collection":[{"href":"https:\/\/artesanatodotocantins.com.br\/en\/wp-json\/wp\/v2\/product"}],"about":[{"href":"https:\/\/artesanatodotocantins.com.br\/en\/wp-json\/wp\/v2\/types\/product"}],"replies":[{"embeddable":true,"href":"https:\/\/artesanatodotocantins.com.br\/en\/wp-json\/wp\/v2\/comments?post=6060"}],"wp:featuredmedia":[{"embeddable":true,"href":"https:\/\/artesanatodotocantins.com.br\/en\/wp-json\/wp\/v2\/media\/6059"}],"wp:attachment":[{"href":"https:\/\/artesanatodotocantins.com.br\/en\/wp-json\/wp\/v2\/media?parent=6060"}],"wp:term":[{"taxonomy":"product_brand","embeddable":true,"href":"https:\/\/artesanatodotocantins.com.br\/en\/wp-json\/wp\/v2\/product_brand?post=6060"},{"taxonomy":"product_cat","embeddable":true,"href":"https:\/\/artesanatodotocantins.com.br\/en\/wp-json\/wp\/v2\/product_cat?post=6060"},{"taxonomy":"product_tag","embeddable":true,"href":"https:\/\/artesanatodotocantins.com.br\/en\/wp-json\/wp\/v2\/product_tag?post=6060"}],"curies":[{"name":"wp","href":"https:\/\/api.w.org\/{rel}","templated":true}]}}