{"id":6188,"date":"2025-11-13T16:28:08","date_gmt":"2025-11-13T16:28:08","guid":{"rendered":"https:\/\/artesanatodotocantins.com.br\/product\/pote-de-capim-dourado-linha-natural-15-x-8cm\/"},"modified":"2026-01-21T16:00:24","modified_gmt":"2026-01-21T16:00:24","slug":"pote-de-capim-dourado-linha-natural-15-x-8cm","status":"publish","type":"product","link":"https:\/\/artesanatodotocantins.com.br\/en\/product\/pote-de-capim-dourado-linha-natural-15-x-8cm\/","title":{"rendered":"Pote de Capim Dourado Linha Natural 15 x 8cm"},"content":{"rendered":"<p>Produto:\u00a0<\/p>\n<p>Peso M\u00e9dio do Produto: 100 gramas<br \/>Tamanho do Produto Aproximado: 15 x 15 x 8cm<br \/>Embalagem:<br \/>Peso com embalagem medio de envio: 250 gramas<\/p>\n<p>Tamanho da Caixa Aproximadado: 20cm x 20cm x 20cm<\/p>\n<p>\u00a0<\/p>\n<p>O <strong data-start=\"459\" data-end=\"487\">Cachep\u00f4 de Capim Dourado<\/strong> \u00e9 uma pe\u00e7a artesanal feita \u00e0 m\u00e3o com hastes naturais do capim dourado, s\u00edmbolo do artesanato tocantinense.<br data-start=\"594\" data-end=\"597\" \/>Seu brilho natural e acabamento impec\u00e1vel tornam cada item \u00fanico, combinando <strong data-start=\"674\" data-end=\"722\">beleza, sustentabilidade e tradi\u00e7\u00e3o cultural<\/strong>.<br data-start=\"723\" data-end=\"726\" \/>Ideal para uso como <strong data-start=\"746\" data-end=\"796\">vaso decorativo, organizador ou centro de mesa<\/strong>, o cachep\u00f4 traz o encanto do trabalho manual e valoriza a arte dos artes\u00e3os locais.<br data-start=\"880\" data-end=\"883\" \/>Al\u00e9m de ecol\u00f3gico, \u00e9 leve, resistente e perfeito para dar um toque natural e elegante a qualquer ambiente.<\/p>","protected":false},"excerpt":{"rendered":"<p>Produto:\u00a0 Peso M\u00e9dio do Produto: 100 gramasTamanho do Produto Aproximado: 15 x 15 x 8cmEmbalagem:Peso com embalagem medio de envio: 250 gramas Tamanho da Caixa Aproximadado: 20cm x 20cm x 20cm \u00a0 O Cachep\u00f4 de Capim Dourado \u00e9 uma pe\u00e7a artesanal feita \u00e0 m\u00e3o com hastes naturais do capim dourado, s\u00edmbolo do artesanato tocantinense.Seu brilho [&hellip;]<\/p>\n","protected":false},"featured_media":6187,"comment_status":"open","ping_status":"closed","template":"","meta":{"_gspb_post_css":"","_uag_custom_page_level_css":""},"product_brand":[],"product_cat":[59],"product_tag":[],"class_list":{"0":"post-6188","1":"product","2":"type-product","3":"status-publish","4":"has-post-thumbnail","6":"product_cat-caixas","8":"first","9":"instock","10":"shipping-taxable","11":"purchasable","12":"product-type-simple"},"aioseo_notices":[],"ct_brands":[],"uagb_featured_image_src":{"full":["https:\/\/artesanatodotocantins.com.br\/wp-content\/uploads\/2025\/11\/15393919309-whatsapp-image-2025-11-13-at-12-56-25.jpeg",1496,1496,false],"thumbnail":["https:\/\/artesanatodotocantins.com.br\/wp-content\/uploads\/2025\/11\/15393919309-whatsapp-image-2025-11-13-at-12-56-25-150x150.jpeg",150,150,true],"medium":["https:\/\/artesanatodotocantins.com.br\/wp-content\/uploads\/2025\/11\/15393919309-whatsapp-image-2025-11-13-at-12-56-25-300x300.jpeg",300,300,true],"medium_large":["https:\/\/artesanatodotocantins.com.br\/wp-content\/uploads\/2025\/11\/15393919309-whatsapp-image-2025-11-13-at-12-56-25-768x768.jpeg",768,768,true],"large":["https:\/\/artesanatodotocantins.com.br\/wp-content\/uploads\/2025\/11\/15393919309-whatsapp-image-2025-11-13-at-12-56-25-1024x1024.jpeg",1024,1024,true],"1536x1536":["https:\/\/artesanatodotocantins.com.br\/wp-content\/uploads\/2025\/11\/15393919309-whatsapp-image-2025-11-13-at-12-56-25.jpeg",1496,1496,false],"2048x2048":["https:\/\/artesanatodotocantins.com.br\/wp-content\/uploads\/2025\/11\/15393919309-whatsapp-image-2025-11-13-at-12-56-25.jpeg",1496,1496,false],"trp-custom-language-flag":["https:\/\/artesanatodotocantins.com.br\/wp-content\/uploads\/2025\/11\/15393919309-whatsapp-image-2025-11-13-at-12-56-25-12x12.jpeg",12,12,true],"woocommerce_archive_thumbnail":["https:\/\/artesanatodotocantins.com.br\/wp-content\/uploads\/2025\/11\/15393919309-whatsapp-image-2025-11-13-at-12-56-25-500x500.jpeg",500,500,true],"woocommerce_thumbnail":["https:\/\/artesanatodotocantins.com.br\/wp-content\/uploads\/2025\/11\/15393919309-whatsapp-image-2025-11-13-at-12-56-25-300x300.jpeg",300,300,true],"woocommerce_single":["https:\/\/artesanatodotocantins.com.br\/wp-content\/uploads\/2025\/11\/15393919309-whatsapp-image-2025-11-13-at-12-56-25-800x800.jpeg",800,800,true],"woocommerce_gallery_thumbnail":["https:\/\/artesanatodotocantins.com.br\/wp-content\/uploads\/2025\/11\/15393919309-whatsapp-image-2025-11-13-at-12-56-25-300x300.jpeg",300,300,true]},"uagb_author_info":{"display_name":"GEOVANNE MACHADO","author_link":"https:\/\/artesanatodotocantins.com.br\/en\/author\/"},"uagb_comment_info":0,"uagb_excerpt":"Produto:\u00a0 Peso M\u00e9dio do Produto: 100 gramasTamanho do Produto Aproximado: 15 x 15 x 8cmEmbalagem:Peso com embalagem medio de envio: 250 gramas Tamanho da Caixa Aproximadado: 20cm x 20cm x 20cm \u00a0 O Cachep\u00f4 de Capim Dourado \u00e9 uma pe\u00e7a artesanal feita \u00e0 m\u00e3o com hastes naturais do capim dourado, s\u00edmbolo do artesanato tocantinense.Seu brilho&hellip;","_links":{"self":[{"href":"https:\/\/artesanatodotocantins.com.br\/en\/wp-json\/wp\/v2\/product\/6188","targetHints":{"allow":["GET"]}}],"collection":[{"href":"https:\/\/artesanatodotocantins.com.br\/en\/wp-json\/wp\/v2\/product"}],"about":[{"href":"https:\/\/artesanatodotocantins.com.br\/en\/wp-json\/wp\/v2\/types\/product"}],"replies":[{"embeddable":true,"href":"https:\/\/artesanatodotocantins.com.br\/en\/wp-json\/wp\/v2\/comments?post=6188"}],"wp:featuredmedia":[{"embeddable":true,"href":"https:\/\/artesanatodotocantins.com.br\/en\/wp-json\/wp\/v2\/media\/6187"}],"wp:attachment":[{"href":"https:\/\/artesanatodotocantins.com.br\/en\/wp-json\/wp\/v2\/media?parent=6188"}],"wp:term":[{"taxonomy":"product_brand","embeddable":true,"href":"https:\/\/artesanatodotocantins.com.br\/en\/wp-json\/wp\/v2\/product_brand?post=6188"},{"taxonomy":"product_cat","embeddable":true,"href":"https:\/\/artesanatodotocantins.com.br\/en\/wp-json\/wp\/v2\/product_cat?post=6188"},{"taxonomy":"product_tag","embeddable":true,"href":"https:\/\/artesanatodotocantins.com.br\/en\/wp-json\/wp\/v2\/product_tag?post=6188"}],"curies":[{"name":"wp","href":"https:\/\/api.w.org\/{rel}","templated":true}]}}