{"id":6201,"date":"2025-11-14T16:03:00","date_gmt":"2025-11-14T16:03:00","guid":{"rendered":"https:\/\/artesanatodotocantins.com.br\/product\/0803-brinco-capim-dourado\/"},"modified":"2025-11-14T16:03:00","modified_gmt":"2025-11-14T16:03:00","slug":"0803-brinco-capim-dourado","status":"publish","type":"product","link":"https:\/\/artesanatodotocantins.com.br\/en\/product\/0803-brinco-capim-dourado\/","title":{"rendered":"0803 &#8211; Brinco Capim Dourado"},"content":{"rendered":"<p>Produto:\u00a0<\/p>\n<p>Ap\u00f3s realizar a compra verificar disponibilidade da cor e base disponivel<\/p>\n<p>Peso M\u00e9dio do Produto: 3 a 10 gramasEmbalagem:<br \/>Peso com embalagem medio de envio: 150 gramas<\/p>\n<p>Tamanho da Caixa Aproximadado: 16cm x 6cm x 11cm<\/p>\n<p>\u00a0<\/p>\n<p>O\u00a0<strong data-start=\"757\" data-end=\"793\">Brinco Artesanal<\/strong>\u00a0de capim dourado com materiais complementares, resultando em uma pe\u00e7a \u00fanica e sofisticada. Feito \u00e0 m\u00e3o por artes\u00e3s do Tocantins, cada colar reflete exclusividade, Leveza e elegancia. \u00e9 perfeito para quem valoriza a beleza natural e deseja carregar um peda\u00e7o da cultura brasileira em seu estilo.<\/p>","protected":false},"excerpt":{"rendered":"<p>Produto:\u00a0 Ap\u00f3s realizar a compra verificar disponibilidade da cor e base disponivel Peso M\u00e9dio do Produto: 3 a 10 gramasEmbalagem:Peso com embalagem medio de envio: 150 gramas Tamanho da Caixa Aproximadado: 16cm x 6cm x 11cm \u00a0 O\u00a0Brinco Artesanal\u00a0de capim dourado com materiais complementares, resultando em uma pe\u00e7a \u00fanica e sofisticada. Feito \u00e0 m\u00e3o por [&hellip;]<\/p>\n","protected":false},"featured_media":6200,"comment_status":"open","ping_status":"closed","template":"","meta":{"_gspb_post_css":"","_uag_custom_page_level_css":""},"product_brand":[],"product_cat":[53],"product_tag":[],"class_list":{"0":"post-6201","1":"product","2":"type-product","3":"status-publish","4":"has-post-thumbnail","6":"product_cat-brincos","8":"first","9":"instock","10":"shipping-taxable","11":"purchasable","12":"product-type-simple"},"aioseo_notices":[],"ct_brands":[],"uagb_featured_image_src":{"full":["https:\/\/artesanatodotocantins.com.br\/wp-content\/uploads\/2025\/11\/15393958937-whatsapp-image-2025-11-13-at-12-59-59-2.jpeg",1496,1496,false],"thumbnail":["https:\/\/artesanatodotocantins.com.br\/wp-content\/uploads\/2025\/11\/15393958937-whatsapp-image-2025-11-13-at-12-59-59-2-150x150.jpeg",150,150,true],"medium":["https:\/\/artesanatodotocantins.com.br\/wp-content\/uploads\/2025\/11\/15393958937-whatsapp-image-2025-11-13-at-12-59-59-2-300x300.jpeg",300,300,true],"medium_large":["https:\/\/artesanatodotocantins.com.br\/wp-content\/uploads\/2025\/11\/15393958937-whatsapp-image-2025-11-13-at-12-59-59-2-768x768.jpeg",768,768,true],"large":["https:\/\/artesanatodotocantins.com.br\/wp-content\/uploads\/2025\/11\/15393958937-whatsapp-image-2025-11-13-at-12-59-59-2-1024x1024.jpeg",1024,1024,true],"1536x1536":["https:\/\/artesanatodotocantins.com.br\/wp-content\/uploads\/2025\/11\/15393958937-whatsapp-image-2025-11-13-at-12-59-59-2.jpeg",1496,1496,false],"2048x2048":["https:\/\/artesanatodotocantins.com.br\/wp-content\/uploads\/2025\/11\/15393958937-whatsapp-image-2025-11-13-at-12-59-59-2.jpeg",1496,1496,false],"trp-custom-language-flag":["https:\/\/artesanatodotocantins.com.br\/wp-content\/uploads\/2025\/11\/15393958937-whatsapp-image-2025-11-13-at-12-59-59-2-12x12.jpeg",12,12,true],"woocommerce_archive_thumbnail":["https:\/\/artesanatodotocantins.com.br\/wp-content\/uploads\/2025\/11\/15393958937-whatsapp-image-2025-11-13-at-12-59-59-2-500x500.jpeg",500,500,true],"woocommerce_thumbnail":["https:\/\/artesanatodotocantins.com.br\/wp-content\/uploads\/2025\/11\/15393958937-whatsapp-image-2025-11-13-at-12-59-59-2-300x300.jpeg",300,300,true],"woocommerce_single":["https:\/\/artesanatodotocantins.com.br\/wp-content\/uploads\/2025\/11\/15393958937-whatsapp-image-2025-11-13-at-12-59-59-2-800x800.jpeg",800,800,true],"woocommerce_gallery_thumbnail":["https:\/\/artesanatodotocantins.com.br\/wp-content\/uploads\/2025\/11\/15393958937-whatsapp-image-2025-11-13-at-12-59-59-2-300x300.jpeg",300,300,true]},"uagb_author_info":{"display_name":"GEOVANNE MACHADO","author_link":"https:\/\/artesanatodotocantins.com.br\/en\/author\/"},"uagb_comment_info":0,"uagb_excerpt":"Produto:\u00a0 Ap\u00f3s realizar a compra verificar disponibilidade da cor e base disponivel Peso M\u00e9dio do Produto: 3 a 10 gramasEmbalagem:Peso com embalagem medio de envio: 150 gramas Tamanho da Caixa Aproximadado: 16cm x 6cm x 11cm \u00a0 O\u00a0Brinco Artesanal\u00a0de capim dourado com materiais complementares, resultando em uma pe\u00e7a \u00fanica e sofisticada. Feito \u00e0 m\u00e3o por&hellip;","_links":{"self":[{"href":"https:\/\/artesanatodotocantins.com.br\/en\/wp-json\/wp\/v2\/product\/6201","targetHints":{"allow":["GET"]}}],"collection":[{"href":"https:\/\/artesanatodotocantins.com.br\/en\/wp-json\/wp\/v2\/product"}],"about":[{"href":"https:\/\/artesanatodotocantins.com.br\/en\/wp-json\/wp\/v2\/types\/product"}],"replies":[{"embeddable":true,"href":"https:\/\/artesanatodotocantins.com.br\/en\/wp-json\/wp\/v2\/comments?post=6201"}],"wp:featuredmedia":[{"embeddable":true,"href":"https:\/\/artesanatodotocantins.com.br\/en\/wp-json\/wp\/v2\/media\/6200"}],"wp:attachment":[{"href":"https:\/\/artesanatodotocantins.com.br\/en\/wp-json\/wp\/v2\/media?parent=6201"}],"wp:term":[{"taxonomy":"product_brand","embeddable":true,"href":"https:\/\/artesanatodotocantins.com.br\/en\/wp-json\/wp\/v2\/product_brand?post=6201"},{"taxonomy":"product_cat","embeddable":true,"href":"https:\/\/artesanatodotocantins.com.br\/en\/wp-json\/wp\/v2\/product_cat?post=6201"},{"taxonomy":"product_tag","embeddable":true,"href":"https:\/\/artesanatodotocantins.com.br\/en\/wp-json\/wp\/v2\/product_tag?post=6201"}],"curies":[{"name":"wp","href":"https:\/\/api.w.org\/{rel}","templated":true}]}}