{"id":6342,"date":"2025-11-18T14:04:33","date_gmt":"2025-11-18T14:04:33","guid":{"rendered":"https:\/\/artesanatodotocantins.com.br\/product\/copinho-de-ceramica-fauna-arara-vermelha-escrita-palmas-to\/"},"modified":"2026-04-08T17:35:05","modified_gmt":"2026-04-08T17:35:05","slug":"copinho-de-ceramica-fauna-arara-vermelha-escrita-palmas-to","status":"publish","type":"product","link":"https:\/\/artesanatodotocantins.com.br\/en\/product\/copinho-de-ceramica-fauna-arara-vermelha-escrita-palmas-to\/","title":{"rendered":"Copinho de Ceramica fauna Arara Vermelha escrita Palmas-TO"},"content":{"rendered":"<p>Produto:\u00a0<\/p>\n<p>Peso M\u00e9dio do Produto: 70 gramas<br \/>Tamanho: Pode variar entre 1 a 2 Cm\u00a0<\/p>\n<p>Embalagem:<br \/>Peso com embalagem medio de envio: 200 gramas<\/p>\n<p>Tamanho da Caixa Aproximadado: 20cm x 20cm x 20cm<\/p>\n<p>\u00a0<\/p>\n<p>As\u00a0<strong data-start=\"439\" data-end=\"471\">Pe\u00e7as Artesanais de Cer\u00e2mica<\/strong>\u00a0s\u00e3o produzidas manualmente, utilizando t\u00e9cnicas tradicionais do artesanato brasileiro.<br data-start=\"583\" data-end=\"586\" \/>Cada pe\u00e7a \u00e9 moldada e queimada cuidadosamente, resultando em um acabamento r\u00fastico, resistente e totalmente aut\u00eantico.<br data-start=\"704\" data-end=\"707\" \/>Por serem feitas \u00e0 m\u00e3o, nenhuma pe\u00e7a \u00e9 igual \u00e0 outra \u2014 cada uma carrega marcas \u00fanicas do processo artesanal, valorizando a cultura regional e o trabalho do artes\u00e3o.<\/p>","protected":false},"excerpt":{"rendered":"<p>Produto:\u00a0 Peso M\u00e9dio do Produto: 70 gramasTamanho: Pode variar entre 1 a 2 Cm\u00a0 Embalagem:Peso com embalagem medio de envio: 200 gramas Tamanho da Caixa Aproximadado: 20cm x 20cm x 20cm \u00a0 As\u00a0Pe\u00e7as Artesanais de Cer\u00e2mica\u00a0s\u00e3o produzidas manualmente, utilizando t\u00e9cnicas tradicionais do artesanato brasileiro.Cada pe\u00e7a \u00e9 moldada e queimada cuidadosamente, resultando em um acabamento r\u00fastico, [&hellip;]<\/p>\n","protected":false},"featured_media":6341,"comment_status":"open","ping_status":"closed","template":"","meta":{"_gspb_post_css":"","_uag_custom_page_level_css":""},"product_brand":[],"product_cat":[66],"product_tag":[],"class_list":{"0":"post-6342","1":"product","2":"type-product","3":"status-publish","4":"has-post-thumbnail","6":"product_cat-ceramicas","8":"first","9":"instock","10":"shipping-taxable","11":"purchasable","12":"product-type-simple"},"aioseo_notices":[],"ct_brands":[],"uagb_featured_image_src":{"full":["https:\/\/artesanatodotocantins.com.br\/wp-content\/uploads\/2025\/11\/15394920806-whatsapp-image-2025-11-18-at-10-58-25.jpeg",1600,1596,false],"thumbnail":["https:\/\/artesanatodotocantins.com.br\/wp-content\/uploads\/2025\/11\/15394920806-whatsapp-image-2025-11-18-at-10-58-25-150x150.jpeg",150,150,true],"medium":["https:\/\/artesanatodotocantins.com.br\/wp-content\/uploads\/2025\/11\/15394920806-whatsapp-image-2025-11-18-at-10-58-25-300x300.jpeg",300,300,true],"medium_large":["https:\/\/artesanatodotocantins.com.br\/wp-content\/uploads\/2025\/11\/15394920806-whatsapp-image-2025-11-18-at-10-58-25-768x766.jpeg",768,766,true],"large":["https:\/\/artesanatodotocantins.com.br\/wp-content\/uploads\/2025\/11\/15394920806-whatsapp-image-2025-11-18-at-10-58-25-1024x1021.jpeg",1024,1021,true],"1536x1536":["https:\/\/artesanatodotocantins.com.br\/wp-content\/uploads\/2025\/11\/15394920806-whatsapp-image-2025-11-18-at-10-58-25-1536x1532.jpeg",1536,1532,true],"2048x2048":["https:\/\/artesanatodotocantins.com.br\/wp-content\/uploads\/2025\/11\/15394920806-whatsapp-image-2025-11-18-at-10-58-25.jpeg",1600,1596,false],"trp-custom-language-flag":["https:\/\/artesanatodotocantins.com.br\/wp-content\/uploads\/2025\/11\/15394920806-whatsapp-image-2025-11-18-at-10-58-25-12x12.jpeg",12,12,true],"woocommerce_archive_thumbnail":["https:\/\/artesanatodotocantins.com.br\/wp-content\/uploads\/2025\/11\/15394920806-whatsapp-image-2025-11-18-at-10-58-25-500x499.jpeg",500,499,true],"woocommerce_thumbnail":["https:\/\/artesanatodotocantins.com.br\/wp-content\/uploads\/2025\/11\/15394920806-whatsapp-image-2025-11-18-at-10-58-25-300x300.jpeg",300,300,true],"woocommerce_single":["https:\/\/artesanatodotocantins.com.br\/wp-content\/uploads\/2025\/11\/15394920806-whatsapp-image-2025-11-18-at-10-58-25-800x798.jpeg",800,798,true],"woocommerce_gallery_thumbnail":["https:\/\/artesanatodotocantins.com.br\/wp-content\/uploads\/2025\/11\/15394920806-whatsapp-image-2025-11-18-at-10-58-25-300x300.jpeg",300,300,true]},"uagb_author_info":{"display_name":"GEOVANNE MACHADO","author_link":"https:\/\/artesanatodotocantins.com.br\/en\/author\/"},"uagb_comment_info":0,"uagb_excerpt":"Produto:\u00a0 Peso M\u00e9dio do Produto: 70 gramasTamanho: Pode variar entre 1 a 2 Cm\u00a0 Embalagem:Peso com embalagem medio de envio: 200 gramas Tamanho da Caixa Aproximadado: 20cm x 20cm x 20cm \u00a0 As\u00a0Pe\u00e7as Artesanais de Cer\u00e2mica\u00a0s\u00e3o produzidas manualmente, utilizando t\u00e9cnicas tradicionais do artesanato brasileiro.Cada pe\u00e7a \u00e9 moldada e queimada cuidadosamente, resultando em um acabamento r\u00fastico,&hellip;","_links":{"self":[{"href":"https:\/\/artesanatodotocantins.com.br\/en\/wp-json\/wp\/v2\/product\/6342","targetHints":{"allow":["GET"]}}],"collection":[{"href":"https:\/\/artesanatodotocantins.com.br\/en\/wp-json\/wp\/v2\/product"}],"about":[{"href":"https:\/\/artesanatodotocantins.com.br\/en\/wp-json\/wp\/v2\/types\/product"}],"replies":[{"embeddable":true,"href":"https:\/\/artesanatodotocantins.com.br\/en\/wp-json\/wp\/v2\/comments?post=6342"}],"wp:featuredmedia":[{"embeddable":true,"href":"https:\/\/artesanatodotocantins.com.br\/en\/wp-json\/wp\/v2\/media\/6341"}],"wp:attachment":[{"href":"https:\/\/artesanatodotocantins.com.br\/en\/wp-json\/wp\/v2\/media?parent=6342"}],"wp:term":[{"taxonomy":"product_brand","embeddable":true,"href":"https:\/\/artesanatodotocantins.com.br\/en\/wp-json\/wp\/v2\/product_brand?post=6342"},{"taxonomy":"product_cat","embeddable":true,"href":"https:\/\/artesanatodotocantins.com.br\/en\/wp-json\/wp\/v2\/product_cat?post=6342"},{"taxonomy":"product_tag","embeddable":true,"href":"https:\/\/artesanatodotocantins.com.br\/en\/wp-json\/wp\/v2\/product_tag?post=6342"}],"curies":[{"name":"wp","href":"https:\/\/api.w.org\/{rel}","templated":true}]}}