{"id":6416,"date":"2025-11-19T18:24:19","date_gmt":"2025-11-19T18:24:19","guid":{"rendered":"https:\/\/artesanatodotocantins.com.br\/product\/bolsa-de-capim-dourado-retangular-com-alca\/"},"modified":"2025-11-19T18:39:45","modified_gmt":"2025-11-19T18:39:45","slug":"bolsa-de-capim-dourado-retangular-com-alca","status":"publish","type":"product","link":"https:\/\/artesanatodotocantins.com.br\/en\/product\/bolsa-de-capim-dourado-retangular-com-alca\/","title":{"rendered":"Bolsa de Capim Dourado Retangular com Al\u00e7a"},"content":{"rendered":"<p>Produto:\u00a0<\/p>\n<p>Peso M\u00e9dio do Produto: 300 gramas<br \/>Tamanho pode Variar : 23 x 16 x 6cm<\/p>\n<p>Embalagem:<br \/>Peso com embalagem medio de envio: 500 gramas<\/p>\n<p>Tamanho da Caixa Aproximadado: 25cm x 25cm x 10cm<\/p>\n<p>\u00a0<\/p>\n<p>A\u00a0<strong data-start=\"474\" data-end=\"500\">Bolsa de Capim Dourado<\/strong>\u00a0\u00e9 uma pe\u00e7a artesanal exclusiva, feita \u00e0 m\u00e3o com o brilho natural do capim dourado .material t\u00edpico do Tocantins e s\u00edmbolo do artesanato regional.<br data-start=\"647\" data-end=\"650\" \/>Cada bolsa \u00e9 cuidadosamente tran\u00e7ada por artes\u00e3os locais, unindo\u00a0<strong data-start=\"715\" data-end=\"757\">beleza, resist\u00eancia e sustentabilidade<\/strong>\u00a0em um \u00fanico produto.<br data-start=\"778\" data-end=\"781\" \/>Seu acabamento impec\u00e1vel e design contempor\u00e2neo valorizam o brilho \u00fanico da planta, tornando a pe\u00e7a perfeita para uso di\u00e1rio, eventos ou como acess\u00f3rio sofisticado.<br data-start=\"945\" data-end=\"948\" \/>Al\u00e9m de leve e dur\u00e1vel, a bolsa carrega um forte valor cultural, representando a tradi\u00e7\u00e3o e o trabalho manual brasileiro.<\/p>","protected":false},"excerpt":{"rendered":"<p>Produto:\u00a0 Peso M\u00e9dio do Produto: 300 gramasTamanho pode Variar : 23 x 16 x 6cm Embalagem:Peso com embalagem medio de envio: 500 gramas Tamanho da Caixa Aproximadado: 25cm x 25cm x 10cm \u00a0 A\u00a0Bolsa de Capim Dourado\u00a0\u00e9 uma pe\u00e7a artesanal exclusiva, feita \u00e0 m\u00e3o com o brilho natural do capim dourado .material t\u00edpico do Tocantins [&hellip;]<\/p>\n","protected":false},"featured_media":6415,"comment_status":"open","ping_status":"closed","template":"","meta":{"_gspb_post_css":"","_uag_custom_page_level_css":""},"product_brand":[],"product_cat":[61],"product_tag":[],"class_list":{"0":"post-6416","1":"product","2":"type-product","3":"status-publish","4":"has-post-thumbnail","6":"product_cat-bolsas","8":"first","9":"instock","10":"shipping-taxable","11":"purchasable","12":"product-type-simple"},"aioseo_notices":[],"ct_brands":[],"uagb_featured_image_src":{"full":["https:\/\/artesanatodotocantins.com.br\/wp-content\/uploads\/2025\/11\/15395208752-whatsapp-image-2025-11-19-at-15-16-49.jpeg",1600,1596,false],"thumbnail":["https:\/\/artesanatodotocantins.com.br\/wp-content\/uploads\/2025\/11\/15395208752-whatsapp-image-2025-11-19-at-15-16-49-150x150.jpeg",150,150,true],"medium":["https:\/\/artesanatodotocantins.com.br\/wp-content\/uploads\/2025\/11\/15395208752-whatsapp-image-2025-11-19-at-15-16-49-300x300.jpeg",300,300,true],"medium_large":["https:\/\/artesanatodotocantins.com.br\/wp-content\/uploads\/2025\/11\/15395208752-whatsapp-image-2025-11-19-at-15-16-49-768x766.jpeg",768,766,true],"large":["https:\/\/artesanatodotocantins.com.br\/wp-content\/uploads\/2025\/11\/15395208752-whatsapp-image-2025-11-19-at-15-16-49-1024x1021.jpeg",1024,1021,true],"1536x1536":["https:\/\/artesanatodotocantins.com.br\/wp-content\/uploads\/2025\/11\/15395208752-whatsapp-image-2025-11-19-at-15-16-49-1536x1532.jpeg",1536,1532,true],"2048x2048":["https:\/\/artesanatodotocantins.com.br\/wp-content\/uploads\/2025\/11\/15395208752-whatsapp-image-2025-11-19-at-15-16-49.jpeg",1600,1596,false],"trp-custom-language-flag":["https:\/\/artesanatodotocantins.com.br\/wp-content\/uploads\/2025\/11\/15395208752-whatsapp-image-2025-11-19-at-15-16-49-12x12.jpeg",12,12,true],"woocommerce_archive_thumbnail":["https:\/\/artesanatodotocantins.com.br\/wp-content\/uploads\/2025\/11\/15395208752-whatsapp-image-2025-11-19-at-15-16-49-500x499.jpeg",500,499,true],"woocommerce_thumbnail":["https:\/\/artesanatodotocantins.com.br\/wp-content\/uploads\/2025\/11\/15395208752-whatsapp-image-2025-11-19-at-15-16-49-300x300.jpeg",300,300,true],"woocommerce_single":["https:\/\/artesanatodotocantins.com.br\/wp-content\/uploads\/2025\/11\/15395208752-whatsapp-image-2025-11-19-at-15-16-49-800x798.jpeg",800,798,true],"woocommerce_gallery_thumbnail":["https:\/\/artesanatodotocantins.com.br\/wp-content\/uploads\/2025\/11\/15395208752-whatsapp-image-2025-11-19-at-15-16-49-300x300.jpeg",300,300,true]},"uagb_author_info":{"display_name":"GEOVANNE MACHADO","author_link":"https:\/\/artesanatodotocantins.com.br\/en\/author\/"},"uagb_comment_info":0,"uagb_excerpt":"Produto:\u00a0 Peso M\u00e9dio do Produto: 300 gramasTamanho pode Variar : 23 x 16 x 6cm Embalagem:Peso com embalagem medio de envio: 500 gramas Tamanho da Caixa Aproximadado: 25cm x 25cm x 10cm \u00a0 A\u00a0Bolsa de Capim Dourado\u00a0\u00e9 uma pe\u00e7a artesanal exclusiva, feita \u00e0 m\u00e3o com o brilho natural do capim dourado .material t\u00edpico do Tocantins&hellip;","_links":{"self":[{"href":"https:\/\/artesanatodotocantins.com.br\/en\/wp-json\/wp\/v2\/product\/6416","targetHints":{"allow":["GET"]}}],"collection":[{"href":"https:\/\/artesanatodotocantins.com.br\/en\/wp-json\/wp\/v2\/product"}],"about":[{"href":"https:\/\/artesanatodotocantins.com.br\/en\/wp-json\/wp\/v2\/types\/product"}],"replies":[{"embeddable":true,"href":"https:\/\/artesanatodotocantins.com.br\/en\/wp-json\/wp\/v2\/comments?post=6416"}],"wp:featuredmedia":[{"embeddable":true,"href":"https:\/\/artesanatodotocantins.com.br\/en\/wp-json\/wp\/v2\/media\/6415"}],"wp:attachment":[{"href":"https:\/\/artesanatodotocantins.com.br\/en\/wp-json\/wp\/v2\/media?parent=6416"}],"wp:term":[{"taxonomy":"product_brand","embeddable":true,"href":"https:\/\/artesanatodotocantins.com.br\/en\/wp-json\/wp\/v2\/product_brand?post=6416"},{"taxonomy":"product_cat","embeddable":true,"href":"https:\/\/artesanatodotocantins.com.br\/en\/wp-json\/wp\/v2\/product_cat?post=6416"},{"taxonomy":"product_tag","embeddable":true,"href":"https:\/\/artesanatodotocantins.com.br\/en\/wp-json\/wp\/v2\/product_tag?post=6416"}],"curies":[{"name":"wp","href":"https:\/\/api.w.org\/{rel}","templated":true}]}}