{"id":6427,"date":"2025-11-19T20:10:11","date_gmt":"2025-11-19T20:10:11","guid":{"rendered":"https:\/\/artesanatodotocantins.com.br\/product\/caixa-de-mdf-com-escrita-do-tocantins\/"},"modified":"2025-11-25T13:18:33","modified_gmt":"2025-11-25T13:18:33","slug":"caixa-de-mdf-com-escrita-do-tocantins","status":"publish","type":"product","link":"https:\/\/artesanatodotocantins.com.br\/en\/product\/caixa-de-mdf-com-escrita-do-tocantins\/","title":{"rendered":"Caixa de MDF com escrita do Tocantins"},"content":{"rendered":"<p>Produto:\u00a0<\/p>\n<p>Peso M\u00e9dio do Produto: 150 gramas<br \/>Tamanho pode Variar : 15 x 15 x 6cm ( Pode varias tamanho)<\/p>\n<p>Embalagem:<br \/>Peso com embalagem medio de envio: 330 gramas<\/p>\n<p>Tamanho da Caixa Aproximadado: 20cm x 20cm x 20cm<\/p>\n<p>\u00a0<\/p>\n<p data-start=\"413\" data-end=\"779\">A <strong data-start=\"417\" data-end=\"443\">Caixa de MDF Artesanal<\/strong> \u00e9 produzida com madeira reflorestada e acabamento de alta qualidade, ideal para organiza\u00e7\u00e3o, decora\u00e7\u00e3o ou montagem de kits de presente.<br data-start=\"579\" data-end=\"582\" \/>Seu material resistente permite pintura, grava\u00e7\u00e3o, personaliza\u00e7\u00e3o e aplica\u00e7\u00e3o de t\u00e9cnicas artesanais como decoupage, pirografia e forra\u00e7\u00e3o.<br data-start=\"721\" data-end=\"724\" \/>Vers\u00e1til e elegante, a caixa de MDF \u00e9 perfeita para quem busca <strong data-start=\"787\" data-end=\"828\">funcionalidade, beleza e durabilidade<\/strong>, podendo ser usada em casa, no escrit\u00f3rio ou como embalagem premium para produtos artesanais.<\/p>","protected":false},"excerpt":{"rendered":"<p>Produto:\u00a0 Peso M\u00e9dio do Produto: 150 gramasTamanho pode Variar : 15 x 15 x 6cm ( Pode varias tamanho) Embalagem:Peso com embalagem medio de envio: 330 gramas Tamanho da Caixa Aproximadado: 20cm x 20cm x 20cm \u00a0 A Caixa de MDF Artesanal \u00e9 produzida com madeira reflorestada e acabamento de alta qualidade, ideal para organiza\u00e7\u00e3o, [&hellip;]<\/p>\n","protected":false},"featured_media":6492,"comment_status":"open","ping_status":"closed","template":"","meta":{"_gspb_post_css":"","_uag_custom_page_level_css":""},"product_brand":[],"product_cat":[60],"product_tag":[],"class_list":{"0":"post-6427","1":"product","2":"type-product","3":"status-publish","4":"has-post-thumbnail","6":"product_cat-caixa-mdf","8":"first","9":"instock","10":"shipping-taxable","11":"purchasable","12":"product-type-simple"},"aioseo_notices":[],"ct_brands":[],"uagb_featured_image_src":{"full":["https:\/\/artesanatodotocantins.com.br\/wp-content\/uploads\/2025\/11\/15395251566-whatsapp-image-2025-11-19-at-16-53-04-3.jpeg",1496,1496,false],"thumbnail":["https:\/\/artesanatodotocantins.com.br\/wp-content\/uploads\/2025\/11\/15395251566-whatsapp-image-2025-11-19-at-16-53-04-3-150x150.jpeg",150,150,true],"medium":["https:\/\/artesanatodotocantins.com.br\/wp-content\/uploads\/2025\/11\/15395251566-whatsapp-image-2025-11-19-at-16-53-04-3-300x300.jpeg",300,300,true],"medium_large":["https:\/\/artesanatodotocantins.com.br\/wp-content\/uploads\/2025\/11\/15395251566-whatsapp-image-2025-11-19-at-16-53-04-3-768x768.jpeg",768,768,true],"large":["https:\/\/artesanatodotocantins.com.br\/wp-content\/uploads\/2025\/11\/15395251566-whatsapp-image-2025-11-19-at-16-53-04-3-1024x1024.jpeg",1024,1024,true],"1536x1536":["https:\/\/artesanatodotocantins.com.br\/wp-content\/uploads\/2025\/11\/15395251566-whatsapp-image-2025-11-19-at-16-53-04-3.jpeg",1496,1496,false],"2048x2048":["https:\/\/artesanatodotocantins.com.br\/wp-content\/uploads\/2025\/11\/15395251566-whatsapp-image-2025-11-19-at-16-53-04-3.jpeg",1496,1496,false],"trp-custom-language-flag":["https:\/\/artesanatodotocantins.com.br\/wp-content\/uploads\/2025\/11\/15395251566-whatsapp-image-2025-11-19-at-16-53-04-3-12x12.jpeg",12,12,true],"woocommerce_archive_thumbnail":["https:\/\/artesanatodotocantins.com.br\/wp-content\/uploads\/2025\/11\/15395251566-whatsapp-image-2025-11-19-at-16-53-04-3-500x500.jpeg",500,500,true],"woocommerce_thumbnail":["https:\/\/artesanatodotocantins.com.br\/wp-content\/uploads\/2025\/11\/15395251566-whatsapp-image-2025-11-19-at-16-53-04-3-300x300.jpeg",300,300,true],"woocommerce_single":["https:\/\/artesanatodotocantins.com.br\/wp-content\/uploads\/2025\/11\/15395251566-whatsapp-image-2025-11-19-at-16-53-04-3-800x800.jpeg",800,800,true],"woocommerce_gallery_thumbnail":["https:\/\/artesanatodotocantins.com.br\/wp-content\/uploads\/2025\/11\/15395251566-whatsapp-image-2025-11-19-at-16-53-04-3-300x300.jpeg",300,300,true]},"uagb_author_info":{"display_name":"GEOVANNE MACHADO","author_link":"https:\/\/artesanatodotocantins.com.br\/en\/author\/"},"uagb_comment_info":0,"uagb_excerpt":"Produto:\u00a0 Peso M\u00e9dio do Produto: 150 gramasTamanho pode Variar : 15 x 15 x 6cm ( Pode varias tamanho) Embalagem:Peso com embalagem medio de envio: 330 gramas Tamanho da Caixa Aproximadado: 20cm x 20cm x 20cm \u00a0 A Caixa de MDF Artesanal \u00e9 produzida com madeira reflorestada e acabamento de alta qualidade, ideal para organiza\u00e7\u00e3o,&hellip;","_links":{"self":[{"href":"https:\/\/artesanatodotocantins.com.br\/en\/wp-json\/wp\/v2\/product\/6427","targetHints":{"allow":["GET"]}}],"collection":[{"href":"https:\/\/artesanatodotocantins.com.br\/en\/wp-json\/wp\/v2\/product"}],"about":[{"href":"https:\/\/artesanatodotocantins.com.br\/en\/wp-json\/wp\/v2\/types\/product"}],"replies":[{"embeddable":true,"href":"https:\/\/artesanatodotocantins.com.br\/en\/wp-json\/wp\/v2\/comments?post=6427"}],"wp:featuredmedia":[{"embeddable":true,"href":"https:\/\/artesanatodotocantins.com.br\/en\/wp-json\/wp\/v2\/media\/6492"}],"wp:attachment":[{"href":"https:\/\/artesanatodotocantins.com.br\/en\/wp-json\/wp\/v2\/media?parent=6427"}],"wp:term":[{"taxonomy":"product_brand","embeddable":true,"href":"https:\/\/artesanatodotocantins.com.br\/en\/wp-json\/wp\/v2\/product_brand?post=6427"},{"taxonomy":"product_cat","embeddable":true,"href":"https:\/\/artesanatodotocantins.com.br\/en\/wp-json\/wp\/v2\/product_cat?post=6427"},{"taxonomy":"product_tag","embeddable":true,"href":"https:\/\/artesanatodotocantins.com.br\/en\/wp-json\/wp\/v2\/product_tag?post=6427"}],"curies":[{"name":"wp","href":"https:\/\/api.w.org\/{rel}","templated":true}]}}