{"id":6432,"date":"2025-11-19T20:25:06","date_gmt":"2025-11-19T20:25:06","guid":{"rendered":"https:\/\/artesanatodotocantins.com.br\/product\/caixa-de-capim-dourado-para-supla-linha-buriti-38-x-9cm\/"},"modified":"2025-12-04T18:12:51","modified_gmt":"2025-12-04T18:12:51","slug":"caixa-de-capim-dourado-para-supla-linha-buriti-38-x-9cm","status":"publish","type":"product","link":"https:\/\/artesanatodotocantins.com.br\/en\/product\/caixa-de-capim-dourado-para-supla-linha-buriti-38-x-9cm\/","title":{"rendered":"Caixa de Capim Dourado para Supla Linha Buriti 38 X 9cm"},"content":{"rendered":"<p>Produto:\u00a0<\/p>\n<p>Peso M\u00e9dio do Produto: 700 gramas<br \/>Tamanho pode Variar : 39 x 39 x 9cm ( Pode varias tamanho)<\/p>\n<p>Embalagem:<br \/>Peso com embalagem medio de envio: 1000 gramas<\/p>\n<p>Tamanho da Caixa Aproximadado: 45cm x 45cm x 20cm<\/p>\n<p>\u00a0<\/p>\n<p data-start=\"319\" data-end=\"650\">Esta caixade capim dourado para supla \u00e9 cuidadosamente tecida \u00e0 m\u00e3o por artes\u00e3os do Jalap\u00e3o, valorizando t\u00e9cnicas tradicionais e preservando a cultura local. Leve, resistente e com o brilho natural caracter\u00edstico do capim dourado, \u00e9 perfeita para decorar ambientes, organizar pequenos objetos, presentear ou compor kits artesanais.<\/p>\n<p data-start=\"652\" data-end=\"807\">\u00a0<\/p>\n<p data-start=\"652\" data-end=\"807\">Seu acabamento artesanal garante exclusividade em cada pe\u00e7a, tornando-a ideal para quem aprecia arte, estilo r\u00fastico sofisticado e produtos sustent\u00e1veis<\/p>","protected":false},"excerpt":{"rendered":"<p>Produto:\u00a0 Peso M\u00e9dio do Produto: 700 gramasTamanho pode Variar : 39 x 39 x 9cm ( Pode varias tamanho) Embalagem:Peso com embalagem medio de envio: 1000 gramas Tamanho da Caixa Aproximadado: 45cm x 45cm x 20cm \u00a0 Esta caixade capim dourado para supla \u00e9 cuidadosamente tecida \u00e0 m\u00e3o por artes\u00e3os do Jalap\u00e3o, valorizando t\u00e9cnicas tradicionais [&hellip;]<\/p>\n","protected":false},"featured_media":6431,"comment_status":"open","ping_status":"closed","template":"","meta":{"_gspb_post_css":"","_uag_custom_page_level_css":""},"product_brand":[],"product_cat":[59],"product_tag":[],"class_list":{"0":"post-6432","1":"product","2":"type-product","3":"status-publish","4":"has-post-thumbnail","6":"product_cat-caixas","8":"first","9":"instock","10":"shipping-taxable","11":"purchasable","12":"product-type-simple"},"aioseo_notices":[],"ct_brands":[],"uagb_featured_image_src":{"full":["https:\/\/artesanatodotocantins.com.br\/wp-content\/uploads\/2025\/11\/15279236755-whatsapp-image-2024-06-17-at-16-49-57.jpeg",1600,1596,false],"thumbnail":["https:\/\/artesanatodotocantins.com.br\/wp-content\/uploads\/2025\/11\/15279236755-whatsapp-image-2024-06-17-at-16-49-57-150x150.jpeg",150,150,true],"medium":["https:\/\/artesanatodotocantins.com.br\/wp-content\/uploads\/2025\/11\/15279236755-whatsapp-image-2024-06-17-at-16-49-57-300x300.jpeg",300,300,true],"medium_large":["https:\/\/artesanatodotocantins.com.br\/wp-content\/uploads\/2025\/11\/15279236755-whatsapp-image-2024-06-17-at-16-49-57-768x766.jpeg",768,766,true],"large":["https:\/\/artesanatodotocantins.com.br\/wp-content\/uploads\/2025\/11\/15279236755-whatsapp-image-2024-06-17-at-16-49-57-1024x1021.jpeg",1024,1021,true],"1536x1536":["https:\/\/artesanatodotocantins.com.br\/wp-content\/uploads\/2025\/11\/15279236755-whatsapp-image-2024-06-17-at-16-49-57-1536x1532.jpeg",1536,1532,true],"2048x2048":["https:\/\/artesanatodotocantins.com.br\/wp-content\/uploads\/2025\/11\/15279236755-whatsapp-image-2024-06-17-at-16-49-57.jpeg",1600,1596,false],"trp-custom-language-flag":["https:\/\/artesanatodotocantins.com.br\/wp-content\/uploads\/2025\/11\/15279236755-whatsapp-image-2024-06-17-at-16-49-57-12x12.jpeg",12,12,true],"woocommerce_archive_thumbnail":["https:\/\/artesanatodotocantins.com.br\/wp-content\/uploads\/2025\/11\/15279236755-whatsapp-image-2024-06-17-at-16-49-57-500x499.jpeg",500,499,true],"woocommerce_thumbnail":["https:\/\/artesanatodotocantins.com.br\/wp-content\/uploads\/2025\/11\/15279236755-whatsapp-image-2024-06-17-at-16-49-57-300x300.jpeg",300,300,true],"woocommerce_single":["https:\/\/artesanatodotocantins.com.br\/wp-content\/uploads\/2025\/11\/15279236755-whatsapp-image-2024-06-17-at-16-49-57-800x798.jpeg",800,798,true],"woocommerce_gallery_thumbnail":["https:\/\/artesanatodotocantins.com.br\/wp-content\/uploads\/2025\/11\/15279236755-whatsapp-image-2024-06-17-at-16-49-57-300x300.jpeg",300,300,true]},"uagb_author_info":{"display_name":"GEOVANNE MACHADO","author_link":"https:\/\/artesanatodotocantins.com.br\/en\/author\/"},"uagb_comment_info":0,"uagb_excerpt":"Produto:\u00a0 Peso M\u00e9dio do Produto: 700 gramasTamanho pode Variar : 39 x 39 x 9cm ( Pode varias tamanho) Embalagem:Peso com embalagem medio de envio: 1000 gramas Tamanho da Caixa Aproximadado: 45cm x 45cm x 20cm \u00a0 Esta caixade capim dourado para supla \u00e9 cuidadosamente tecida \u00e0 m\u00e3o por artes\u00e3os do Jalap\u00e3o, valorizando t\u00e9cnicas tradicionais&hellip;","_links":{"self":[{"href":"https:\/\/artesanatodotocantins.com.br\/en\/wp-json\/wp\/v2\/product\/6432","targetHints":{"allow":["GET"]}}],"collection":[{"href":"https:\/\/artesanatodotocantins.com.br\/en\/wp-json\/wp\/v2\/product"}],"about":[{"href":"https:\/\/artesanatodotocantins.com.br\/en\/wp-json\/wp\/v2\/types\/product"}],"replies":[{"embeddable":true,"href":"https:\/\/artesanatodotocantins.com.br\/en\/wp-json\/wp\/v2\/comments?post=6432"}],"wp:featuredmedia":[{"embeddable":true,"href":"https:\/\/artesanatodotocantins.com.br\/en\/wp-json\/wp\/v2\/media\/6431"}],"wp:attachment":[{"href":"https:\/\/artesanatodotocantins.com.br\/en\/wp-json\/wp\/v2\/media?parent=6432"}],"wp:term":[{"taxonomy":"product_brand","embeddable":true,"href":"https:\/\/artesanatodotocantins.com.br\/en\/wp-json\/wp\/v2\/product_brand?post=6432"},{"taxonomy":"product_cat","embeddable":true,"href":"https:\/\/artesanatodotocantins.com.br\/en\/wp-json\/wp\/v2\/product_cat?post=6432"},{"taxonomy":"product_tag","embeddable":true,"href":"https:\/\/artesanatodotocantins.com.br\/en\/wp-json\/wp\/v2\/product_tag?post=6432"}],"curies":[{"name":"wp","href":"https:\/\/api.w.org\/{rel}","templated":true}]}}