{"id":6439,"date":"2025-11-24T15:36:44","date_gmt":"2025-11-24T15:36:44","guid":{"rendered":"https:\/\/artesanatodotocantins.com.br\/product\/terco-de-perola-com-bolinha-capim-doruado\/"},"modified":"2026-04-01T19:04:48","modified_gmt":"2026-04-01T19:04:48","slug":"terco-de-perola-com-bolinha-capim-doruado","status":"publish","type":"product","link":"https:\/\/artesanatodotocantins.com.br\/en\/product\/terco-de-perola-com-bolinha-capim-doruado\/","title":{"rendered":"Ter\u00e7o de Perola com Bolinha Capim Doruado"},"content":{"rendered":"<p>Produto:\u00a0<\/p>\n<p>Peso M\u00e9dio do Produto: 40 gramas<br \/>Tamanho Linear do Produto Aproximado: 50cm<br \/>Embalagem:<br \/>Peso com embalagem medio de envio: 150 gramas<\/p>\n<p>Tamanho da Caixa Aproximadado: 16cm x 11cm x 6cm<\/p>\n<p data-start=\"167\" data-end=\"422\">\u00a0<\/p>\n<p data-start=\"167\" data-end=\"422\">O <strong data-start=\"169\" data-end=\"195\">Ter\u00e7o de Capim Dourado<\/strong> \u00e9 uma pe\u00e7a artesanal cheia de significado, confeccionada \u00e0 m\u00e3o com o tradicional capim dourado do Tocantins. Seu brilho natural e elegante transforma cada conta em um detalhe \u00fanico, combinando f\u00e9, tradi\u00e7\u00e3o e beleza regional.<\/p>\n<p data-start=\"424\" data-end=\"695\">Leve, resistente e produzido com muito cuidado, \u00e9 ideal para ora\u00e7\u00f5es di\u00e1rias, momentos de reflex\u00e3o ou para presentear algu\u00e9m especial. Cada ter\u00e7o carrega o valor do trabalho artesanal local e o encanto natural desse material t\u00e3o caracter\u00edstico do artesanato tocantinense.<\/p>\n<p>\u00a0<\/p>\n<p data-start=\"697\" data-end=\"770\">Um s\u00edmbolo de devo\u00e7\u00e3o que une espiritualidade, arte e cultura brasileira.<\/p>","protected":false},"excerpt":{"rendered":"<p>Produto:\u00a0 Peso M\u00e9dio do Produto: 40 gramasTamanho Linear do Produto Aproximado: 50cmEmbalagem:Peso com embalagem medio de envio: 150 gramas Tamanho da Caixa Aproximadado: 16cm x 11cm x 6cm \u00a0 O Ter\u00e7o de Capim Dourado \u00e9 uma pe\u00e7a artesanal cheia de significado, confeccionada \u00e0 m\u00e3o com o tradicional capim dourado do Tocantins. Seu brilho natural e [&hellip;]<\/p>\n","protected":false},"featured_media":6438,"comment_status":"open","ping_status":"closed","template":"","meta":{"_gspb_post_css":"","_uag_custom_page_level_css":""},"product_brand":[],"product_cat":[69],"product_tag":[],"class_list":{"0":"post-6439","1":"product","2":"type-product","3":"status-publish","4":"has-post-thumbnail","6":"product_cat-religioso","8":"first","9":"instock","10":"shipping-taxable","11":"purchasable","12":"product-type-simple"},"aioseo_notices":[],"ct_brands":[],"uagb_featured_image_src":{"full":["https:\/\/artesanatodotocantins.com.br\/wp-content\/uploads\/2025\/11\/15312474254-whatsapp-image-2024-11-29-at-09-31-10-2.jpeg",1496,1496,false],"thumbnail":["https:\/\/artesanatodotocantins.com.br\/wp-content\/uploads\/2025\/11\/15312474254-whatsapp-image-2024-11-29-at-09-31-10-2-150x150.jpeg",150,150,true],"medium":["https:\/\/artesanatodotocantins.com.br\/wp-content\/uploads\/2025\/11\/15312474254-whatsapp-image-2024-11-29-at-09-31-10-2-300x300.jpeg",300,300,true],"medium_large":["https:\/\/artesanatodotocantins.com.br\/wp-content\/uploads\/2025\/11\/15312474254-whatsapp-image-2024-11-29-at-09-31-10-2-768x768.jpeg",768,768,true],"large":["https:\/\/artesanatodotocantins.com.br\/wp-content\/uploads\/2025\/11\/15312474254-whatsapp-image-2024-11-29-at-09-31-10-2-1024x1024.jpeg",1024,1024,true],"1536x1536":["https:\/\/artesanatodotocantins.com.br\/wp-content\/uploads\/2025\/11\/15312474254-whatsapp-image-2024-11-29-at-09-31-10-2.jpeg",1496,1496,false],"2048x2048":["https:\/\/artesanatodotocantins.com.br\/wp-content\/uploads\/2025\/11\/15312474254-whatsapp-image-2024-11-29-at-09-31-10-2.jpeg",1496,1496,false],"trp-custom-language-flag":["https:\/\/artesanatodotocantins.com.br\/wp-content\/uploads\/2025\/11\/15312474254-whatsapp-image-2024-11-29-at-09-31-10-2-12x12.jpeg",12,12,true],"woocommerce_archive_thumbnail":["https:\/\/artesanatodotocantins.com.br\/wp-content\/uploads\/2025\/11\/15312474254-whatsapp-image-2024-11-29-at-09-31-10-2-500x500.jpeg",500,500,true],"woocommerce_thumbnail":["https:\/\/artesanatodotocantins.com.br\/wp-content\/uploads\/2025\/11\/15312474254-whatsapp-image-2024-11-29-at-09-31-10-2-300x300.jpeg",300,300,true],"woocommerce_single":["https:\/\/artesanatodotocantins.com.br\/wp-content\/uploads\/2025\/11\/15312474254-whatsapp-image-2024-11-29-at-09-31-10-2-800x800.jpeg",800,800,true],"woocommerce_gallery_thumbnail":["https:\/\/artesanatodotocantins.com.br\/wp-content\/uploads\/2025\/11\/15312474254-whatsapp-image-2024-11-29-at-09-31-10-2-300x300.jpeg",300,300,true]},"uagb_author_info":{"display_name":"GEOVANNE MACHADO","author_link":"https:\/\/artesanatodotocantins.com.br\/en\/author\/"},"uagb_comment_info":0,"uagb_excerpt":"Produto:\u00a0 Peso M\u00e9dio do Produto: 40 gramasTamanho Linear do Produto Aproximado: 50cmEmbalagem:Peso com embalagem medio de envio: 150 gramas Tamanho da Caixa Aproximadado: 16cm x 11cm x 6cm \u00a0 O Ter\u00e7o de Capim Dourado \u00e9 uma pe\u00e7a artesanal cheia de significado, confeccionada \u00e0 m\u00e3o com o tradicional capim dourado do Tocantins. Seu brilho natural e&hellip;","_links":{"self":[{"href":"https:\/\/artesanatodotocantins.com.br\/en\/wp-json\/wp\/v2\/product\/6439","targetHints":{"allow":["GET"]}}],"collection":[{"href":"https:\/\/artesanatodotocantins.com.br\/en\/wp-json\/wp\/v2\/product"}],"about":[{"href":"https:\/\/artesanatodotocantins.com.br\/en\/wp-json\/wp\/v2\/types\/product"}],"replies":[{"embeddable":true,"href":"https:\/\/artesanatodotocantins.com.br\/en\/wp-json\/wp\/v2\/comments?post=6439"}],"wp:featuredmedia":[{"embeddable":true,"href":"https:\/\/artesanatodotocantins.com.br\/en\/wp-json\/wp\/v2\/media\/6438"}],"wp:attachment":[{"href":"https:\/\/artesanatodotocantins.com.br\/en\/wp-json\/wp\/v2\/media?parent=6439"}],"wp:term":[{"taxonomy":"product_brand","embeddable":true,"href":"https:\/\/artesanatodotocantins.com.br\/en\/wp-json\/wp\/v2\/product_brand?post=6439"},{"taxonomy":"product_cat","embeddable":true,"href":"https:\/\/artesanatodotocantins.com.br\/en\/wp-json\/wp\/v2\/product_cat?post=6439"},{"taxonomy":"product_tag","embeddable":true,"href":"https:\/\/artesanatodotocantins.com.br\/en\/wp-json\/wp\/v2\/product_tag?post=6439"}],"curies":[{"name":"wp","href":"https:\/\/api.w.org\/{rel}","templated":true}]}}