{"id":6527,"date":"2025-11-26T21:14:10","date_gmt":"2025-11-26T21:14:10","guid":{"rendered":"https:\/\/artesanatodotocantins.com.br\/product\/caixa-de-capim-dourado-linha-dourada-colecao-rosas22-x-8cm\/"},"modified":"2025-11-26T21:14:10","modified_gmt":"2025-11-26T21:14:10","slug":"caixa-de-capim-dourado-linha-dourada-colecao-rosas22-x-8cm","status":"publish","type":"product","link":"https:\/\/artesanatodotocantins.com.br\/en\/product\/caixa-de-capim-dourado-linha-dourada-colecao-rosas22-x-8cm\/","title":{"rendered":"Caixa de Capim Dourado Linha Dourada Cole\u00e7\u00e3o Rosas22 x 8cm"},"content":{"rendered":"<p>Produto:\u00a0<\/p>\n<p>Peso M\u00e9dio do Produto: 300 gramas<br \/>Tamanho do Produto Aproximado: 22 x 22 x 8cm<\/p>\n<p>Embalagem:<br \/>Peso com embalagem medio de envio: 500 gramas<\/p>\n<p>Tamanho da Caixa Aproximadado: 30cm x 30cm x 10cm<\/p>\n<p>\u00a0<\/p>\n<p>O\u00a0<strong data-start=\"459\" data-end=\"487\">Pote de Capim Dourado<\/strong>\u00a0\u00e9 uma pe\u00e7a artesanal feita \u00e0 m\u00e3o com hastes naturais do capim dourado, s\u00edmbolo do artesanato tocantinense.<br data-start=\"594\" data-end=\"597\" \/>Seu brilho natural e acabamento impec\u00e1vel tornam cada item \u00fanico, combinando\u00a0<strong data-start=\"674\" data-end=\"722\">beleza, sustentabilidade e tradi\u00e7\u00e3o cultural<\/strong>.<br data-start=\"723\" data-end=\"726\" \/>Ideal para uso como\u00a0<strong data-start=\"746\" data-end=\"796\">vaso decorativo, organizador ou centro de mesa<\/strong>, o cachep\u00f4 traz o encanto do trabalho manual e valoriza a arte dos artes\u00e3os locais.<br data-start=\"880\" data-end=\"883\" \/>Al\u00e9m de ecol\u00f3gico, \u00e9 leve, resistente e perfeito para dar um toque natural e elegante a qualquer ambiente.<\/p>","protected":false},"excerpt":{"rendered":"<p>Produto:\u00a0 Peso M\u00e9dio do Produto: 300 gramasTamanho do Produto Aproximado: 22 x 22 x 8cm Embalagem:Peso com embalagem medio de envio: 500 gramas Tamanho da Caixa Aproximadado: 30cm x 30cm x 10cm \u00a0 O\u00a0Pote de Capim Dourado\u00a0\u00e9 uma pe\u00e7a artesanal feita \u00e0 m\u00e3o com hastes naturais do capim dourado, s\u00edmbolo do artesanato tocantinense.Seu brilho natural [&hellip;]<\/p>\n","protected":false},"featured_media":6526,"comment_status":"open","ping_status":"closed","template":"","meta":{"_gspb_post_css":"","_uag_custom_page_level_css":""},"product_brand":[],"product_cat":[59],"product_tag":[],"class_list":{"0":"post-6527","1":"product","2":"type-product","3":"status-publish","4":"has-post-thumbnail","6":"product_cat-caixas","8":"first","9":"instock","10":"shipping-taxable","11":"purchasable","12":"product-type-simple"},"aioseo_notices":[],"ct_brands":[],"uagb_featured_image_src":{"full":["https:\/\/artesanatodotocantins.com.br\/wp-content\/uploads\/2025\/11\/15279404200-whatsapp-image-2024-06-18-at-10-55-17-3.jpeg",1600,1596,false],"thumbnail":["https:\/\/artesanatodotocantins.com.br\/wp-content\/uploads\/2025\/11\/15279404200-whatsapp-image-2024-06-18-at-10-55-17-3-150x150.jpeg",150,150,true],"medium":["https:\/\/artesanatodotocantins.com.br\/wp-content\/uploads\/2025\/11\/15279404200-whatsapp-image-2024-06-18-at-10-55-17-3-300x300.jpeg",300,300,true],"medium_large":["https:\/\/artesanatodotocantins.com.br\/wp-content\/uploads\/2025\/11\/15279404200-whatsapp-image-2024-06-18-at-10-55-17-3-768x766.jpeg",768,766,true],"large":["https:\/\/artesanatodotocantins.com.br\/wp-content\/uploads\/2025\/11\/15279404200-whatsapp-image-2024-06-18-at-10-55-17-3-1024x1021.jpeg",1024,1021,true],"1536x1536":["https:\/\/artesanatodotocantins.com.br\/wp-content\/uploads\/2025\/11\/15279404200-whatsapp-image-2024-06-18-at-10-55-17-3-1536x1532.jpeg",1536,1532,true],"2048x2048":["https:\/\/artesanatodotocantins.com.br\/wp-content\/uploads\/2025\/11\/15279404200-whatsapp-image-2024-06-18-at-10-55-17-3.jpeg",1600,1596,false],"trp-custom-language-flag":["https:\/\/artesanatodotocantins.com.br\/wp-content\/uploads\/2025\/11\/15279404200-whatsapp-image-2024-06-18-at-10-55-17-3-12x12.jpeg",12,12,true],"woocommerce_archive_thumbnail":["https:\/\/artesanatodotocantins.com.br\/wp-content\/uploads\/2025\/11\/15279404200-whatsapp-image-2024-06-18-at-10-55-17-3-500x499.jpeg",500,499,true],"woocommerce_thumbnail":["https:\/\/artesanatodotocantins.com.br\/wp-content\/uploads\/2025\/11\/15279404200-whatsapp-image-2024-06-18-at-10-55-17-3-300x300.jpeg",300,300,true],"woocommerce_single":["https:\/\/artesanatodotocantins.com.br\/wp-content\/uploads\/2025\/11\/15279404200-whatsapp-image-2024-06-18-at-10-55-17-3-800x798.jpeg",800,798,true],"woocommerce_gallery_thumbnail":["https:\/\/artesanatodotocantins.com.br\/wp-content\/uploads\/2025\/11\/15279404200-whatsapp-image-2024-06-18-at-10-55-17-3-300x300.jpeg",300,300,true]},"uagb_author_info":{"display_name":"GEOVANNE MACHADO","author_link":"https:\/\/artesanatodotocantins.com.br\/en\/author\/"},"uagb_comment_info":0,"uagb_excerpt":"Produto:\u00a0 Peso M\u00e9dio do Produto: 300 gramasTamanho do Produto Aproximado: 22 x 22 x 8cm Embalagem:Peso com embalagem medio de envio: 500 gramas Tamanho da Caixa Aproximadado: 30cm x 30cm x 10cm \u00a0 O\u00a0Pote de Capim Dourado\u00a0\u00e9 uma pe\u00e7a artesanal feita \u00e0 m\u00e3o com hastes naturais do capim dourado, s\u00edmbolo do artesanato tocantinense.Seu brilho natural&hellip;","_links":{"self":[{"href":"https:\/\/artesanatodotocantins.com.br\/en\/wp-json\/wp\/v2\/product\/6527","targetHints":{"allow":["GET"]}}],"collection":[{"href":"https:\/\/artesanatodotocantins.com.br\/en\/wp-json\/wp\/v2\/product"}],"about":[{"href":"https:\/\/artesanatodotocantins.com.br\/en\/wp-json\/wp\/v2\/types\/product"}],"replies":[{"embeddable":true,"href":"https:\/\/artesanatodotocantins.com.br\/en\/wp-json\/wp\/v2\/comments?post=6527"}],"wp:featuredmedia":[{"embeddable":true,"href":"https:\/\/artesanatodotocantins.com.br\/en\/wp-json\/wp\/v2\/media\/6526"}],"wp:attachment":[{"href":"https:\/\/artesanatodotocantins.com.br\/en\/wp-json\/wp\/v2\/media?parent=6527"}],"wp:term":[{"taxonomy":"product_brand","embeddable":true,"href":"https:\/\/artesanatodotocantins.com.br\/en\/wp-json\/wp\/v2\/product_brand?post=6527"},{"taxonomy":"product_cat","embeddable":true,"href":"https:\/\/artesanatodotocantins.com.br\/en\/wp-json\/wp\/v2\/product_cat?post=6527"},{"taxonomy":"product_tag","embeddable":true,"href":"https:\/\/artesanatodotocantins.com.br\/en\/wp-json\/wp\/v2\/product_tag?post=6527"}],"curies":[{"name":"wp","href":"https:\/\/api.w.org\/{rel}","templated":true}]}}