{"id":6536,"date":"2025-11-27T13:27:23","date_gmt":"2025-11-27T13:27:23","guid":{"rendered":"https:\/\/artesanatodotocantins.com.br\/product\/bandeja-de-capim-dourado-linha-dourada19-x-5cm\/"},"modified":"2026-03-13T18:59:24","modified_gmt":"2026-03-13T18:59:24","slug":"bandeja-de-capim-dourado-linha-dourada19-x-5cm","status":"publish","type":"product","link":"https:\/\/artesanatodotocantins.com.br\/en\/product\/bandeja-de-capim-dourado-linha-dourada19-x-5cm\/","title":{"rendered":"Bandeja de Capim Dourado Linha Dourada 19 x 5cm"},"content":{"rendered":"<p>Produto:\u00a0<\/p>\n<p>Peso M\u00e9dio do Produto: 100 gramas<br \/>Tamanho pode Variar : 19 x 19 x 5cm<\/p>\n<p>Embalagem:<br \/>Peso com embalagem medio de envio: 300 gramas<\/p>\n<p>Tamanho da Caixa Aproximadado: 30 x 30 x 10cm<\/p>\n<p>\u00a0<\/p>\n<p data-start=\"200\" data-end=\"507\">A <strong data-start=\"202\" data-end=\"230\">Bandeja de Capim Dourado<\/strong> \u00e9 uma pe\u00e7a artesanal elegante e funcional, produzida manualmente com capim dourado natural do Jalap\u00e3o. Seu tran\u00e7ado firme e acabamento impec\u00e1vel destacam o brilho caracter\u00edstico do capim, tornando a bandeja ideal para decorar ambientes, organizar objetos ou servir com estilo.<\/p>\n<p>\u00a0<\/p>\n<p data-start=\"509\" data-end=\"731\">Perfeita para mesas, aparadores, escrit\u00f3rios e espa\u00e7os aconchegantes, a pe\u00e7a une beleza natural, durabilidade e tradi\u00e7\u00e3o artesanal. Cada bandeja \u00e9 \u00fanica, feita \u00e0 m\u00e3o por artes\u00e3os que preservam t\u00e9cnicas culturais da regi\u00e3o.<\/p>","protected":false},"excerpt":{"rendered":"<p>Produto:\u00a0 Peso M\u00e9dio do Produto: 100 gramasTamanho pode Variar : 19 x 19 x 5cm Embalagem:Peso com embalagem medio de envio: 300 gramas Tamanho da Caixa Aproximadado: 30 x 30 x 10cm \u00a0 A Bandeja de Capim Dourado \u00e9 uma pe\u00e7a artesanal elegante e funcional, produzida manualmente com capim dourado natural do Jalap\u00e3o. Seu tran\u00e7ado [&hellip;]<\/p>\n","protected":false},"featured_media":6535,"comment_status":"open","ping_status":"closed","template":"","meta":{"_gspb_post_css":"","_uag_custom_page_level_css":""},"product_brand":[],"product_cat":[56],"product_tag":[],"class_list":{"0":"post-6536","1":"product","2":"type-product","3":"status-publish","4":"has-post-thumbnail","6":"product_cat-bandejas","8":"first","9":"instock","10":"shipping-taxable","11":"purchasable","12":"product-type-simple"},"aioseo_notices":[],"ct_brands":[],"uagb_featured_image_src":{"full":["https:\/\/artesanatodotocantins.com.br\/wp-content\/uploads\/2025\/11\/15373818085-whatsapp-image-2025-09-04-at-17-52-03.jpeg",1496,1496,false],"thumbnail":["https:\/\/artesanatodotocantins.com.br\/wp-content\/uploads\/2025\/11\/15373818085-whatsapp-image-2025-09-04-at-17-52-03-150x150.jpeg",150,150,true],"medium":["https:\/\/artesanatodotocantins.com.br\/wp-content\/uploads\/2025\/11\/15373818085-whatsapp-image-2025-09-04-at-17-52-03-300x300.jpeg",300,300,true],"medium_large":["https:\/\/artesanatodotocantins.com.br\/wp-content\/uploads\/2025\/11\/15373818085-whatsapp-image-2025-09-04-at-17-52-03-768x768.jpeg",768,768,true],"large":["https:\/\/artesanatodotocantins.com.br\/wp-content\/uploads\/2025\/11\/15373818085-whatsapp-image-2025-09-04-at-17-52-03-1024x1024.jpeg",1024,1024,true],"1536x1536":["https:\/\/artesanatodotocantins.com.br\/wp-content\/uploads\/2025\/11\/15373818085-whatsapp-image-2025-09-04-at-17-52-03.jpeg",1496,1496,false],"2048x2048":["https:\/\/artesanatodotocantins.com.br\/wp-content\/uploads\/2025\/11\/15373818085-whatsapp-image-2025-09-04-at-17-52-03.jpeg",1496,1496,false],"trp-custom-language-flag":["https:\/\/artesanatodotocantins.com.br\/wp-content\/uploads\/2025\/11\/15373818085-whatsapp-image-2025-09-04-at-17-52-03-12x12.jpeg",12,12,true],"woocommerce_archive_thumbnail":["https:\/\/artesanatodotocantins.com.br\/wp-content\/uploads\/2025\/11\/15373818085-whatsapp-image-2025-09-04-at-17-52-03-500x500.jpeg",500,500,true],"woocommerce_thumbnail":["https:\/\/artesanatodotocantins.com.br\/wp-content\/uploads\/2025\/11\/15373818085-whatsapp-image-2025-09-04-at-17-52-03-300x300.jpeg",300,300,true],"woocommerce_single":["https:\/\/artesanatodotocantins.com.br\/wp-content\/uploads\/2025\/11\/15373818085-whatsapp-image-2025-09-04-at-17-52-03-800x800.jpeg",800,800,true],"woocommerce_gallery_thumbnail":["https:\/\/artesanatodotocantins.com.br\/wp-content\/uploads\/2025\/11\/15373818085-whatsapp-image-2025-09-04-at-17-52-03-300x300.jpeg",300,300,true]},"uagb_author_info":{"display_name":"GEOVANNE MACHADO","author_link":"https:\/\/artesanatodotocantins.com.br\/en\/author\/"},"uagb_comment_info":0,"uagb_excerpt":"Produto:\u00a0 Peso M\u00e9dio do Produto: 100 gramasTamanho pode Variar : 19 x 19 x 5cm Embalagem:Peso com embalagem medio de envio: 300 gramas Tamanho da Caixa Aproximadado: 30 x 30 x 10cm \u00a0 A Bandeja de Capim Dourado \u00e9 uma pe\u00e7a artesanal elegante e funcional, produzida manualmente com capim dourado natural do Jalap\u00e3o. Seu tran\u00e7ado&hellip;","_links":{"self":[{"href":"https:\/\/artesanatodotocantins.com.br\/en\/wp-json\/wp\/v2\/product\/6536","targetHints":{"allow":["GET"]}}],"collection":[{"href":"https:\/\/artesanatodotocantins.com.br\/en\/wp-json\/wp\/v2\/product"}],"about":[{"href":"https:\/\/artesanatodotocantins.com.br\/en\/wp-json\/wp\/v2\/types\/product"}],"replies":[{"embeddable":true,"href":"https:\/\/artesanatodotocantins.com.br\/en\/wp-json\/wp\/v2\/comments?post=6536"}],"wp:featuredmedia":[{"embeddable":true,"href":"https:\/\/artesanatodotocantins.com.br\/en\/wp-json\/wp\/v2\/media\/6535"}],"wp:attachment":[{"href":"https:\/\/artesanatodotocantins.com.br\/en\/wp-json\/wp\/v2\/media?parent=6536"}],"wp:term":[{"taxonomy":"product_brand","embeddable":true,"href":"https:\/\/artesanatodotocantins.com.br\/en\/wp-json\/wp\/v2\/product_brand?post=6536"},{"taxonomy":"product_cat","embeddable":true,"href":"https:\/\/artesanatodotocantins.com.br\/en\/wp-json\/wp\/v2\/product_cat?post=6536"},{"taxonomy":"product_tag","embeddable":true,"href":"https:\/\/artesanatodotocantins.com.br\/en\/wp-json\/wp\/v2\/product_tag?post=6536"}],"curies":[{"name":"wp","href":"https:\/\/api.w.org\/{rel}","templated":true}]}}