{"id":6644,"date":"2025-12-12T19:24:47","date_gmt":"2025-12-12T19:24:47","guid":{"rendered":"https:\/\/artesanatodotocantins.com.br\/product\/cachaca-palmerinha-700ml\/"},"modified":"2025-12-12T19:36:19","modified_gmt":"2025-12-12T19:36:19","slug":"cachaca-palmerinha-700ml","status":"publish","type":"product","link":"https:\/\/artesanatodotocantins.com.br\/en\/product\/cachaca-palmerinha-700ml\/","title":{"rendered":"Cacha\u00e7a Palmerinha 700ML"},"content":{"rendered":"<p>Produto:\u00a0<\/p>\n<p>Peso M\u00e9dio do Produto: 1150 gramas<\/p>\n<p>Litragem: 700 ML<br \/>Tamanho pode Variar : 28 x 7 x 7cm<\/p>\n<p>Embalagem:<br \/>Peso com embalagem medio de envio: 1500 gramas<\/p>\n<p>Tamanho da Caixa Aproximadado: 35cm x 20cm x 20cm<\/p>\n<p data-start=\"612\" data-end=\"846\">\u00a0<\/p>\n<p data-start=\"234\" data-end=\"569\">A\u00a0<strong data-start=\"236\" data-end=\"260\">Cacha\u00e7a de Alambique<\/strong>\u00a0\u00e9 produzida de forma artesanal, seguindo m\u00e9todos tradicionais que preservam o sabor puro e aut\u00eantico da cana-de-a\u00e7\u00facar. Destilada lentamente em alambiques de cobre, ela apresenta aroma marcante, paladar equilibrado e uma experi\u00eancia sensorial \u00fanica, valorizando a verdadeira ess\u00eancia da cacha\u00e7a Tocantinense.<\/p>","protected":false},"excerpt":{"rendered":"<p>Produto:\u00a0 Peso M\u00e9dio do Produto: 1150 gramas Litragem: 700 MLTamanho pode Variar : 28 x 7 x 7cm Embalagem:Peso com embalagem medio de envio: 1500 gramas Tamanho da Caixa Aproximadado: 35cm x 20cm x 20cm \u00a0 A\u00a0Cacha\u00e7a de Alambique\u00a0\u00e9 produzida de forma artesanal, seguindo m\u00e9todos tradicionais que preservam o sabor puro e aut\u00eantico da cana-de-a\u00e7\u00facar. [&hellip;]<\/p>\n","protected":false},"featured_media":6643,"comment_status":"open","ping_status":"closed","template":"","meta":{"_gspb_post_css":"","_uag_custom_page_level_css":""},"product_brand":[],"product_cat":[71],"product_tag":[],"class_list":{"0":"post-6644","1":"product","2":"type-product","3":"status-publish","4":"has-post-thumbnail","6":"product_cat-bebidas","8":"first","9":"instock","10":"shipping-taxable","11":"purchasable","12":"product-type-variable"},"aioseo_notices":[],"ct_brands":[],"uagb_featured_image_src":{"full":["https:\/\/artesanatodotocantins.com.br\/wp-content\/uploads\/2025\/12\/15311121482-whatsapp-image-2024-11-21-at-09-05-46.jpeg",1496,1496,false],"thumbnail":["https:\/\/artesanatodotocantins.com.br\/wp-content\/uploads\/2025\/12\/15311121482-whatsapp-image-2024-11-21-at-09-05-46-150x150.jpeg",150,150,true],"medium":["https:\/\/artesanatodotocantins.com.br\/wp-content\/uploads\/2025\/12\/15311121482-whatsapp-image-2024-11-21-at-09-05-46-300x300.jpeg",300,300,true],"medium_large":["https:\/\/artesanatodotocantins.com.br\/wp-content\/uploads\/2025\/12\/15311121482-whatsapp-image-2024-11-21-at-09-05-46-768x768.jpeg",768,768,true],"large":["https:\/\/artesanatodotocantins.com.br\/wp-content\/uploads\/2025\/12\/15311121482-whatsapp-image-2024-11-21-at-09-05-46-1024x1024.jpeg",1024,1024,true],"1536x1536":["https:\/\/artesanatodotocantins.com.br\/wp-content\/uploads\/2025\/12\/15311121482-whatsapp-image-2024-11-21-at-09-05-46.jpeg",1496,1496,false],"2048x2048":["https:\/\/artesanatodotocantins.com.br\/wp-content\/uploads\/2025\/12\/15311121482-whatsapp-image-2024-11-21-at-09-05-46.jpeg",1496,1496,false],"trp-custom-language-flag":["https:\/\/artesanatodotocantins.com.br\/wp-content\/uploads\/2025\/12\/15311121482-whatsapp-image-2024-11-21-at-09-05-46-12x12.jpeg",12,12,true],"woocommerce_archive_thumbnail":["https:\/\/artesanatodotocantins.com.br\/wp-content\/uploads\/2025\/12\/15311121482-whatsapp-image-2024-11-21-at-09-05-46-500x500.jpeg",500,500,true],"woocommerce_thumbnail":["https:\/\/artesanatodotocantins.com.br\/wp-content\/uploads\/2025\/12\/15311121482-whatsapp-image-2024-11-21-at-09-05-46-300x300.jpeg",300,300,true],"woocommerce_single":["https:\/\/artesanatodotocantins.com.br\/wp-content\/uploads\/2025\/12\/15311121482-whatsapp-image-2024-11-21-at-09-05-46-800x800.jpeg",800,800,true],"woocommerce_gallery_thumbnail":["https:\/\/artesanatodotocantins.com.br\/wp-content\/uploads\/2025\/12\/15311121482-whatsapp-image-2024-11-21-at-09-05-46-300x300.jpeg",300,300,true]},"uagb_author_info":{"display_name":"GEOVANNE MACHADO","author_link":"https:\/\/artesanatodotocantins.com.br\/en\/author\/"},"uagb_comment_info":0,"uagb_excerpt":"Produto:\u00a0 Peso M\u00e9dio do Produto: 1150 gramas Litragem: 700 MLTamanho pode Variar : 28 x 7 x 7cm Embalagem:Peso com embalagem medio de envio: 1500 gramas Tamanho da Caixa Aproximadado: 35cm x 20cm x 20cm \u00a0 A\u00a0Cacha\u00e7a de Alambique\u00a0\u00e9 produzida de forma artesanal, seguindo m\u00e9todos tradicionais que preservam o sabor puro e aut\u00eantico da cana-de-a\u00e7\u00facar.&hellip;","_links":{"self":[{"href":"https:\/\/artesanatodotocantins.com.br\/en\/wp-json\/wp\/v2\/product\/6644","targetHints":{"allow":["GET"]}}],"collection":[{"href":"https:\/\/artesanatodotocantins.com.br\/en\/wp-json\/wp\/v2\/product"}],"about":[{"href":"https:\/\/artesanatodotocantins.com.br\/en\/wp-json\/wp\/v2\/types\/product"}],"replies":[{"embeddable":true,"href":"https:\/\/artesanatodotocantins.com.br\/en\/wp-json\/wp\/v2\/comments?post=6644"}],"wp:featuredmedia":[{"embeddable":true,"href":"https:\/\/artesanatodotocantins.com.br\/en\/wp-json\/wp\/v2\/media\/6643"}],"wp:attachment":[{"href":"https:\/\/artesanatodotocantins.com.br\/en\/wp-json\/wp\/v2\/media?parent=6644"}],"wp:term":[{"taxonomy":"product_brand","embeddable":true,"href":"https:\/\/artesanatodotocantins.com.br\/en\/wp-json\/wp\/v2\/product_brand?post=6644"},{"taxonomy":"product_cat","embeddable":true,"href":"https:\/\/artesanatodotocantins.com.br\/en\/wp-json\/wp\/v2\/product_cat?post=6644"},{"taxonomy":"product_tag","embeddable":true,"href":"https:\/\/artesanatodotocantins.com.br\/en\/wp-json\/wp\/v2\/product_tag?post=6644"}],"curies":[{"name":"wp","href":"https:\/\/api.w.org\/{rel}","templated":true}]}}