{"id":6682,"date":"2025-12-15T17:32:34","date_gmt":"2025-12-15T17:32:34","guid":{"rendered":"https:\/\/artesanatodotocantins.com.br\/product\/tacinha-de-acrilico\/"},"modified":"2025-12-15T17:32:34","modified_gmt":"2025-12-15T17:32:34","slug":"tacinha-de-acrilico","status":"publish","type":"product","link":"https:\/\/artesanatodotocantins.com.br\/en\/product\/tacinha-de-acrilico\/","title":{"rendered":"Tacinha de Acrilico"},"content":{"rendered":"<p>Produto:\u00a0<\/p>\n<p>Peso M\u00e9dio do Produto: 7 gramas<br \/>Tamanho pode Variar : 4 x 2cm<\/p>\n<p>Embalagem:<br \/>Peso com embalagem medio de envio: 110 gramas<\/p>\n<p>Tamanho da Caixa Aproximadado: 16cm x 6 x 11cm<\/p>\n<p>\u00a0<\/p>\n<p>Copinho de acr\u00edlico produzido em processo industrial, com material leve, resistente e acabamento padronizado. Indicado para uso dom\u00e9stico, eventos, festas ou uso utilit\u00e1rio. Oferece praticidade, durabilidade e f\u00e1cil higieniza\u00e7\u00e3o<\/p>","protected":false},"excerpt":{"rendered":"<p>Produto:\u00a0 Peso M\u00e9dio do Produto: 7 gramasTamanho pode Variar : 4 x 2cm Embalagem:Peso com embalagem medio de envio: 110 gramas Tamanho da Caixa Aproximadado: 16cm x 6 x 11cm \u00a0 Copinho de acr\u00edlico produzido em processo industrial, com material leve, resistente e acabamento padronizado. Indicado para uso dom\u00e9stico, eventos, festas ou uso utilit\u00e1rio. Oferece [&hellip;]<\/p>\n","protected":false},"featured_media":6679,"comment_status":"open","ping_status":"closed","template":"","meta":{"_gspb_post_css":"","_uag_custom_page_level_css":""},"product_brand":[],"product_cat":[71],"product_tag":[],"class_list":{"0":"post-6682","1":"product","2":"type-product","3":"status-publish","4":"has-post-thumbnail","6":"product_cat-bebidas","8":"first","9":"instock","10":"shipping-taxable","11":"purchasable","12":"product-type-simple"},"aioseo_notices":[],"ct_brands":[],"uagb_featured_image_src":{"full":["https:\/\/artesanatodotocantins.com.br\/wp-content\/uploads\/2025\/12\/15356944902-whatsapp-image-2025-06-21-at-11-30-45.jpeg",1496,1496,false],"thumbnail":["https:\/\/artesanatodotocantins.com.br\/wp-content\/uploads\/2025\/12\/15356944902-whatsapp-image-2025-06-21-at-11-30-45-150x150.jpeg",150,150,true],"medium":["https:\/\/artesanatodotocantins.com.br\/wp-content\/uploads\/2025\/12\/15356944902-whatsapp-image-2025-06-21-at-11-30-45-300x300.jpeg",300,300,true],"medium_large":["https:\/\/artesanatodotocantins.com.br\/wp-content\/uploads\/2025\/12\/15356944902-whatsapp-image-2025-06-21-at-11-30-45-768x768.jpeg",768,768,true],"large":["https:\/\/artesanatodotocantins.com.br\/wp-content\/uploads\/2025\/12\/15356944902-whatsapp-image-2025-06-21-at-11-30-45-1024x1024.jpeg",1024,1024,true],"1536x1536":["https:\/\/artesanatodotocantins.com.br\/wp-content\/uploads\/2025\/12\/15356944902-whatsapp-image-2025-06-21-at-11-30-45.jpeg",1496,1496,false],"2048x2048":["https:\/\/artesanatodotocantins.com.br\/wp-content\/uploads\/2025\/12\/15356944902-whatsapp-image-2025-06-21-at-11-30-45.jpeg",1496,1496,false],"trp-custom-language-flag":["https:\/\/artesanatodotocantins.com.br\/wp-content\/uploads\/2025\/12\/15356944902-whatsapp-image-2025-06-21-at-11-30-45-12x12.jpeg",12,12,true],"woocommerce_archive_thumbnail":["https:\/\/artesanatodotocantins.com.br\/wp-content\/uploads\/2025\/12\/15356944902-whatsapp-image-2025-06-21-at-11-30-45-500x500.jpeg",500,500,true],"woocommerce_thumbnail":["https:\/\/artesanatodotocantins.com.br\/wp-content\/uploads\/2025\/12\/15356944902-whatsapp-image-2025-06-21-at-11-30-45-300x300.jpeg",300,300,true],"woocommerce_single":["https:\/\/artesanatodotocantins.com.br\/wp-content\/uploads\/2025\/12\/15356944902-whatsapp-image-2025-06-21-at-11-30-45-800x800.jpeg",800,800,true],"woocommerce_gallery_thumbnail":["https:\/\/artesanatodotocantins.com.br\/wp-content\/uploads\/2025\/12\/15356944902-whatsapp-image-2025-06-21-at-11-30-45-300x300.jpeg",300,300,true]},"uagb_author_info":{"display_name":"GEOVANNE MACHADO","author_link":"https:\/\/artesanatodotocantins.com.br\/en\/author\/"},"uagb_comment_info":0,"uagb_excerpt":"Produto:\u00a0 Peso M\u00e9dio do Produto: 7 gramasTamanho pode Variar : 4 x 2cm Embalagem:Peso com embalagem medio de envio: 110 gramas Tamanho da Caixa Aproximadado: 16cm x 6 x 11cm \u00a0 Copinho de acr\u00edlico produzido em processo industrial, com material leve, resistente e acabamento padronizado. Indicado para uso dom\u00e9stico, eventos, festas ou uso utilit\u00e1rio. Oferece&hellip;","_links":{"self":[{"href":"https:\/\/artesanatodotocantins.com.br\/en\/wp-json\/wp\/v2\/product\/6682","targetHints":{"allow":["GET"]}}],"collection":[{"href":"https:\/\/artesanatodotocantins.com.br\/en\/wp-json\/wp\/v2\/product"}],"about":[{"href":"https:\/\/artesanatodotocantins.com.br\/en\/wp-json\/wp\/v2\/types\/product"}],"replies":[{"embeddable":true,"href":"https:\/\/artesanatodotocantins.com.br\/en\/wp-json\/wp\/v2\/comments?post=6682"}],"wp:featuredmedia":[{"embeddable":true,"href":"https:\/\/artesanatodotocantins.com.br\/en\/wp-json\/wp\/v2\/media\/6679"}],"wp:attachment":[{"href":"https:\/\/artesanatodotocantins.com.br\/en\/wp-json\/wp\/v2\/media?parent=6682"}],"wp:term":[{"taxonomy":"product_brand","embeddable":true,"href":"https:\/\/artesanatodotocantins.com.br\/en\/wp-json\/wp\/v2\/product_brand?post=6682"},{"taxonomy":"product_cat","embeddable":true,"href":"https:\/\/artesanatodotocantins.com.br\/en\/wp-json\/wp\/v2\/product_cat?post=6682"},{"taxonomy":"product_tag","embeddable":true,"href":"https:\/\/artesanatodotocantins.com.br\/en\/wp-json\/wp\/v2\/product_tag?post=6682"}],"curies":[{"name":"wp","href":"https:\/\/api.w.org\/{rel}","templated":true}]}}