{"id":6738,"date":"2026-02-11T17:23:02","date_gmt":"2026-02-11T17:23:02","guid":{"rendered":"https:\/\/artesanatodotocantins.com.br\/product\/porta-copo-de-capim-dourado-fio-dourado-9cm\/"},"modified":"2026-02-11T17:23:27","modified_gmt":"2026-02-11T17:23:27","slug":"porta-copo-de-capim-dourado-fio-dourado-9cm","status":"publish","type":"product","link":"https:\/\/artesanatodotocantins.com.br\/en\/product\/porta-copo-de-capim-dourado-fio-dourado-9cm\/","title":{"rendered":"Porta copo de Capim Dourado Fio Dourado 9cm"},"content":{"rendered":"<p>Produto:\u00a0<\/p>\n<p>Peso M\u00e9dio do Produto: 10 gramas<br \/>Tamanho do Produto Aproximado: 9,5\u00a0 a 10cm x 0,5cm<br \/>Embalagem:<br \/>Peso com embalagem medio de envio: 130 gramas<\/p>\n<p>Tamanho da Caixa Aproximadado: 16cm x 6cm x 11cm<\/p>\n<p>\u00a0<\/p>\n<p><span data-start=\"1197\" data-end=\"1233\">O<\/span><strong data-start=\"1197\" data-end=\"1233\">\u00a0Porta Copo de Capim Dourado Artesanal<\/strong>\u00a0s\u00e3o costurados manualmente\u00a0 por Artes\u00e3s do Jalap\u00e3o e Regi\u00e3o, preservando a tradi\u00e7\u00e3o do artesanato regional e utilizando fibras naturais de forma sustent\u00e1vel. Com brilho dourado caracter\u00edstico e acabamento delicado, cada pe\u00e7a \u00e9 \u00fanica, unindo resist\u00eancia, beleza e autenticidade. Ideal para quem busca objetos que contam hist\u00f3rias e refletem a riqueza cultural do Tocantins.<\/p>","protected":false},"excerpt":{"rendered":"<p>Produto:\u00a0 Peso M\u00e9dio do Produto: 10 gramasTamanho do Produto Aproximado: 9,5\u00a0 a 10cm x 0,5cmEmbalagem:Peso com embalagem medio de envio: 130 gramas Tamanho da Caixa Aproximadado: 16cm x 6cm x 11cm \u00a0 O\u00a0Porta Copo de Capim Dourado Artesanal\u00a0s\u00e3o costurados manualmente\u00a0 por Artes\u00e3s do Jalap\u00e3o e Regi\u00e3o, preservando a tradi\u00e7\u00e3o do artesanato regional e utilizando fibras [&hellip;]<\/p>\n","protected":false},"featured_media":6737,"comment_status":"open","ping_status":"closed","template":"","meta":{"_gspb_post_css":"","_uag_custom_page_level_css":""},"product_brand":[],"product_cat":[62],"product_tag":[],"class_list":{"0":"post-6738","1":"product","2":"type-product","3":"status-publish","4":"has-post-thumbnail","6":"product_cat-mesa-posta","8":"first","9":"instock","10":"shipping-taxable","11":"purchasable","12":"product-type-simple"},"aioseo_notices":[],"ct_brands":[],"uagb_featured_image_src":{"full":["https:\/\/artesanatodotocantins.com.br\/wp-content\/uploads\/2026\/02\/15395862893-15304861969-whatsapp-image-2024-10-09-at-16-56-15-1024x1024-1.jpeg",1024,1024,false],"thumbnail":["https:\/\/artesanatodotocantins.com.br\/wp-content\/uploads\/2026\/02\/15395862893-15304861969-whatsapp-image-2024-10-09-at-16-56-15-1024x1024-1-150x150.jpeg",150,150,true],"medium":["https:\/\/artesanatodotocantins.com.br\/wp-content\/uploads\/2026\/02\/15395862893-15304861969-whatsapp-image-2024-10-09-at-16-56-15-1024x1024-1-300x300.jpeg",300,300,true],"medium_large":["https:\/\/artesanatodotocantins.com.br\/wp-content\/uploads\/2026\/02\/15395862893-15304861969-whatsapp-image-2024-10-09-at-16-56-15-1024x1024-1-768x768.jpeg",768,768,true],"large":["https:\/\/artesanatodotocantins.com.br\/wp-content\/uploads\/2026\/02\/15395862893-15304861969-whatsapp-image-2024-10-09-at-16-56-15-1024x1024-1.jpeg",1024,1024,false],"1536x1536":["https:\/\/artesanatodotocantins.com.br\/wp-content\/uploads\/2026\/02\/15395862893-15304861969-whatsapp-image-2024-10-09-at-16-56-15-1024x1024-1.jpeg",1024,1024,false],"2048x2048":["https:\/\/artesanatodotocantins.com.br\/wp-content\/uploads\/2026\/02\/15395862893-15304861969-whatsapp-image-2024-10-09-at-16-56-15-1024x1024-1.jpeg",1024,1024,false],"trp-custom-language-flag":["https:\/\/artesanatodotocantins.com.br\/wp-content\/uploads\/2026\/02\/15395862893-15304861969-whatsapp-image-2024-10-09-at-16-56-15-1024x1024-1-12x12.jpeg",12,12,true],"woocommerce_archive_thumbnail":["https:\/\/artesanatodotocantins.com.br\/wp-content\/uploads\/2026\/02\/15395862893-15304861969-whatsapp-image-2024-10-09-at-16-56-15-1024x1024-1-500x500.jpeg",500,500,true],"woocommerce_thumbnail":["https:\/\/artesanatodotocantins.com.br\/wp-content\/uploads\/2026\/02\/15395862893-15304861969-whatsapp-image-2024-10-09-at-16-56-15-1024x1024-1-300x300.jpeg",300,300,true],"woocommerce_single":["https:\/\/artesanatodotocantins.com.br\/wp-content\/uploads\/2026\/02\/15395862893-15304861969-whatsapp-image-2024-10-09-at-16-56-15-1024x1024-1-800x800.jpeg",800,800,true],"woocommerce_gallery_thumbnail":["https:\/\/artesanatodotocantins.com.br\/wp-content\/uploads\/2026\/02\/15395862893-15304861969-whatsapp-image-2024-10-09-at-16-56-15-1024x1024-1-300x300.jpeg",300,300,true]},"uagb_author_info":{"display_name":"GEOVANNE MACHADO","author_link":"https:\/\/artesanatodotocantins.com.br\/en\/author\/"},"uagb_comment_info":0,"uagb_excerpt":"Produto:\u00a0 Peso M\u00e9dio do Produto: 10 gramasTamanho do Produto Aproximado: 9,5\u00a0 a 10cm x 0,5cmEmbalagem:Peso com embalagem medio de envio: 130 gramas Tamanho da Caixa Aproximadado: 16cm x 6cm x 11cm \u00a0 O\u00a0Porta Copo de Capim Dourado Artesanal\u00a0s\u00e3o costurados manualmente\u00a0 por Artes\u00e3s do Jalap\u00e3o e Regi\u00e3o, preservando a tradi\u00e7\u00e3o do artesanato regional e utilizando fibras&hellip;","_links":{"self":[{"href":"https:\/\/artesanatodotocantins.com.br\/en\/wp-json\/wp\/v2\/product\/6738","targetHints":{"allow":["GET"]}}],"collection":[{"href":"https:\/\/artesanatodotocantins.com.br\/en\/wp-json\/wp\/v2\/product"}],"about":[{"href":"https:\/\/artesanatodotocantins.com.br\/en\/wp-json\/wp\/v2\/types\/product"}],"replies":[{"embeddable":true,"href":"https:\/\/artesanatodotocantins.com.br\/en\/wp-json\/wp\/v2\/comments?post=6738"}],"wp:featuredmedia":[{"embeddable":true,"href":"https:\/\/artesanatodotocantins.com.br\/en\/wp-json\/wp\/v2\/media\/6737"}],"wp:attachment":[{"href":"https:\/\/artesanatodotocantins.com.br\/en\/wp-json\/wp\/v2\/media?parent=6738"}],"wp:term":[{"taxonomy":"product_brand","embeddable":true,"href":"https:\/\/artesanatodotocantins.com.br\/en\/wp-json\/wp\/v2\/product_brand?post=6738"},{"taxonomy":"product_cat","embeddable":true,"href":"https:\/\/artesanatodotocantins.com.br\/en\/wp-json\/wp\/v2\/product_cat?post=6738"},{"taxonomy":"product_tag","embeddable":true,"href":"https:\/\/artesanatodotocantins.com.br\/en\/wp-json\/wp\/v2\/product_tag?post=6738"}],"curies":[{"name":"wp","href":"https:\/\/api.w.org\/{rel}","templated":true}]}}