{"id":6801,"date":"2026-03-13T16:07:54","date_gmt":"2026-03-13T16:07:54","guid":{"rendered":"https:\/\/artesanatodotocantins.com.br\/product\/vasinho-de-ceramica-fauna-tocantins\/"},"modified":"2026-03-13T16:11:03","modified_gmt":"2026-03-13T16:11:03","slug":"vasinho-de-ceramica-fauna-tocantins","status":"publish","type":"product","link":"https:\/\/artesanatodotocantins.com.br\/en\/product\/vasinho-de-ceramica-fauna-tocantins\/","title":{"rendered":"Vasinho de Ceramica Fauna Tocantins"},"content":{"rendered":"<p>Produto:\u00a0<\/p>\n<p>Peso M\u00e9dio do Produto: 70 gramas<br \/>Tamanho: Pode variar entre 1 a 2 Cm\u00a0<\/p>\n<p>Embalagem:<br \/>Peso com embalagem medio de envio: 200 gramas<\/p>\n<p>Tamanho da Caixa Aproximadado: 16cm x 11cm x 6cm<\/p>\n<p>\u00a0<\/p>\n<p>As\u00a0<strong data-start=\"439\" data-end=\"471\">Pe\u00e7as Artesanais de Cer\u00e2mica<\/strong>\u00a0s\u00e3o produzidas manualmente, utilizando t\u00e9cnicas tradicionais do artesanato brasileiro.<br data-start=\"583\" data-end=\"586\" \/>Cada pe\u00e7a \u00e9 moldada e queimada cuidadosamente, resultando em um acabamento r\u00fastico, resistente e totalmente aut\u00eantico.<br data-start=\"704\" data-end=\"707\" \/>Por serem feitas \u00e0 m\u00e3o, nenhuma pe\u00e7a \u00e9 igual \u00e0 outra \u2014 cada uma carrega marcas \u00fanicas do processo artesanal, valorizando a cultura regional e o trabalho do artes\u00e3o.<\/p>","protected":false},"excerpt":{"rendered":"<p>Produto:\u00a0 Peso M\u00e9dio do Produto: 70 gramasTamanho: Pode variar entre 1 a 2 Cm\u00a0 Embalagem:Peso com embalagem medio de envio: 200 gramas Tamanho da Caixa Aproximadado: 16cm x 11cm x 6cm \u00a0 As\u00a0Pe\u00e7as Artesanais de Cer\u00e2mica\u00a0s\u00e3o produzidas manualmente, utilizando t\u00e9cnicas tradicionais do artesanato brasileiro.Cada pe\u00e7a \u00e9 moldada e queimada cuidadosamente, resultando em um acabamento r\u00fastico, [&hellip;]<\/p>\n","protected":false},"featured_media":6800,"comment_status":"open","ping_status":"closed","template":"","meta":{"_gspb_post_css":"","_uag_custom_page_level_css":""},"product_brand":[],"product_cat":[66],"product_tag":[],"class_list":{"0":"post-6801","1":"product","2":"type-product","3":"status-publish","4":"has-post-thumbnail","6":"product_cat-ceramicas","8":"first","9":"instock","10":"shipping-taxable","11":"purchasable","12":"product-type-variable"},"aioseo_notices":[],"ct_brands":[],"uagb_featured_image_src":{"full":["https:\/\/artesanatodotocantins.com.br\/wp-content\/uploads\/2026\/03\/15493821006-whatsapp-image-2026-03-13-at-12-39-47.jpeg",1024,1024,false],"thumbnail":["https:\/\/artesanatodotocantins.com.br\/wp-content\/uploads\/2026\/03\/15493821006-whatsapp-image-2026-03-13-at-12-39-47-150x150.jpeg",150,150,true],"medium":["https:\/\/artesanatodotocantins.com.br\/wp-content\/uploads\/2026\/03\/15493821006-whatsapp-image-2026-03-13-at-12-39-47-300x300.jpeg",300,300,true],"medium_large":["https:\/\/artesanatodotocantins.com.br\/wp-content\/uploads\/2026\/03\/15493821006-whatsapp-image-2026-03-13-at-12-39-47-768x768.jpeg",768,768,true],"large":["https:\/\/artesanatodotocantins.com.br\/wp-content\/uploads\/2026\/03\/15493821006-whatsapp-image-2026-03-13-at-12-39-47.jpeg",1024,1024,false],"1536x1536":["https:\/\/artesanatodotocantins.com.br\/wp-content\/uploads\/2026\/03\/15493821006-whatsapp-image-2026-03-13-at-12-39-47.jpeg",1024,1024,false],"2048x2048":["https:\/\/artesanatodotocantins.com.br\/wp-content\/uploads\/2026\/03\/15493821006-whatsapp-image-2026-03-13-at-12-39-47.jpeg",1024,1024,false],"trp-custom-language-flag":["https:\/\/artesanatodotocantins.com.br\/wp-content\/uploads\/2026\/03\/15493821006-whatsapp-image-2026-03-13-at-12-39-47-12x12.jpeg",12,12,true],"woocommerce_archive_thumbnail":["https:\/\/artesanatodotocantins.com.br\/wp-content\/uploads\/2026\/03\/15493821006-whatsapp-image-2026-03-13-at-12-39-47-500x500.jpeg",500,500,true],"woocommerce_thumbnail":["https:\/\/artesanatodotocantins.com.br\/wp-content\/uploads\/2026\/03\/15493821006-whatsapp-image-2026-03-13-at-12-39-47-300x300.jpeg",300,300,true],"woocommerce_single":["https:\/\/artesanatodotocantins.com.br\/wp-content\/uploads\/2026\/03\/15493821006-whatsapp-image-2026-03-13-at-12-39-47-800x800.jpeg",800,800,true],"woocommerce_gallery_thumbnail":["https:\/\/artesanatodotocantins.com.br\/wp-content\/uploads\/2026\/03\/15493821006-whatsapp-image-2026-03-13-at-12-39-47-300x300.jpeg",300,300,true]},"uagb_author_info":{"display_name":"GEOVANNE MACHADO","author_link":"https:\/\/artesanatodotocantins.com.br\/en\/author\/"},"uagb_comment_info":0,"uagb_excerpt":"Produto:\u00a0 Peso M\u00e9dio do Produto: 70 gramasTamanho: Pode variar entre 1 a 2 Cm\u00a0 Embalagem:Peso com embalagem medio de envio: 200 gramas Tamanho da Caixa Aproximadado: 16cm x 11cm x 6cm \u00a0 As\u00a0Pe\u00e7as Artesanais de Cer\u00e2mica\u00a0s\u00e3o produzidas manualmente, utilizando t\u00e9cnicas tradicionais do artesanato brasileiro.Cada pe\u00e7a \u00e9 moldada e queimada cuidadosamente, resultando em um acabamento r\u00fastico,&hellip;","_links":{"self":[{"href":"https:\/\/artesanatodotocantins.com.br\/en\/wp-json\/wp\/v2\/product\/6801","targetHints":{"allow":["GET"]}}],"collection":[{"href":"https:\/\/artesanatodotocantins.com.br\/en\/wp-json\/wp\/v2\/product"}],"about":[{"href":"https:\/\/artesanatodotocantins.com.br\/en\/wp-json\/wp\/v2\/types\/product"}],"replies":[{"embeddable":true,"href":"https:\/\/artesanatodotocantins.com.br\/en\/wp-json\/wp\/v2\/comments?post=6801"}],"wp:featuredmedia":[{"embeddable":true,"href":"https:\/\/artesanatodotocantins.com.br\/en\/wp-json\/wp\/v2\/media\/6800"}],"wp:attachment":[{"href":"https:\/\/artesanatodotocantins.com.br\/en\/wp-json\/wp\/v2\/media?parent=6801"}],"wp:term":[{"taxonomy":"product_brand","embeddable":true,"href":"https:\/\/artesanatodotocantins.com.br\/en\/wp-json\/wp\/v2\/product_brand?post=6801"},{"taxonomy":"product_cat","embeddable":true,"href":"https:\/\/artesanatodotocantins.com.br\/en\/wp-json\/wp\/v2\/product_cat?post=6801"},{"taxonomy":"product_tag","embeddable":true,"href":"https:\/\/artesanatodotocantins.com.br\/en\/wp-json\/wp\/v2\/product_tag?post=6801"}],"curies":[{"name":"wp","href":"https:\/\/api.w.org\/{rel}","templated":true}]}}