{"id":6971,"date":"2026-04-20T14:58:59","date_gmt":"2026-04-20T14:58:59","guid":{"rendered":"https:\/\/artesanatodotocantins.com.br\/product\/colar-de-capim-dourado-voltas\/"},"modified":"2026-04-20T14:58:59","modified_gmt":"2026-04-20T14:58:59","slug":"colar-de-capim-dourado-voltas","status":"publish","type":"product","link":"https:\/\/artesanatodotocantins.com.br\/en\/product\/colar-de-capim-dourado-voltas\/","title":{"rendered":"Colar de Capim Dourado Voltas"},"content":{"rendered":"","protected":false},"excerpt":{"rendered":"<p>Produto:\u00a0<\/p>\n<p>Peso M\u00e9dio do Produto: 120 gramas<br \/>Tamanho do Produto Aproximado:<br \/>Embalagem:<br \/>Peso com embalagem medio de envio: 250 gramas<\/p>\n<p>Tamanho da Caixa Aproximadado: 16cm x 6cm x 11cm<\/p>\n<p>\u00a0<\/p>\n<p>O\u00a0<strong data-start=\"757\" data-end=\"793\">Colar Artesanal<\/strong>\u00a0de capim dourado com materiais complementares, resultando em uma pe\u00e7a \u00fanica e sofisticada. Feito \u00e0 m\u00e3o por artes\u00e3s do Tocantins, cada colar reflete exclusividade, Leveza e elegancia. \u00e9 perfeito para quem valoriza a beleza natural e deseja carregar um peda\u00e7o da cultura brasileira em seu estilo.<\/p>","protected":false},"featured_media":6970,"comment_status":"open","ping_status":"closed","template":"","meta":{"_uag_custom_page_level_css":""},"product_brand":[],"product_cat":[72],"product_tag":[],"class_list":{"0":"post-6971","1":"product","2":"type-product","3":"status-publish","4":"has-post-thumbnail","6":"product_cat-colares-capim-dourado","8":"first","9":"instock","10":"shipping-taxable","11":"purchasable","12":"product-type-simple"},"aioseo_notices":[],"ct_brands":[],"uagb_featured_image_src":{"full":["https:\/\/artesanatodotocantins.com.br\/wp-content\/uploads\/2026\/04\/15525938471-whatsapp-image-2026-04-20-at-11-07-51.jpeg",1200,1600,false],"thumbnail":["https:\/\/artesanatodotocantins.com.br\/wp-content\/uploads\/2026\/04\/15525938471-whatsapp-image-2026-04-20-at-11-07-51-150x150.jpeg",150,150,true],"medium":["https:\/\/artesanatodotocantins.com.br\/wp-content\/uploads\/2026\/04\/15525938471-whatsapp-image-2026-04-20-at-11-07-51-225x300.jpeg",225,300,true],"medium_large":["https:\/\/artesanatodotocantins.com.br\/wp-content\/uploads\/2026\/04\/15525938471-whatsapp-image-2026-04-20-at-11-07-51-768x1024.jpeg",768,1024,true],"large":["https:\/\/artesanatodotocantins.com.br\/wp-content\/uploads\/2026\/04\/15525938471-whatsapp-image-2026-04-20-at-11-07-51-768x1024.jpeg",768,1024,true],"1536x1536":["https:\/\/artesanatodotocantins.com.br\/wp-content\/uploads\/2026\/04\/15525938471-whatsapp-image-2026-04-20-at-11-07-51-1152x1536.jpeg",1152,1536,true],"2048x2048":["https:\/\/artesanatodotocantins.com.br\/wp-content\/uploads\/2026\/04\/15525938471-whatsapp-image-2026-04-20-at-11-07-51.jpeg",1200,1600,false],"trp-custom-language-flag":["https:\/\/artesanatodotocantins.com.br\/wp-content\/uploads\/2026\/04\/15525938471-whatsapp-image-2026-04-20-at-11-07-51-9x12.jpeg",9,12,true],"woocommerce_archive_thumbnail":["https:\/\/artesanatodotocantins.com.br\/wp-content\/uploads\/2026\/04\/15525938471-whatsapp-image-2026-04-20-at-11-07-51-500x667.jpeg",500,667,true],"woocommerce_thumbnail":["https:\/\/artesanatodotocantins.com.br\/wp-content\/uploads\/2026\/04\/15525938471-whatsapp-image-2026-04-20-at-11-07-51-300x300.jpeg",300,300,true],"woocommerce_single":["https:\/\/artesanatodotocantins.com.br\/wp-content\/uploads\/2026\/04\/15525938471-whatsapp-image-2026-04-20-at-11-07-51-800x1067.jpeg",800,1067,true],"woocommerce_gallery_thumbnail":["https:\/\/artesanatodotocantins.com.br\/wp-content\/uploads\/2026\/04\/15525938471-whatsapp-image-2026-04-20-at-11-07-51-300x300.jpeg",300,300,true]},"uagb_author_info":{"display_name":"GEOVANNE MACHADO","author_link":"https:\/\/artesanatodotocantins.com.br\/en\/author\/"},"uagb_comment_info":0,"uagb_excerpt":"Produto:\u00a0 Peso M\u00e9dio do Produto: 120 gramasTamanho do Produto Aproximado:Embalagem:Peso com embalagem medio de envio: 250 gramas Tamanho da Caixa Aproximadado: 16cm x 6cm x 11cm \u00a0 O\u00a0Colar Artesanal\u00a0de capim dourado com materiais complementares, resultando em uma pe\u00e7a \u00fanica e sofisticada. Feito \u00e0 m\u00e3o por artes\u00e3s do Tocantins, cada colar reflete exclusividade, Leveza e elegancia.&hellip;","_links":{"self":[{"href":"https:\/\/artesanatodotocantins.com.br\/en\/wp-json\/wp\/v2\/product\/6971","targetHints":{"allow":["GET"]}}],"collection":[{"href":"https:\/\/artesanatodotocantins.com.br\/en\/wp-json\/wp\/v2\/product"}],"about":[{"href":"https:\/\/artesanatodotocantins.com.br\/en\/wp-json\/wp\/v2\/types\/product"}],"replies":[{"embeddable":true,"href":"https:\/\/artesanatodotocantins.com.br\/en\/wp-json\/wp\/v2\/comments?post=6971"}],"wp:featuredmedia":[{"embeddable":true,"href":"https:\/\/artesanatodotocantins.com.br\/en\/wp-json\/wp\/v2\/media\/6970"}],"wp:attachment":[{"href":"https:\/\/artesanatodotocantins.com.br\/en\/wp-json\/wp\/v2\/media?parent=6971"}],"wp:term":[{"taxonomy":"product_brand","embeddable":true,"href":"https:\/\/artesanatodotocantins.com.br\/en\/wp-json\/wp\/v2\/product_brand?post=6971"},{"taxonomy":"product_cat","embeddable":true,"href":"https:\/\/artesanatodotocantins.com.br\/en\/wp-json\/wp\/v2\/product_cat?post=6971"},{"taxonomy":"product_tag","embeddable":true,"href":"https:\/\/artesanatodotocantins.com.br\/en\/wp-json\/wp\/v2\/product_tag?post=6971"}],"curies":[{"name":"wp","href":"https:\/\/api.w.org\/{rel}","templated":true}]}}